{"id":6578,"date":"2025-02-18T10:43:26","date_gmt":"2025-02-18T09:43:26","guid":{"rendered":"https:\/\/parkingleipzig.de\/impressum\/"},"modified":"2025-06-08T18:50:52","modified_gmt":"2025-06-08T16:50:52","slug":"impressum","status":"publish","type":"page","link":"https:\/\/parkingleipzig.de\/pl\/impressum\/","title":{"rendered":"Impressum"},"content":{"rendered":"\t\t<div data-elementor-type=\"wp-page\" data-elementor-id=\"6578\" class=\"elementor elementor-6578 elementor-4891\">\n\t\t\t\t\t\t<section class=\"elementor-section elementor-top-section elementor-element elementor-element-b57b29d elementor-section-stretched prt-column-break-ipad-yes prt-col-stretched-none elementor-section-boxed elementor-section-height-default elementor-section-height-default\" data-id=\"b57b29d\" data-element_type=\"section\" data-e-type=\"section\" data-settings=\"{&quot;stretch_section&quot;:&quot;section-stretched&quot;}\">\n\t\t\t\t\t\t<div class=\"elementor-container elementor-column-gap-no\">\n\t\t\t\t\t<div class=\"elementor-column elementor-col-100 elementor-top-column elementor-element elementor-element-41b632d\" data-id=\"41b632d\" data-element_type=\"column\" data-e-type=\"column\">\n\t\t\t<div class=\"elementor-widget-wrap elementor-element-populated\">\n\t\t\t\t\t\t<section class=\"elementor-section elementor-inner-section elementor-element elementor-element-35dc5d8 prt-column-break-ipad-no prt-col-stretched-none elementor-section-boxed elementor-section-height-default elementor-section-height-default\" data-id=\"35dc5d8\" data-element_type=\"section\" data-e-type=\"section\">\n\t\t\t\t\t\t<div class=\"elementor-container elementor-column-gap-no\">\n\t\t\t\t\t<div class=\"elementor-column elementor-col-100 elementor-inner-column elementor-element elementor-element-2c8178b\" data-id=\"2c8178b\" data-element_type=\"column\" data-e-type=\"column\">\n\t\t\t<div class=\"elementor-widget-wrap elementor-element-populated\">\n\t\t\t\t\t\t<div class=\"elementor-element elementor-element-00d1723 prt-align-center elementor-widget elementor-widget-prt_heading\" data-id=\"00d1723\" data-element_type=\"widget\" data-e-type=\"widget\" data-widget_type=\"prt_heading.default\">\n\t\t\t\t<div class=\"elementor-widget-container\">\n\t\t\t\t\t<div class=\"prt-element-heading-content-wrapper center-align prt-reverse-heading-yes prt-seperator-solid  prt-heading-style-vertical \"><div class=\"prt-content-header\"><h4 class=\"prt-element-subheading\">\n\t\t\t\tRechtliche Informationen\n\t\t\t<\/h4>\n\t\t<\/div><\/div>\t\t\t\t<\/div>\n\t\t\t\t<\/div>\n\t\t\t\t\t<\/div>\n\t\t<\/div>\n\t\t\t\t\t<\/div>\n\t\t<\/section>\n\t\t\t\t<div class=\"elementor-element elementor-element-41dc68b elementor-widget elementor-widget-text-editor\" data-id=\"41dc68b\" data-element_type=\"widget\" data-e-type=\"widget\" data-widget_type=\"text-editor.default\">\n\t\t\t\t<div class=\"elementor-widget-container\">\n\t\t\t\t\t\t\t\t\t<div class=\"entry-content\"><p><em>Ostatnia aktualizacja stopki redakcyjnej mia\u0142a miejsce 18.02.2025 r.<\/em><\/p><p>W\u0142a\u015bcicielem tej strony internetowej jest:<\/p><p>Alnes GmbH GmbH<br>Brama 1<br>04435 Schkeuditz<br>Niemcy<br>E-mail: info@parkingleipzig.de<br>Numer telefonu: +49 (0) 341 2243242<br>Numer identyfikacji podatkowej: DE 319 131 202<\/p><p>Przedstawiciel prawny firmy Alnes GmbH:<\/p><p>Aleksiej Gurewicz<\/p><p>Jeste\u015bmy zarejestrowani w rejestrze handlowym \/ s\u0105dzie rejonowym w Lipsku pod numerem licencji: <strong>HRB 35110<\/strong>.<\/p><div class=\"woocommerce woocommerce-gzd woocommerce-gzd-complaints-shortcode\"><h3>Alternatywne metody rozwi\u0105zywania spor\u00f3w zgodnie z art. 14 ust. 1 ODR-VO i \u00a7 36 VSBG: <\/h3><p>Komisja Europejska udost\u0119pnia platform\u0119 internetowego systemu rozstrzygania spor\u00f3w (ODR), kt\u00f3r\u0105 mo\u017cna znale\u017a\u0107 pod <a href=\"https:\/\/ec.europa.eu\/consumers\/odr\" target=\"_blank\" rel=\"noopener\">adresem https:\/\/ec.europa.eu\/consumers\/odr<\/a> . Nie jeste\u015bmy zobowi\u0105zani i nie jeste\u015bmy sk\u0142onni uczestniczy\u0107 w post\u0119powaniu dotycz\u0105cym rozstrzygania spor\u00f3w przed polubownym s\u0105dem konsumenckim. <\/p><\/div><\/div>\t\t\t\t\t\t\t\t<\/div>\n\t\t\t\t<\/div>\n\t\t\t\t\t<\/div>\n\t\t<\/div>\n\t\t\t\t\t<\/div>\n\t\t<\/section>\n\t\t\t\t<\/div>\n\t\t","protected":false},"excerpt":{"rendered":"<p>Rechtliche Informationen Ostatnia aktualizacja stopki redakcyjnej mia\u0142a miejsce 18.02.2025 r. W\u0142a\u015bcicielem tej strony internetowej jest: Alnes GmbH GmbHBrama 104435 SchkeuditzNiemcyE-mail: info@parkingleipzig.deNumer telefonu: +49 (0) 341 2243242Numer identyfikacji podatkowej: DE 319 131 202 Przedstawiciel prawny firmy Alnes GmbH: Aleksiej Gurewicz Jeste\u015bmy zarejestrowani w rejestrze handlowym \/ s\u0105dzie rejonowym w Lipsku pod numerem licencji: HRB 35110. Alternatywne &hellip; <a href=\"https:\/\/parkingleipzig.de\/pl\/impressum\/\" class=\"more-link\">Continue reading <span class=\"screen-reader-text\">Impressum<\/span><\/a><\/p>\n","protected":false},"author":1,"featured_media":0,"parent":0,"menu_order":0,"comment_status":"closed","ping_status":"closed","template":"","meta":{"footnotes":""},"class_list":["post-6578","page","type-page","status-publish","hentry"],"_links":{"self":[{"href":"https:\/\/parkingleipzig.de\/pl\/wp-json\/wp\/v2\/pages\/6578","targetHints":{"allow":["GET"]}}],"collection":[{"href":"https:\/\/parkingleipzig.de\/pl\/wp-json\/wp\/v2\/pages"}],"about":[{"href":"https:\/\/parkingleipzig.de\/pl\/wp-json\/wp\/v2\/types\/page"}],"author":[{"embeddable":true,"href":"https:\/\/parkingleipzig.de\/pl\/wp-json\/wp\/v2\/users\/1"}],"replies":[{"embeddable":true,"href":"https:\/\/parkingleipzig.de\/pl\/wp-json\/wp\/v2\/comments?post=6578"}],"version-history":[{"count":0,"href":"https:\/\/parkingleipzig.de\/pl\/wp-json\/wp\/v2\/pages\/6578\/revisions"}],"wp:attachment":[{"href":"https:\/\/parkingleipzig.de\/pl\/wp-json\/wp\/v2\/media?parent=6578"}],"curies":[{"name":"wp","href":"https:\/\/api.w.org\/{rel}","templated":true}]}}