{"id":6387,"date":"2025-05-24T19:52:35","date_gmt":"2025-05-24T17:52:35","guid":{"rendered":"https:\/\/parkingleipzig.de\/nie-jest-wymagane-oddawanie-kluczy-pelna-kontrola-podczas-parkingleipzig-de\/"},"modified":"2025-06-08T19:04:29","modified_gmt":"2025-06-08T17:04:29","slug":"nie-jest-wymagane-oddawanie-kluczy-pelna-kontrola-podczas-parkingleipzig-de","status":"publish","type":"page","link":"https:\/\/parkingleipzig.de\/pl\/nie-jest-wymagane-oddawanie-kluczy-pelna-kontrola-podczas-parkingleipzig-de\/","title":{"rendered":"Nie jest wymagane oddawanie kluczy \u2013 pe\u0142na kontrola podczas ParkingLeipzig.de"},"content":{"rendered":"\t\t<div data-elementor-type=\"wp-page\" data-elementor-id=\"6387\" class=\"elementor elementor-6387 elementor-5207\">\n\t\t\t\t\t\t<section class=\"elementor-section elementor-top-section elementor-element elementor-element-4d7286f elementor-section-stretched prt-column-break-ipad-no prt-col-stretched-none elementor-section-boxed elementor-section-height-default elementor-section-height-default\" data-id=\"4d7286f\" data-element_type=\"section\" data-e-type=\"section\" data-settings=\"{&quot;stretch_section&quot;:&quot;section-stretched&quot;}\">\n\t\t\t\t\t\t<div class=\"elementor-container elementor-column-gap-no\">\n\t\t\t\t\t<div class=\"elementor-column elementor-col-50 elementor-top-column elementor-element elementor-element-473f8de\" data-id=\"473f8de\" data-element_type=\"column\" data-e-type=\"column\" data-settings=\"{&quot;background_background&quot;:&quot;classic&quot;}\">\n\t\t\t<div class=\"elementor-widget-wrap elementor-element-populated\">\n\t\t\t\t\t\t<section class=\"elementor-section elementor-inner-section elementor-element elementor-element-23aed25 prt-column-break-ipad-no prt-col-stretched-none elementor-section-boxed elementor-section-height-default elementor-section-height-default\" data-id=\"23aed25\" data-element_type=\"section\" data-e-type=\"section\">\n\t\t\t\t\t\t<div class=\"elementor-container elementor-column-gap-no\">\n\t\t\t\t\t<div class=\"elementor-column elementor-col-100 elementor-inner-column elementor-element elementor-element-6fd0681\" data-id=\"6fd0681\" data-element_type=\"column\" data-e-type=\"column\">\n\t\t\t<div class=\"elementor-widget-wrap elementor-element-populated\">\n\t\t\t\t\t\t<div class=\"elementor-element elementor-element-0cc9108 prt-align-left elementor-widget elementor-widget-prt_heading\" data-id=\"0cc9108\" data-element_type=\"widget\" data-e-type=\"widget\" data-widget_type=\"prt_heading.default\">\n\t\t\t\t<div class=\"elementor-widget-container\">\n\t\t\t\t\t<div class=\"prt-element-heading-content-wrapper left-align prt-reverse-heading-yes prt-seperator-solid  prt-heading-style-vertical \"><div class=\"prt-content-header\"><h4 class=\"prt-element-subheading\">\n\t\t\t\tPrzechowujesz klucze\n\t\t\t<\/h4>\n\t\t<h2 class=\"prt-element-content-heading\">\n\t\t\t\tWa\u017cniejsze ni\u017c zaufanie? <br>Kontrola.\n\t\t\t<\/h2>\n\t\t<\/div><\/div>\t\t\t\t<\/div>\n\t\t\t\t<\/div>\n\t\t\t\t\t<\/div>\n\t\t<\/div>\n\t\t\t\t\t<\/div>\n\t\t<\/section>\n\t\t\t\t<section class=\"elementor-section elementor-inner-section elementor-element elementor-element-6e43241 prt-column-break-ipad-no prt-col-stretched-none elementor-section-boxed elementor-section-height-default elementor-section-height-default\" data-id=\"6e43241\" data-element_type=\"section\" data-e-type=\"section\">\n\t\t\t\t\t\t<div class=\"elementor-container elementor-column-gap-no\">\n\t\t\t\t\t<div class=\"elementor-column elementor-col-100 elementor-inner-column elementor-element elementor-element-a579535\" data-id=\"a579535\" data-element_type=\"column\" data-e-type=\"column\">\n\t\t\t<div class=\"elementor-widget-wrap elementor-element-populated\">\n\t\t\t\t\t\t<div class=\"elementor-element elementor-element-158f63a elementor-widget__width-initial elementor-widget elementor-widget-text-editor\" data-id=\"158f63a\" data-element_type=\"widget\" data-e-type=\"widget\" data-widget_type=\"text-editor.default\">\n\t\t\t\t<div class=\"elementor-widget-container\">\n\t\t\t\t\t\t\t\t\t<p data-start=\"282\" data-end=\"600\">W przypadku wielu dostawc\u00f3w us\u0142ug parkingowych na lotnisku cz\u0119sto zdarza si\u0119, \u017ce po przyje\u017adzie oddajesz kluczyki do samochodu. Mo\u017ce to prowadzi\u0107 do md\u0142o\u015bci:   <strong data-start=\"442\" data-end=\"519\">Co dzieje si\u0119 z moim samochodem podczas mojej nieobecno\u015bci? Kto ma dost\u0119p? <\/strong>  W <strong data-start=\"524\" data-end=\"545\">ParkingLeipzig.de<\/strong> mamy jasn\u0105 odpowied\u017a: <strong data-start=\"576\" data-end=\"600\">Nikt opr\u00f3cz Ciebie.<\/strong><\/p><h3 data-start=\"602\" data-end=\"649\">\ud83e\udded Zaufanie jest dobre \u2013 kontrola jest lepsza<\/h3><p data-start=\"651\" data-end=\"942\">Dlatego <strong data-start=\"673\" data-end=\"709\">nie musimy oddawa\u0107 kluczy!<\/strong><br data-start=\"709\" data-end=\"712\">Zachowujesz kluczyki \u2013 a tym samym <strong data-start=\"756\" data-end=\"793\">pe\u0142n\u0105 kontrol\u0119 nad swoim pojazdem<\/strong>. Bez manewrowania przez obcych, bez ponownego parkowania, bez zmartwie\u0144. Gdy tylko Tw\u00f3j samoch\u00f3d zostanie zaparkowany, pozostaje tam \u2013 <strong data-start=\"899\" data-end=\"942\">dok\u0142adnie tak, jak go zaparkowa\u0142e\u015b.<\/strong>  <\/p><h3 data-start=\"944\" data-end=\"974\">\ud83d\udeab Bez zb\u0119dnego ryzyka<\/h3><p data-start=\"976\" data-end=\"1313\">Pojazdy, kt\u00f3re je\u017cd\u017c\u0105 podczas nieobecno\u015bci pracownik\u00f3w, s\u0105 <strong data-start=\"1052\" data-end=\"1067\">teoretycznie<\/strong> ubezpieczone \u2013 <strong data-start=\"1081\" data-end=\"1094\">ale w praktyce<\/strong> uszkodzenia czy niepewno\u015bci zdarzaj\u0105 si\u0119 wielokrotnie. Unikamy tego ca\u0142kowicie: <strong data-start=\"1180\" data-end=\"1243\">Tw\u00f3j samoch\u00f3d pozostaje zamkni\u0119ty i tylko Ty go otwierasz.<\/strong> Dzi\u0119ki temu parkowanie jest nie tylko wygodniejsze, ale tak\u017ce <strong data-start=\"1300\" data-end=\"1313\">bezpieczniejsze.<\/strong> <\/p><h3 data-start=\"1315\" data-end=\"1381\">\ud83d\udc68\u200d\ud83d\udc69\u200d\ud83d\udc67\u200d\ud83d\udc66 Szczeg\u00f3lnie przyjemny dla rodzin i os\u00f3b parkuj\u0105cych d\u0142ugoterminowo<\/h3><p data-start=\"1383\" data-end=\"1627\">Zw\u0142aszcza je\u015bli podr\u00f3\u017cujesz z dzie\u0107mi lub jeste\u015b w drodze przez d\u0142ugi czas, pocieszaj\u0105ca jest \u015bwiadomo\u015b\u0107, \u017ce <strong data-start=\"1475\" data-end=\"1506\">samoch\u00f3d pozostanie nietkni\u0119ty.<\/strong> Bez stresu zwi\u0105zanego z powrotem, bez zb\u0119dnych poszukiwa\u0144 \u2013 <strong data-start=\"1561\" data-end=\"1627\">wiesz dok\u0142adnie, na czym stoi i \u017ce nikt go nie przesun\u0105\u0142.<\/strong><\/p><h3 data-start=\"1629\" data-end=\"1663\">\ud83d\udd10 Przejrzysto\u015b\u0107 Security PLUS<\/h3><p data-start=\"1665\" data-end=\"1954\">Nasze pomieszczenia s\u0105 monitorowane przez ca\u0142\u0105 dob\u0119 za pomoc\u0105 <strong data-start=\"1707\" data-end=\"1726\">systemu BauWatch<\/strong> . W po\u0142\u0105czeniu z <strong data-start=\"1769\" data-end=\"1796\">zasad\u0105 \u201ebez dostawy kluczy\u201d<\/strong> daje to w efekcie bezpieczny, bezpieczny i przejrzysty system parkingowy, kt\u00f3ry <strong data-start=\"1870\" data-end=\"1891\">wzbudza zaufanie<\/strong> i zapewnia dobre samopoczucie \u2013 od wyjazdu do powrotu. <\/p><h3 data-start=\"1961\" data-end=\"2023\">\u2705 Korzy\u015bci z ParkingLeipzig.de bez konieczno\u015bci oddawania kluczy<\/h3><ul data-start=\"2025\" data-end=\"2389\"><li data-start=\"2025\" data-end=\"2067\"><p data-start=\"2027\" data-end=\"2067\"><strong data-start=\"2027\" data-end=\"2067\">Zachowujesz kluczyk do pojazdu<\/strong><\/p><\/li><li data-start=\"2068\" data-end=\"2132\"><p data-start=\"2070\" data-end=\"2132\"><strong data-start=\"2070\" data-end=\"2132\">Pe\u0142na kontrola nad samochodem \u2013 nikt obcy nie musi parkowa\u0107<\/strong><\/p><\/li><li data-start=\"2133\" data-end=\"2174\"><p data-start=\"2135\" data-end=\"2174\"><strong data-start=\"2135\" data-end=\"2174\">Maksymalne bezpiecze\u0144stwo i przejrzysto\u015b\u0107<\/strong><\/p><\/li><li data-start=\"2175\" data-end=\"2212\"><p data-start=\"2177\" data-end=\"2212\"><strong data-start=\"2177\" data-end=\"2212\">Brak ryzyka zwi\u0105zanego z ruchem os\u00f3b trzecich<\/strong><\/p><\/li><li data-start=\"2213\" data-end=\"2275\"><p data-start=\"2215\" data-end=\"2275\"><strong data-start=\"2215\" data-end=\"2275\">Komfortowy pocz\u0105tek wakacji lub podr\u00f3\u017cy s\u0142u\u017cbowej<\/strong><\/p><\/li><li data-start=\"2276\" data-end=\"2329\"><p data-start=\"2278\" data-end=\"2329\"><strong data-start=\"2278\" data-end=\"2329\">Szczeg\u00f3lnie nadaje si\u0119 dla rodzin i os\u00f3b cz\u0119sto podr\u00f3\u017cuj\u0105cych<\/strong><\/p><\/li><li data-start=\"2330\" data-end=\"2389\"><p data-start=\"2332\" data-end=\"2389\"><strong data-start=\"2332\" data-end=\"2389\">Optymalna ochrona w po\u0142\u0105czeniu z monitoringiem wizyjnym<\/strong><\/p><\/li><\/ul><p data-start=\"2396\" data-end=\"2576\"><strong data-start=\"2396\" data-end=\"2576\">Brak przekazania kluczyk\u00f3w oznacza maksymaln\u0105 kontrol\u0119 i zaufanie \u2013 dzi\u0119ki ParkingLeipzig.de Tw\u00f3j pojazd jest w najlepszych r\u0119kach, nawet je\u015bli tylko Ty masz kluczyk.<\/strong><\/p>\t\t\t\t\t\t\t\t<\/div>\n\t\t\t\t<\/div>\n\t\t\t\t\t<\/div>\n\t\t<\/div>\n\t\t\t\t\t<\/div>\n\t\t<\/section>\n\t\t\t\t\t<\/div>\n\t\t<\/div>\n\t\t\t\t<div class=\"elementor-column elementor-col-50 elementor-top-column elementor-element elementor-element-9a5b088\" data-id=\"9a5b088\" data-element_type=\"column\" data-e-type=\"column\" data-settings=\"{&quot;background_background&quot;:&quot;classic&quot;}\">\n\t\t\t<div class=\"elementor-widget-wrap elementor-element-populated\">\n\t\t\t\t\t\t<section class=\"elementor-section elementor-inner-section elementor-element elementor-element-dcb8842 prt-column-break-ipad-no prt-col-stretched-none elementor-section-boxed elementor-section-height-default elementor-section-height-default\" data-id=\"dcb8842\" data-element_type=\"section\" data-e-type=\"section\">\n\t\t\t\t\t\t<div class=\"elementor-container elementor-column-gap-no\">\n\t\t\t\t\t<div class=\"elementor-column elementor-col-100 elementor-inner-column elementor-element elementor-element-d42b352\" data-id=\"d42b352\" data-element_type=\"column\" data-e-type=\"column\" data-settings=\"{&quot;background_background&quot;:&quot;classic&quot;}\">\n\t\t\t<div class=\"elementor-widget-wrap elementor-element-populated\">\n\t\t\t\t\t\t<div class=\"elementor-element elementor-element-d32dafc elementor-widget elementor-widget-image\" data-id=\"d32dafc\" data-element_type=\"widget\" data-e-type=\"widget\" data-widget_type=\"image.default\">\n\t\t\t\t<div class=\"elementor-widget-container\">\n\t\t\t\t\t\t\t\t\t\t\t\t\t\t\t<img fetchpriority=\"high\" decoding=\"async\" width=\"1024\" height=\"1536\" src=\"https:\/\/parkingleipzig.de\/wp-content\/uploads\/2025\/05\/AutoSchluessel.jpg\" class=\"attachment-full size-full wp-image-5908\" alt=\"\" srcset=\"https:\/\/parkingleipzig.de\/wp-content\/uploads\/2025\/05\/AutoSchluessel.jpg 1024w, https:\/\/parkingleipzig.de\/wp-content\/uploads\/2025\/05\/AutoSchluessel-200x300.jpg 200w, https:\/\/parkingleipzig.de\/wp-content\/uploads\/2025\/05\/AutoSchluessel-683x1024.jpg 683w, https:\/\/parkingleipzig.de\/wp-content\/uploads\/2025\/05\/AutoSchluessel-768x1152.jpg 768w, https:\/\/parkingleipzig.de\/wp-content\/uploads\/2025\/05\/AutoSchluessel-267x400.jpg 267w\" sizes=\"(max-width: 1024px) 100vw, 1024px\" data-id=\"5908\" \/>\t\t\t\t\t\t\t\t\t\t\t\t\t\t\t<\/div>\n\t\t\t\t<\/div>\n\t\t\t\t\t<\/div>\n\t\t<\/div>\n\t\t\t\t\t<\/div>\n\t\t<\/section>\n\t\t\t\t\t<\/div>\n\t\t<\/div>\n\t\t\t\t\t<\/div>\n\t\t<\/section>\n\t\t\t\t<\/div>\n\t\t","protected":false},"excerpt":{"rendered":"<p>Przechowujesz klucze Wa\u017cniejsze ni\u017c zaufanie? Kontrola. W przypadku wielu dostawc\u00f3w us\u0142ug parkingowych na lotnisku cz\u0119sto zdarza si\u0119, \u017ce po przyje\u017adzie oddajesz kluczyki do samochodu. Mo\u017ce to prowadzi\u0107 do md\u0142o\u015bci: Co dzieje si\u0119 z moim samochodem podczas mojej nieobecno\u015bci? Kto ma dost\u0119p? W ParkingLeipzig.de mamy jasn\u0105 odpowied\u017a: Nikt opr\u00f3cz Ciebie. \ud83e\udded Zaufanie jest dobre \u2013 kontrola &hellip; <a href=\"https:\/\/parkingleipzig.de\/pl\/nie-jest-wymagane-oddawanie-kluczy-pelna-kontrola-podczas-parkingleipzig-de\/\" class=\"more-link\">Continue reading <span class=\"screen-reader-text\">Nie jest wymagane oddawanie kluczy \u2013 pe\u0142na kontrola podczas ParkingLeipzig.de<\/span><\/a><\/p>\n","protected":false},"author":1,"featured_media":0,"parent":0,"menu_order":0,"comment_status":"closed","ping_status":"closed","template":"","meta":{"footnotes":""},"class_list":["post-6387","page","type-page","status-publish","hentry"],"_links":{"self":[{"href":"https:\/\/parkingleipzig.de\/pl\/wp-json\/wp\/v2\/pages\/6387","targetHints":{"allow":["GET"]}}],"collection":[{"href":"https:\/\/parkingleipzig.de\/pl\/wp-json\/wp\/v2\/pages"}],"about":[{"href":"https:\/\/parkingleipzig.de\/pl\/wp-json\/wp\/v2\/types\/page"}],"author":[{"embeddable":true,"href":"https:\/\/parkingleipzig.de\/pl\/wp-json\/wp\/v2\/users\/1"}],"replies":[{"embeddable":true,"href":"https:\/\/parkingleipzig.de\/pl\/wp-json\/wp\/v2\/comments?post=6387"}],"version-history":[{"count":0,"href":"https:\/\/parkingleipzig.de\/pl\/wp-json\/wp\/v2\/pages\/6387\/revisions"}],"wp:attachment":[{"href":"https:\/\/parkingleipzig.de\/pl\/wp-json\/wp\/v2\/media?parent=6387"}],"curies":[{"name":"wp","href":"https:\/\/api.w.org\/{rel}","templated":true}]}}