{"id":6254,"date":"2025-05-24T18:48:07","date_gmt":"2025-05-24T16:48:07","guid":{"rendered":"https:\/\/parkingleipzig.de\/bezplatny-klimatyzowany-transfer-wygodny-transfer-z-parkingiemleipzig-de\/"},"modified":"2025-06-08T19:03:23","modified_gmt":"2025-06-08T17:03:23","slug":"bezplatny-klimatyzowany-transfer-wygodny-transfer-z-parkingiemleipzig-de","status":"publish","type":"page","link":"https:\/\/parkingleipzig.de\/pl\/bezplatny-klimatyzowany-transfer-wygodny-transfer-z-parkingiemleipzig-de\/","title":{"rendered":"Bezp\u0142atny, klimatyzowany transfer \u2013 komfortowy transfer ParkingLeipzig.de"},"content":{"rendered":"\t\t<div data-elementor-type=\"wp-page\" data-elementor-id=\"6254\" class=\"elementor elementor-6254 elementor-5174\">\n\t\t\t\t\t\t<section class=\"elementor-section elementor-top-section elementor-element elementor-element-4d7286f elementor-section-stretched prt-column-break-ipad-no prt-col-stretched-none elementor-section-boxed elementor-section-height-default elementor-section-height-default\" data-id=\"4d7286f\" data-element_type=\"section\" data-e-type=\"section\" data-settings=\"{&quot;stretch_section&quot;:&quot;section-stretched&quot;}\">\n\t\t\t\t\t\t<div class=\"elementor-container elementor-column-gap-no\">\n\t\t\t\t\t<div class=\"elementor-column elementor-col-50 elementor-top-column elementor-element elementor-element-473f8de\" data-id=\"473f8de\" data-element_type=\"column\" data-e-type=\"column\" data-settings=\"{&quot;background_background&quot;:&quot;classic&quot;}\">\n\t\t\t<div class=\"elementor-widget-wrap elementor-element-populated\">\n\t\t\t\t\t\t<section class=\"elementor-section elementor-inner-section elementor-element elementor-element-23aed25 prt-column-break-ipad-no prt-col-stretched-none elementor-section-boxed elementor-section-height-default elementor-section-height-default\" data-id=\"23aed25\" data-element_type=\"section\" data-e-type=\"section\">\n\t\t\t\t\t\t<div class=\"elementor-container elementor-column-gap-no\">\n\t\t\t\t\t<div class=\"elementor-column elementor-col-100 elementor-inner-column elementor-element elementor-element-6fd0681\" data-id=\"6fd0681\" data-element_type=\"column\" data-e-type=\"column\">\n\t\t\t<div class=\"elementor-widget-wrap elementor-element-populated\">\n\t\t\t\t\t\t<div class=\"elementor-element elementor-element-0cc9108 prt-align-left elementor-widget elementor-widget-prt_heading\" data-id=\"0cc9108\" data-element_type=\"widget\" data-e-type=\"widget\" data-widget_type=\"prt_heading.default\">\n\t\t\t\t<div class=\"elementor-widget-container\">\n\t\t\t\t\t<div class=\"prt-element-heading-content-wrapper left-align prt-reverse-heading-yes prt-seperator-solid  prt-heading-style-vertical \"><div class=\"prt-content-header\"><h4 class=\"prt-element-subheading\">\n\t\t\t\tNasz transport wahad\u0142owy\n\t\t\t<\/h4>\n\t\t<h2 class=\"prt-element-content-heading\">\n\t\t\t\tTam i z powrotem<br>- bez \u017cadnych zmartwie\u0144\n\t\t\t<\/h2>\n\t\t<\/div><\/div>\t\t\t\t<\/div>\n\t\t\t\t<\/div>\n\t\t\t\t\t<\/div>\n\t\t<\/div>\n\t\t\t\t\t<\/div>\n\t\t<\/section>\n\t\t\t\t<section class=\"elementor-section elementor-inner-section elementor-element elementor-element-6e43241 prt-column-break-ipad-no prt-col-stretched-none elementor-section-boxed elementor-section-height-default elementor-section-height-default\" data-id=\"6e43241\" data-element_type=\"section\" data-e-type=\"section\">\n\t\t\t\t\t\t<div class=\"elementor-container elementor-column-gap-no\">\n\t\t\t\t\t<div class=\"elementor-column elementor-col-100 elementor-inner-column elementor-element elementor-element-a579535\" data-id=\"a579535\" data-element_type=\"column\" data-e-type=\"column\">\n\t\t\t<div class=\"elementor-widget-wrap elementor-element-populated\">\n\t\t\t\t\t\t<div class=\"elementor-element elementor-element-158f63a elementor-widget__width-initial elementor-widget elementor-widget-text-editor\" data-id=\"158f63a\" data-element_type=\"widget\" data-e-type=\"widget\" data-widget_type=\"text-editor.default\">\n\t\t\t\t<div class=\"elementor-widget-container\">\n\t\t\t\t\t\t\t\t\t<p data-start=\"301\" data-end=\"644\">Je\u015bli chcesz bezstresowo wystartowa\u0107 na lotnisku Lipsk\/Halle (LEJ), powiniene\u015b zwr\u00f3ci\u0107 uwag\u0119 nie tylko na bezpieczne miejsce parkingowe, ale tak\u017ce na <strong data-start=\"440\" data-end=\"473\">wygodn\u0105 drog\u0119 do terminalu<\/strong>. W\u0142a\u015bnie dlatego w <strong data-start=\"510\" data-end=\"531\">ParkingLeipzig.de<\/strong> oferujemy Ci <strong data-start=\"540\" data-end=\"587\">bezp\u0142atny, klimatyzowany transport wahad\u0142owy<\/strong> \u2013 <strong data-start=\"590\" data-end=\"644\">wygodny, niezawodny i dost\u0119pny przez ca\u0142\u0105 dob\u0119.<\/strong> <\/p><p data-start=\"301\" data-end=\"644\"> <\/p><h3 data-start=\"646\" data-end=\"709\">\u2744\ufe0f Przyjemny klimat \u2013 nawet w letnie upa\u0142y lub zimowe mrozy<\/h3><p data-start=\"711\" data-end=\"1038\">Niezale\u017cnie od tego, czy jest to upalne lato, czy mro\u017ane zimowe powietrze \u2013 nasz autobus zawsze ma idealn\u0105 temperatur\u0119. Dzi\u0119ki nowoczesnej <strong data-start=\"820\" data-end=\"835\">klimatyzacji<\/strong> mo\u017cna spokojnie <strong data-start=\"847\" data-end=\"879\">i w dobrej temperaturze<\/strong> jecha\u0107 bezpo\u015brednio z parkingu do wej\u015bcia na lotnisko. \u017badnego pocenia si\u0119 z walizkami latem, \u017cadnego marzni\u0119cia o \u015bwicie &#8211; <strong data-start=\"992\" data-end=\"1021\">wsiadaj i czuj si\u0119 dobrze<\/strong> to nasze motto.  <\/p><p data-start=\"711\" data-end=\"1038\"> <\/p><h3 data-start=\"1040\" data-end=\"1101\">\ud83c\udf92 Wygodny z baga\u017cem \u2013 nawet dla rodzin i os\u00f3b cz\u0119sto podr\u00f3\u017cuj\u0105cych<\/h3><p data-start=\"1103\" data-end=\"1334\">Nasz autobus oferuje wystarczaj\u0105co du\u017co <strong data-start=\"1136\" data-end=\"1163\">miejsca do przechowywania baga\u017cu<\/strong>, niezale\u017cnie od tego, czy podr\u00f3\u017cujesz z baga\u017cem podr\u0119cznym, czy du\u017cymi walizkami. Rodziny z dzie\u0107mi, seniorzy, biznesmeni \u2013 <strong data-start=\"1282\" data-end=\"1333\">wszyscy go\u015bcie podr\u00f3\u017cuj\u0105 komfortowo, bezpiecznie i bezstresowo<\/strong>. <\/p><p data-start=\"1103\" data-end=\"1334\"> <\/p><h3 data-start=\"1336\" data-end=\"1389\">\u23f1\ufe0f Kr\u00f3tki czas przesiadki \u2013 bezpo\u015brednia trasa do terminalu<\/h3><p data-start=\"1391\" data-end=\"1610\">Transfer trwa tylko kilka minut. <strong data-start=\"1431\" data-end=\"1488\">Parkujesz, wsiadasz i jeste\u015b na terminalu w mgnieniu oka<\/strong>. A kiedy wr\u00f3cisz, oczywi\u015bcie odbierzemy Ci\u0119 z lotniska \u2013 <strong data-start=\"1576\" data-end=\"1609\">bez czasu oczekiwania, bez objazd\u00f3w<\/strong>. <\/p><p data-start=\"1391\" data-end=\"1610\"> <\/p><h3 data-start=\"1612\" data-end=\"1650\">\ud83c\udd93 Zawsze w cenie \u2013 bez dodatkowych op\u0142at<\/h3><p data-start=\"1652\" data-end=\"1927\">Wielu dostawc\u00f3w pobiera dodatkowe op\u0142aty za transfer wahad\u0142owy. Nie u nas! W <strong data-start=\"1742\" data-end=\"1763\">ParkingLeipzig.de<\/strong> <strong data-start=\"1772\" data-end=\"1826\">klimatyzowany transfer jest wliczony w cen\u0119<\/strong>. To, co zarezerwujesz u nas <strong data-start=\"1856\" data-end=\"1927\">, to kompletny pakiet \u2013 bez ukrytych koszt\u00f3w, bez niespodzianek.<\/strong>   <\/p><p data-start=\"1652\" data-end=\"1927\"> <\/p><h3 data-start=\"1929\" data-end=\"1984\">\ud83d\udd01 Tam i z powrotem \u2013 dowiozimy Ci\u0119 bezpiecznie do celu<\/h3><p data-start=\"1986\" data-end=\"2191\">Nasz autobus nie tylko zawiezie Ci\u0119 do terminalu, ale tak\u017ce odbierze Ci\u0119 ponownie. I to <strong data-start=\"2076\" data-end=\"2097\">24 godziny na dob\u0119<\/strong>, <strong data-start=\"2099\" data-end=\"2119\">365 dni w roku<\/strong>. Wszystko, co musisz zrobi\u0107, to da\u0107 nam zna\u0107, a my b\u0119dziemy tam dla Ciebie.  <\/p><p data-start=\"1986\" data-end=\"2191\"> <\/p><h3 data-start=\"2198\" data-end=\"2245\">\u2705 Korzy\u015bci p\u0142yn\u0105ce z naszego transportu wahad\u0142owego<\/h3><ul data-start=\"2247\" data-end=\"2602\"><li data-start=\"2247\" data-end=\"2294\"><p data-start=\"2249\" data-end=\"2294\"><strong data-start=\"2249\" data-end=\"2282\">Bezp\u0142atny transfer lotniskowy<\/strong> wliczony w cen\u0119<\/p><\/li><li data-start=\"2295\" data-end=\"2346\"><p data-start=\"2297\" data-end=\"2346\"><strong data-start=\"2297\" data-end=\"2324\">Klimatyzowane pojazdy<\/strong> na ka\u017cd\u0105 por\u0119 roku<\/p><\/li><li data-start=\"2347\" data-end=\"2388\"><p data-start=\"2349\" data-end=\"2388\"><strong data-start=\"2349\" data-end=\"2386\">Bezpo\u015brednio z parkingu do terminala<\/strong><\/p><\/li><li data-start=\"2389\" data-end=\"2436\"><p data-start=\"2391\" data-end=\"2436\"><strong data-start=\"2391\" data-end=\"2434\">Transfer powrotny po wyl\u0105dowaniu wliczony w cen\u0119<\/strong><\/p><\/li><li data-start=\"2437\" data-end=\"2489\"><p data-start=\"2439\" data-end=\"2489\"><strong data-start=\"2439\" data-end=\"2487\">Przyjazny personel do pomocy z baga\u017cem<\/strong><\/p><\/li><li data-start=\"2490\" data-end=\"2548\"><p data-start=\"2492\" data-end=\"2548\"><strong data-start=\"2492\" data-end=\"2546\">Idealny dla rodzin, os\u00f3b podr\u00f3\u017cuj\u0105cych s\u0142u\u017cbowo i senior\u00f3w<\/strong><\/p><\/li><li data-start=\"2549\" data-end=\"2602\"><p data-start=\"2551\" data-end=\"2602\"><strong data-start=\"2551\" data-end=\"2600\">Bez czasu oczekiwania, bez ukrytych op\u0142at<\/strong><\/p><\/li><\/ul><p data-start=\"2609\" data-end=\"2775\"> <\/p><p data-start=\"2609\" data-end=\"2775\"><strong data-start=\"2609\" data-end=\"2775\">Dzi\u0119ki bezp\u0142atnemu, klimatyzowanemu transportowi wahad\u0142owemu z ParkingLeipzig.de mo\u017cesz wygodnie rozpocz\u0105\u0107 lot &#8211; bez stresu i z ch\u0142odn\u0105 g\u0142ow\u0105.<\/strong><\/p>\t\t\t\t\t\t\t\t<\/div>\n\t\t\t\t<\/div>\n\t\t\t\t\t<\/div>\n\t\t<\/div>\n\t\t\t\t\t<\/div>\n\t\t<\/section>\n\t\t\t\t\t<\/div>\n\t\t<\/div>\n\t\t\t\t<div class=\"elementor-column elementor-col-50 elementor-top-column elementor-element elementor-element-9a5b088\" data-id=\"9a5b088\" data-element_type=\"column\" data-e-type=\"column\" data-settings=\"{&quot;background_background&quot;:&quot;classic&quot;}\">\n\t\t\t<div class=\"elementor-widget-wrap elementor-element-populated\">\n\t\t\t\t\t\t<section class=\"elementor-section elementor-inner-section elementor-element elementor-element-dcb8842 prt-column-break-ipad-no prt-col-stretched-none elementor-section-boxed elementor-section-height-default elementor-section-height-default\" data-id=\"dcb8842\" data-element_type=\"section\" data-e-type=\"section\">\n\t\t\t\t\t\t<div class=\"elementor-container elementor-column-gap-no\">\n\t\t\t\t\t<div class=\"elementor-column elementor-col-100 elementor-inner-column elementor-element elementor-element-d42b352\" data-id=\"d42b352\" data-element_type=\"column\" data-e-type=\"column\" data-settings=\"{&quot;background_background&quot;:&quot;classic&quot;}\">\n\t\t\t<div class=\"elementor-widget-wrap elementor-element-populated\">\n\t\t\t\t\t\t<div class=\"elementor-element elementor-element-d32dafc elementor-widget elementor-widget-image\" data-id=\"d32dafc\" data-element_type=\"widget\" data-e-type=\"widget\" data-widget_type=\"image.default\">\n\t\t\t\t<div class=\"elementor-widget-container\">\n\t\t\t\t\t\t\t\t\t\t\t\t\t\t\t<img fetchpriority=\"high\" decoding=\"async\" width=\"1856\" height=\"2464\" src=\"https:\/\/parkingleipzig.de\/wp-content\/uploads\/2025\/05\/Shuttle.jpg\" class=\"attachment-full size-full wp-image-5899\" alt=\"\" srcset=\"https:\/\/parkingleipzig.de\/wp-content\/uploads\/2025\/05\/Shuttle.jpg 1856w, https:\/\/parkingleipzig.de\/wp-content\/uploads\/2025\/05\/Shuttle-226x300.jpg 226w, https:\/\/parkingleipzig.de\/wp-content\/uploads\/2025\/05\/Shuttle-771x1024.jpg 771w, https:\/\/parkingleipzig.de\/wp-content\/uploads\/2025\/05\/Shuttle-768x1020.jpg 768w, https:\/\/parkingleipzig.de\/wp-content\/uploads\/2025\/05\/Shuttle-1157x1536.jpg 1157w, https:\/\/parkingleipzig.de\/wp-content\/uploads\/2025\/05\/Shuttle-1543x2048.jpg 1543w, https:\/\/parkingleipzig.de\/wp-content\/uploads\/2025\/05\/Shuttle-301x400.jpg 301w\" sizes=\"(max-width: 1856px) 100vw, 1856px\" data-id=\"5899\" \/>\t\t\t\t\t\t\t\t\t\t\t\t\t\t\t<\/div>\n\t\t\t\t<\/div>\n\t\t\t\t\t<\/div>\n\t\t<\/div>\n\t\t\t\t\t<\/div>\n\t\t<\/section>\n\t\t\t\t\t<\/div>\n\t\t<\/div>\n\t\t\t\t\t<\/div>\n\t\t<\/section>\n\t\t\t\t<\/div>\n\t\t","protected":false},"excerpt":{"rendered":"<p>Nasz transport wahad\u0142owy Tam i z powrotem&#8211; bez \u017cadnych zmartwie\u0144 Je\u015bli chcesz bezstresowo wystartowa\u0107 na lotnisku Lipsk\/Halle (LEJ), powiniene\u015b zwr\u00f3ci\u0107 uwag\u0119 nie tylko na bezpieczne miejsce parkingowe, ale tak\u017ce na wygodn\u0105 drog\u0119 do terminalu. W\u0142a\u015bnie dlatego w ParkingLeipzig.de oferujemy Ci bezp\u0142atny, klimatyzowany transport wahad\u0142owy \u2013 wygodny, niezawodny i dost\u0119pny przez ca\u0142\u0105 dob\u0119. \u2744\ufe0f Przyjemny klimat &hellip; <a href=\"https:\/\/parkingleipzig.de\/pl\/bezplatny-klimatyzowany-transfer-wygodny-transfer-z-parkingiemleipzig-de\/\" class=\"more-link\">Continue reading <span class=\"screen-reader-text\">Bezp\u0142atny, klimatyzowany transfer \u2013 komfortowy transfer ParkingLeipzig.de<\/span><\/a><\/p>\n","protected":false},"author":1,"featured_media":0,"parent":0,"menu_order":0,"comment_status":"closed","ping_status":"closed","template":"","meta":{"footnotes":""},"class_list":["post-6254","page","type-page","status-publish","hentry"],"_links":{"self":[{"href":"https:\/\/parkingleipzig.de\/pl\/wp-json\/wp\/v2\/pages\/6254","targetHints":{"allow":["GET"]}}],"collection":[{"href":"https:\/\/parkingleipzig.de\/pl\/wp-json\/wp\/v2\/pages"}],"about":[{"href":"https:\/\/parkingleipzig.de\/pl\/wp-json\/wp\/v2\/types\/page"}],"author":[{"embeddable":true,"href":"https:\/\/parkingleipzig.de\/pl\/wp-json\/wp\/v2\/users\/1"}],"replies":[{"embeddable":true,"href":"https:\/\/parkingleipzig.de\/pl\/wp-json\/wp\/v2\/comments?post=6254"}],"version-history":[{"count":0,"href":"https:\/\/parkingleipzig.de\/pl\/wp-json\/wp\/v2\/pages\/6254\/revisions"}],"wp:attachment":[{"href":"https:\/\/parkingleipzig.de\/pl\/wp-json\/wp\/v2\/media?parent=6254"}],"curies":[{"name":"wp","href":"https:\/\/api.w.org\/{rel}","templated":true}]}}