{"id":6231,"date":"2025-05-24T18:32:27","date_gmt":"2025-05-24T16:32:27","guid":{"rendered":"https:\/\/parkingleipzig.de\/dostepnosc-24-7-na-parkingleipzig-de-bezstresowe-parkowanie-na-lotnisku-w-lipsku-przez-cala-dobe\/"},"modified":"2025-06-08T19:03:44","modified_gmt":"2025-06-08T17:03:44","slug":"dostepnosc-24-7-na-parkingleipzig-de-bezstresowe-parkowanie-na-lotnisku-w-lipsku-przez-cala-dobe","status":"publish","type":"page","link":"https:\/\/parkingleipzig.de\/pl\/dostepnosc-24-7-na-parkingleipzig-de-bezstresowe-parkowanie-na-lotnisku-w-lipsku-przez-cala-dobe\/","title":{"rendered":"Dost\u0119pno\u015b\u0107 24\/7 w ParkingLeipzig.de \u2013 parkuj bezstresowo na lotnisku w Lipsku przez ca\u0142\u0105 dob\u0119"},"content":{"rendered":"\t\t<div data-elementor-type=\"wp-page\" data-elementor-id=\"6231\" class=\"elementor elementor-6231 elementor-5157\">\n\t\t\t\t\t\t<section class=\"elementor-section elementor-top-section elementor-element elementor-element-4d7286f elementor-section-stretched prt-column-break-ipad-no prt-col-stretched-none elementor-section-boxed elementor-section-height-default elementor-section-height-default\" data-id=\"4d7286f\" data-element_type=\"section\" data-e-type=\"section\" data-settings=\"{&quot;stretch_section&quot;:&quot;section-stretched&quot;}\">\n\t\t\t\t\t\t<div class=\"elementor-container elementor-column-gap-no\">\n\t\t\t\t\t<div class=\"elementor-column elementor-col-50 elementor-top-column elementor-element elementor-element-473f8de\" data-id=\"473f8de\" data-element_type=\"column\" data-e-type=\"column\" data-settings=\"{&quot;background_background&quot;:&quot;classic&quot;}\">\n\t\t\t<div class=\"elementor-widget-wrap elementor-element-populated\">\n\t\t\t\t\t\t<section class=\"elementor-section elementor-inner-section elementor-element elementor-element-23aed25 prt-column-break-ipad-no prt-col-stretched-none elementor-section-boxed elementor-section-height-default elementor-section-height-default\" data-id=\"23aed25\" data-element_type=\"section\" data-e-type=\"section\">\n\t\t\t\t\t\t<div class=\"elementor-container elementor-column-gap-no\">\n\t\t\t\t\t<div class=\"elementor-column elementor-col-100 elementor-inner-column elementor-element elementor-element-6fd0681\" data-id=\"6fd0681\" data-element_type=\"column\" data-e-type=\"column\">\n\t\t\t<div class=\"elementor-widget-wrap elementor-element-populated\">\n\t\t\t\t\t\t<div class=\"elementor-element elementor-element-0cc9108 prt-align-left elementor-widget elementor-widget-prt_heading\" data-id=\"0cc9108\" data-element_type=\"widget\" data-e-type=\"widget\" data-widget_type=\"prt_heading.default\">\n\t\t\t\t<div class=\"elementor-widget-container\">\n\t\t\t\t\t<div class=\"prt-element-heading-content-wrapper left-align prt-reverse-heading-yes prt-seperator-solid  prt-heading-style-vertical \"><div class=\"prt-content-header\"><h4 class=\"prt-element-subheading\">\n\t\t\t\tZawsze do Twojej dyspozycji\n\t\t\t<\/h4>\n\t\t<h2 class=\"prt-element-content-heading\">\n\t\t\t\tDost\u0119pno\u015b\u0107 24\/7<br>na ParkingLeipzig.de\n\t\t\t<\/h2>\n\t\t<\/div><\/div>\t\t\t\t<\/div>\n\t\t\t\t<\/div>\n\t\t\t\t\t<\/div>\n\t\t<\/div>\n\t\t\t\t\t<\/div>\n\t\t<\/section>\n\t\t\t\t<section class=\"elementor-section elementor-inner-section elementor-element elementor-element-6e43241 prt-column-break-ipad-no prt-col-stretched-none elementor-section-boxed elementor-section-height-default elementor-section-height-default\" data-id=\"6e43241\" data-element_type=\"section\" data-e-type=\"section\">\n\t\t\t\t\t\t<div class=\"elementor-container elementor-column-gap-no\">\n\t\t\t\t\t<div class=\"elementor-column elementor-col-100 elementor-inner-column elementor-element elementor-element-a579535\" data-id=\"a579535\" data-element_type=\"column\" data-e-type=\"column\">\n\t\t\t<div class=\"elementor-widget-wrap elementor-element-populated\">\n\t\t\t\t\t\t<div class=\"elementor-element elementor-element-158f63a elementor-widget__width-initial elementor-widget elementor-widget-text-editor\" data-id=\"158f63a\" data-element_type=\"widget\" data-e-type=\"widget\" data-widget_type=\"text-editor.default\">\n\t\t\t\t<div class=\"elementor-widget-container\">\n\t\t\t\t\t\t\t\t\t<p data-start=\"326\" data-end=\"725\">Podr\u00f3\u017cowanie to wolno\u015b\u0107, ale te\u017c pewna nieprzewidywalno\u015b\u0107. Loty odbywaj\u0105 si\u0119 o r\u00f3\u017cnych porach dnia i nocy, zdarzaj\u0105 si\u0119 op\u00f3\u017anienia, zmiany rezerwacji lub kr\u00f3tkoterminowe plany podr\u00f3\u017cy. W\u0142a\u015bnie dlatego w <strong data-start=\"549\" data-end=\"570\">ParkingLeipzig.de<\/strong> stawiamy na maksymaln\u0105 <strong data-start=\"584\" data-end=\"600\">elastyczno\u015b\u0107<\/strong>: nasz serwis jest dost\u0119pny <strong data-start=\"628\" data-end=\"667\">24 godziny na dob\u0119, 7 dni w tygodniu<\/strong> \u2013 <strong data-start=\"684\" data-end=\"724\">bez wyj\u0105tk\u00f3w, bez ogranicze\u0144<\/strong>.  <\/p><p data-start=\"326\" data-end=\"725\"> <\/p><h3 data-start=\"727\" data-end=\"790\">\ud83c\udf1f Zawsze do Twojej dyspozycji &#8211; zar\u00f3wno wcze\u015bnie rano, jak i g\u0142\u0119boko w nocy<\/h3><p data-start=\"792\" data-end=\"1066\">Nie ma znaczenia, czy Tw\u00f3j samolot odlatuje o <strong data-start=\"830\" data-end=\"843\">03:30, czy<\/strong> l\u0105dujesz dopiero <strong data-start=\"866\" data-end=\"886\">po p\u00f3\u0142nocy<\/strong> :<br data-start=\"901\" data-end=\"904\">Nasz personel jest <strong data-start=\"923\" data-end=\"956\">dost\u0119pny przez ca\u0142\u0105 dob\u0119<\/strong>, aby zapewni\u0107 Pa\u0144stwu najlepsz\u0105 mo\u017cliw\u0105 obs\u0142ug\u0119. <strong data-start=\"1004\" data-end=\"1064\">Przyje\u017a, zaparkuj, wsi\u0105d\u017a \u2013 to wszystko jest bardzo proste.<\/strong><\/p><p data-start=\"1068\" data-end=\"1242\">Dzi\u0119ki naszej dost\u0119pno\u015bci 24\/7 nie musisz si\u0119 martwi\u0107 o to, czy kto\u015b b\u0119dzie tam, aby Ci\u0119 odprawi\u0107 lub zabra\u0107 do terminalu.  <strong data-start=\"1194\" data-end=\"1242\">Ty decydujesz o swoim czasie, a my si\u0119 dostosowujemy.<\/strong><\/p><p data-start=\"1068\" data-end=\"1242\"> <\/p><h3 data-start=\"1244\" data-end=\"1290\">\ud83d\ude90 Transfer gotowy do u\u017cycia w ka\u017cdej chwili<\/h3><p data-start=\"1292\" data-end=\"1558\">Nasz bezp\u0142atny <strong data-start=\"1310\" data-end=\"1339\">, klimatyzowany autobus zabierze<\/strong> Ci\u0119 <strong data-start=\"1351\" data-end=\"1425\">bezpo\u015brednio na lotnisko Lipsk\/Halle (LEJ) o ka\u017cdej porze dnia i nocy<\/strong> i odbierze Ci\u0119 z powrotem. Przejazd trwa zaledwie kilka minut \u2013 bez stresu, d\u0142ugiego czasu oczekiwania czy irytuj\u0105cych spacer\u00f3w. <\/p><p data-start=\"1560\" data-end=\"1729\">Tw\u00f3j lot jest op\u00f3\u017aniony lub zmieniony w kr\u00f3tkim czasie? Nie ma sprawy! <strong data-start=\"1630\" data-end=\"1674\">Monitorujemy wszystkie przyjazdy i odjazdy<\/strong>, aby odebra\u0107 Ci\u0119 dok\u0142adnie wtedy, gdy nas potrzebujesz. <\/p><p data-start=\"1560\" data-end=\"1729\"> <\/p><h3 data-start=\"1731\" data-end=\"1782\">\ud83d\udeeb Idealny dla os\u00f3b podr\u00f3\u017cuj\u0105cych s\u0142u\u017cbowo i samolot\u00f3w pasa\u017cerskich<\/h3><p data-start=\"1784\" data-end=\"2041\">Naszymi klientami s\u0105 zar\u00f3wno <strong data-start=\"1810\" data-end=\"1853\">osoby podr\u00f3\u017cuj\u0105ce s\u0142u\u017cbowo z napi\u0119tymi harmonogramami,<\/strong> jak i <strong data-start=\"1865\" data-end=\"1902\">rodziny z wczesnymi lotami czarterowymi<\/strong>. Ka\u017cdy docenia wygod\u0119 wynikaj\u0105c\u0105 z dost\u0119pu do niezawodnej us\u0142ugi parkingowej <strong data-start=\"1931\" data-end=\"1979\">niezale\u017cnie od godzin i godzin otwarcia<\/strong> . <\/p><p data-start=\"1784\" data-end=\"2041\"> <\/p><h3 data-start=\"2043\" data-end=\"2091\">\ud83d\udca1 Nasza rada: Zarezerwuj wcze\u015bnie, zachowaj elastyczno\u015b\u0107<\/h3><p data-start=\"2093\" data-end=\"2370\">Dzi\u0119ki naszemu <strong data-start=\"2105\" data-end=\"2133\">elastycznemu systemowi rezerwacji<\/strong> mo\u017cesz \u0142atwo dostosowa\u0107 czas parkowania online w przypadku zmiany plan\u00f3w podr\u00f3\u017cy. A poniewa\u017c <strong data-start=\"2237\" data-end=\"2272\">nie wymagamy od Ciebie oddawania kluczyk\u00f3w<\/strong>, zachowujesz pe\u0142n\u0105 kontrol\u0119 nad swoim pojazdem \u2013 bez wzgl\u0119du na to, kiedy przyje\u017cd\u017casz lub wyje\u017cd\u017casz. <\/p><p data-start=\"2093\" data-end=\"2370\"> <\/p><h3 data-start=\"2372\" data-end=\"2409\">\ud83d\udd10 Bezpiecze\u0144stwo nie zna czasu<\/h3><p data-start=\"2411\" data-end=\"2672\">Nawet w nocy nasze parkingi s\u0105 oczywi\u015bcie <strong data-start=\"2466\" data-end=\"2484\">monitorowane<\/strong> i chronione przez <strong data-start=\"2511\" data-end=\"2541\">najnowocze\u015bniejszy system bezpiecze\u0144stwa BauWatch<\/strong> . Dzi\u0119ki temu mo\u017cesz mie\u0107 pewno\u015b\u0107, \u017ce Tw\u00f3j pojazd b\u0119dzie optymalnie zaopiekowany nawet podczas Twojej nieobecno\u015bci \u2013 <strong data-start=\"2652\" data-end=\"2672\">o ka\u017cdej godzinie.<\/strong> <\/p><p data-start=\"2411\" data-end=\"2672\"> <\/p><h3 data-start=\"2679\" data-end=\"2714\">\u2705 Korzy\u015bci w skr\u00f3cie<\/h3><ul data-start=\"2716\" data-end=\"3009\"><li data-start=\"2716\" data-end=\"2758\"><p data-start=\"2718\" data-end=\"2758\"><strong data-start=\"2718\" data-end=\"2758\">Otwarte 24\/7 \u2013 bez ogranicze\u0144<\/strong><\/p><\/li><li data-start=\"2759\" data-end=\"2810\"><p data-start=\"2761\" data-end=\"2810\"><strong data-start=\"2761\" data-end=\"2792\">Bezp\u0142atny transport<\/strong> w dzie\u0144 i w nocy<\/p><\/li><li data-start=\"2811\" data-end=\"2871\"><p data-start=\"2813\" data-end=\"2871\"><strong data-start=\"2813\" data-end=\"2846\">Elastyczna rezerwacja i zmiana rezerwacji<\/strong> mo\u017cliwa online w dowolnym momencie<\/p><\/li><li data-start=\"2872\" data-end=\"2905\"><p data-start=\"2874\" data-end=\"2905\"><strong data-start=\"2874\" data-end=\"2905\">Nie ma potrzeby przekazywania kluczy<\/strong><\/p><\/li><li data-start=\"2906\" data-end=\"2956\"><p data-start=\"2908\" data-end=\"2956\"><strong data-start=\"2908\" data-end=\"2940\">Najwy\u017csze standardy bezpiecze\u0144stwa<\/strong> przez ca\u0142\u0105 dob\u0119<\/p><\/li><li data-start=\"2957\" data-end=\"3009\"><p data-start=\"2959\" data-end=\"3009\"><strong data-start=\"2959\" data-end=\"2995\">Opcjonalnie mo\u017cna zam\u00f3wi\u0107 us\u0142ug\u0119 parkingowego<\/strong> \u2013 r\u00f3wnie\u017c w nocy<\/p><\/li><\/ul><p> <\/p><p><strong data-start=\"3016\" data-end=\"3091\">Z ParkingLeipzig.de, Tw\u00f3j czas podr\u00f3\u017cy jest naszym czasem otwarcia.<\/strong><\/p><p data-start=\"3016\" data-end=\"3225\">Niezale\u017cnie od tego, czy planujesz letni urlop, czy spontaniczn\u0105 podr\u00f3\u017c s\u0142u\u017cbow\u0105 \u2013 z nami mo\u017cesz <strong data-start=\"3170\" data-end=\"3201\">zaparkowa\u0107 bezpiecznie, wygodnie i elastycznie,<\/strong> kiedy tylko chcesz.<\/p>\t\t\t\t\t\t\t\t<\/div>\n\t\t\t\t<\/div>\n\t\t\t\t\t<\/div>\n\t\t<\/div>\n\t\t\t\t\t<\/div>\n\t\t<\/section>\n\t\t\t\t\t<\/div>\n\t\t<\/div>\n\t\t\t\t<div class=\"elementor-column elementor-col-50 elementor-top-column elementor-element elementor-element-9a5b088\" data-id=\"9a5b088\" data-element_type=\"column\" data-e-type=\"column\" data-settings=\"{&quot;background_background&quot;:&quot;classic&quot;}\">\n\t\t\t<div class=\"elementor-widget-wrap elementor-element-populated\">\n\t\t\t\t\t\t<section class=\"elementor-section elementor-inner-section elementor-element elementor-element-dcb8842 prt-column-break-ipad-no prt-col-stretched-none elementor-section-boxed elementor-section-height-default elementor-section-height-default\" data-id=\"dcb8842\" data-element_type=\"section\" data-e-type=\"section\">\n\t\t\t\t\t\t<div class=\"elementor-container elementor-column-gap-no\">\n\t\t\t\t\t<div class=\"elementor-column elementor-col-100 elementor-inner-column elementor-element elementor-element-d42b352\" data-id=\"d42b352\" data-element_type=\"column\" data-e-type=\"column\" data-settings=\"{&quot;background_background&quot;:&quot;classic&quot;}\">\n\t\t\t<div class=\"elementor-widget-wrap elementor-element-populated\">\n\t\t\t\t\t\t<div class=\"elementor-element elementor-element-d32dafc elementor-widget elementor-widget-image\" data-id=\"d32dafc\" data-element_type=\"widget\" data-e-type=\"widget\" data-widget_type=\"image.default\">\n\t\t\t\t<div class=\"elementor-widget-container\">\n\t\t\t\t\t\t\t\t\t\t\t\t\t\t\t<img fetchpriority=\"high\" decoding=\"async\" width=\"1024\" height=\"1536\" src=\"https:\/\/parkingleipzig.de\/wp-content\/uploads\/2025\/05\/ShuttleVansNight.jpg\" class=\"attachment-full size-full wp-image-6072\" alt=\"\" srcset=\"https:\/\/parkingleipzig.de\/wp-content\/uploads\/2025\/05\/ShuttleVansNight.jpg 1024w, https:\/\/parkingleipzig.de\/wp-content\/uploads\/2025\/05\/ShuttleVansNight-200x300.jpg 200w, https:\/\/parkingleipzig.de\/wp-content\/uploads\/2025\/05\/ShuttleVansNight-683x1024.jpg 683w, https:\/\/parkingleipzig.de\/wp-content\/uploads\/2025\/05\/ShuttleVansNight-768x1152.jpg 768w, https:\/\/parkingleipzig.de\/wp-content\/uploads\/2025\/05\/ShuttleVansNight-267x400.jpg 267w\" sizes=\"(max-width: 1024px) 100vw, 1024px\" data-id=\"6072\" \/>\t\t\t\t\t\t\t\t\t\t\t\t\t\t\t<\/div>\n\t\t\t\t<\/div>\n\t\t\t\t\t<\/div>\n\t\t<\/div>\n\t\t\t\t\t<\/div>\n\t\t<\/section>\n\t\t\t\t\t<\/div>\n\t\t<\/div>\n\t\t\t\t\t<\/div>\n\t\t<\/section>\n\t\t\t\t<\/div>\n\t\t","protected":false},"excerpt":{"rendered":"<p>Zawsze do Twojej dyspozycji Dost\u0119pno\u015b\u0107 24\/7na ParkingLeipzig.de Podr\u00f3\u017cowanie to wolno\u015b\u0107, ale te\u017c pewna nieprzewidywalno\u015b\u0107. Loty odbywaj\u0105 si\u0119 o r\u00f3\u017cnych porach dnia i nocy, zdarzaj\u0105 si\u0119 op\u00f3\u017anienia, zmiany rezerwacji lub kr\u00f3tkoterminowe plany podr\u00f3\u017cy. W\u0142a\u015bnie dlatego w ParkingLeipzig.de stawiamy na maksymaln\u0105 elastyczno\u015b\u0107: nasz serwis jest dost\u0119pny 24 godziny na dob\u0119, 7 dni w tygodniu \u2013 bez wyj\u0105tk\u00f3w, &hellip; <a href=\"https:\/\/parkingleipzig.de\/pl\/dostepnosc-24-7-na-parkingleipzig-de-bezstresowe-parkowanie-na-lotnisku-w-lipsku-przez-cala-dobe\/\" class=\"more-link\">Continue reading <span class=\"screen-reader-text\">Dost\u0119pno\u015b\u0107 24\/7 w ParkingLeipzig.de \u2013 parkuj bezstresowo na lotnisku w Lipsku przez ca\u0142\u0105 dob\u0119<\/span><\/a><\/p>\n","protected":false},"author":1,"featured_media":0,"parent":0,"menu_order":0,"comment_status":"closed","ping_status":"closed","template":"","meta":{"footnotes":""},"class_list":["post-6231","page","type-page","status-publish","hentry"],"_links":{"self":[{"href":"https:\/\/parkingleipzig.de\/pl\/wp-json\/wp\/v2\/pages\/6231","targetHints":{"allow":["GET"]}}],"collection":[{"href":"https:\/\/parkingleipzig.de\/pl\/wp-json\/wp\/v2\/pages"}],"about":[{"href":"https:\/\/parkingleipzig.de\/pl\/wp-json\/wp\/v2\/types\/page"}],"author":[{"embeddable":true,"href":"https:\/\/parkingleipzig.de\/pl\/wp-json\/wp\/v2\/users\/1"}],"replies":[{"embeddable":true,"href":"https:\/\/parkingleipzig.de\/pl\/wp-json\/wp\/v2\/comments?post=6231"}],"version-history":[{"count":0,"href":"https:\/\/parkingleipzig.de\/pl\/wp-json\/wp\/v2\/pages\/6231\/revisions"}],"wp:attachment":[{"href":"https:\/\/parkingleipzig.de\/pl\/wp-json\/wp\/v2\/media?parent=6231"}],"curies":[{"name":"wp","href":"https:\/\/api.w.org\/{rel}","templated":true}]}}