{"id":6218,"date":"2025-05-24T19:22:28","date_gmt":"2025-05-24T17:22:28","guid":{"rendered":"https:\/\/parkingleipzig.de\/bezpieczenstwo-na-najwyzszym-poziomie-w-parkingleipzig-de\/"},"modified":"2025-06-08T19:03:06","modified_gmt":"2025-06-08T17:03:06","slug":"bezpieczenstwo-na-najwyzszym-poziomie-w-parkingleipzig-de","status":"publish","type":"page","link":"https:\/\/parkingleipzig.de\/pl\/bezpieczenstwo-na-najwyzszym-poziomie-w-parkingleipzig-de\/","title":{"rendered":"Bezpiecze\u0144stwo na najwy\u017cszym poziomie w ParkingLeipzig.de"},"content":{"rendered":"\t\t<div data-elementor-type=\"wp-page\" data-elementor-id=\"6218\" class=\"elementor elementor-6218 elementor-5188\">\n\t\t\t\t\t\t<section class=\"elementor-section elementor-top-section elementor-element elementor-element-4d7286f elementor-section-stretched prt-column-break-ipad-no prt-col-stretched-none elementor-section-boxed elementor-section-height-default elementor-section-height-default\" data-id=\"4d7286f\" data-element_type=\"section\" data-e-type=\"section\" data-settings=\"{&quot;stretch_section&quot;:&quot;section-stretched&quot;}\">\n\t\t\t\t\t\t<div class=\"elementor-container elementor-column-gap-no\">\n\t\t\t\t\t<div class=\"elementor-column elementor-col-50 elementor-top-column elementor-element elementor-element-473f8de\" data-id=\"473f8de\" data-element_type=\"column\" data-e-type=\"column\" data-settings=\"{&quot;background_background&quot;:&quot;classic&quot;}\">\n\t\t\t<div class=\"elementor-widget-wrap elementor-element-populated\">\n\t\t\t\t\t\t<section class=\"elementor-section elementor-inner-section elementor-element elementor-element-23aed25 prt-column-break-ipad-no prt-col-stretched-none elementor-section-boxed elementor-section-height-default elementor-section-height-default\" data-id=\"23aed25\" data-element_type=\"section\" data-e-type=\"section\">\n\t\t\t\t\t\t<div class=\"elementor-container elementor-column-gap-no\">\n\t\t\t\t\t<div class=\"elementor-column elementor-col-100 elementor-inner-column elementor-element elementor-element-6fd0681\" data-id=\"6fd0681\" data-element_type=\"column\" data-e-type=\"column\">\n\t\t\t<div class=\"elementor-widget-wrap elementor-element-populated\">\n\t\t\t\t\t\t<div class=\"elementor-element elementor-element-0cc9108 prt-align-left elementor-widget elementor-widget-prt_heading\" data-id=\"0cc9108\" data-element_type=\"widget\" data-e-type=\"widget\" data-widget_type=\"prt_heading.default\">\n\t\t\t\t<div class=\"elementor-widget-container\">\n\t\t\t\t\t<div class=\"prt-element-heading-content-wrapper left-align prt-reverse-heading-yes prt-seperator-solid  prt-heading-style-vertical \"><div class=\"prt-content-header\"><h4 class=\"prt-element-subheading\">\n\t\t\t\tBezpieczne parkingi\n\t\t\t<\/h4>\n\t\t<h2 class=\"prt-element-content-heading\">\n\t\t\t\tBezpiecze\u0144stwo?<br>Oczywi\u015bcie.\n\t\t\t<\/h2>\n\t\t<\/div><\/div>\t\t\t\t<\/div>\n\t\t\t\t<\/div>\n\t\t\t\t\t<\/div>\n\t\t<\/div>\n\t\t\t\t\t<\/div>\n\t\t<\/section>\n\t\t\t\t<section class=\"elementor-section elementor-inner-section elementor-element elementor-element-6e43241 prt-column-break-ipad-no prt-col-stretched-none elementor-section-boxed elementor-section-height-default elementor-section-height-default\" data-id=\"6e43241\" data-element_type=\"section\" data-e-type=\"section\">\n\t\t\t\t\t\t<div class=\"elementor-container elementor-column-gap-no\">\n\t\t\t\t\t<div class=\"elementor-column elementor-col-100 elementor-inner-column elementor-element elementor-element-a579535\" data-id=\"a579535\" data-element_type=\"column\" data-e-type=\"column\">\n\t\t\t<div class=\"elementor-widget-wrap elementor-element-populated\">\n\t\t\t\t\t\t<div class=\"elementor-element elementor-element-158f63a elementor-widget__width-initial elementor-widget elementor-widget-text-editor\" data-id=\"158f63a\" data-element_type=\"widget\" data-e-type=\"widget\" data-widget_type=\"text-editor.default\">\n\t\t\t\t<div class=\"elementor-widget-container\">\n\t\t\t\t\t\t\t\t\t<p data-start=\"119\" data-end=\"354\"><span class=\"relative -mx-px my-[-0.2rem] rounded px-px py-[0.2rem] transition-colors duration-100 ease-in-out\">Je\u015bli chodzi o bezpiecze\u0144stwo Twojego pojazdu podczas podr\u00f3\u017cy, nie pozostawiamy niczego przypadkowi.<\/span> W <strong data-start=\"161\" data-end=\"182\">ParkingLeipzig.de<\/strong> polegamy na <strong data-start=\"214\" data-end=\"244\">najnowocze\u015bniejszym systemie bezpiecze\u0144stwa BauWatch<\/strong>, aby zapewni\u0107 Ci <strong data-start=\"255\" data-end=\"306\">maksymalne bezpiecze\u0144stwo i spok\u00f3j ducha<\/strong> .<\/p><p data-start=\"119\" data-end=\"354\"> <\/p><h3 data-start=\"356\" data-end=\"405\">\ud83c\udfa5 Najnowocze\u015bniejszy ca\u0142odobowy monitoring wizyjny<\/h3><p data-start=\"407\" data-end=\"561\"><span class=\"relative -mx-px my-[-0.2rem] rounded px-px py-[0.2rem] transition-colors duration-100 ease-in-out\"><strong data-start=\"4\" data-end=\"23\">System BauWatch wyposa\u017cony jest w kamery o wysokiej rozdzielczo\u015bci<\/strong>, kt\u00f3re monitoruj\u0105 ca\u0142y teren naszego parku <strong data-start=\"101\" data-end=\"140\">24 godziny na dob\u0119, 7 dni w tygodniu<\/strong>.<\/span> <span class=\"relative -mx-px my-[-0.2rem] rounded px-px py-[0.2rem] transition-colors duration-100 ease-in-out\">Dzi\u0119ki inteligentnej analizie wideo system wykrywa ka\u017cdy nietypowy ruch i natychmiast wysy\u0142a alarm do naszego centralnego centrum sterowania.<\/span><\/p><p data-start=\"407\" data-end=\"561\"><span class=\"relative -mx-px my-[-0.2rem] rounded px-px py-[0.2rem] transition-colors duration-100 ease-in-out\"> <\/span><\/p><p data-start=\"407\" data-end=\"561\"> <\/p><h3 data-start=\"563\" data-end=\"617\">\ud83d\udea8 Natychmiastowa reakcja na podejrzan\u0105 aktywno\u015b\u0107<\/h3><p data-start=\"619\" data-end=\"817\"><span class=\"relative -mx-px my-[-0.2rem] rounded px-px py-[0.2rem] transition-colors duration-100 ease-in-out\">W przypadku alarmu nasza <strong data-start=\"32\" data-end=\"63\">certyfikowana centrala alarmowa<\/strong> reaguje w ci\u0105gu kilku sekund.<\/span> <span class=\"relative -mx-px my-[-0.2rem] rounded px-px py-[0.2rem] transition-colors duration-100 ease-in-out\">Po\u0142\u0105czenie transmisji wideo na \u017cywo i systemu nag\u0142o\u015bnienia pozwala na bezpo\u015brednie zwr\u00f3cenie si\u0119 do potencjalnych intruz\u00f3w i odstraszenie ich.<\/span> <span class=\"relative -mx-px my-[-0.2rem] rounded px-px py-[0.2rem] transition-colors duration-100 ease-in-out\">W wi\u0119kszo\u015bci przypadk\u00f3w ten proaktywny \u015brodek zapobiega ju\u017c pr\u00f3bom kradzie\u017cy lub wandalizmu.<\/span><\/p><p data-start=\"619\" data-end=\"817\"><span class=\"relative -mx-px my-[-0.2rem] rounded px-px py-[0.2rem] transition-colors duration-100 ease-in-out\"> <\/span><\/p><h3 data-start=\"819\" data-end=\"871\">\ud83c\udf10 Samowystarczalne bezpiecze\u0144stwo \u2013 nawet bez pod\u0142\u0105czenia do pr\u0105du<\/h3><p data-start=\"873\" data-end=\"1071\"><span class=\"relative -mx-px my-[-0.2rem] rounded px-px py-[0.2rem] transition-colors duration-100 ease-in-out\"><strong data-start=\"4\" data-end=\"23\">System BauWatch<\/strong> nie opiera si\u0119 na zewn\u0119trznym zasilaniu.<\/span> <span class=\"relative -mx-px my-[-0.2rem] rounded px-px py-[0.2rem] transition-colors duration-100 ease-in-out\">Dzi\u0119ki zintegrowanej <strong data-start=\"18\" data-end=\"34\">energii s\u0142onecznej<\/strong> i wydajnym akumulatorom monitorowanie pozostaje aktywne nawet w przypadku przerw w dostawie pr\u0105du lub w odleg\u0142ych lokalizacjach.<\/span> <span class=\"relative -mx-px my-[-0.2rem] rounded px-px py-[0.2rem] transition-colors duration-100 ease-in-out\">Zapewnia to <strong data-start=\"24\" data-end=\"49\">pe\u0142ne bezpiecze\u0144stwo<\/strong> Twojego pojazdu, niezale\u017cnie od warunk\u00f3w zewn\u0119trznych.<\/span><\/p><p data-start=\"873\" data-end=\"1071\"><span class=\"relative -mx-px my-[-0.2rem] rounded px-px py-[0.2rem] transition-colors duration-100 ease-in-out\"> <\/span><\/p><h3 data-start=\"1073\" data-end=\"1117\">\ud83d\udee1\ufe0f Ochrona przed manipulacj\u0105 i sabota\u017cem<\/h3><p data-start=\"1119\" data-end=\"1277\"><span class=\"relative -mx-px my-[-0.2rem] rounded px-px py-[0.2rem] transition-colors duration-100 ease-in-out\">System wykrywa nie tylko nieautoryzowany dost\u0119p, ale tak\u017ce <strong data-start=\"62\" data-end=\"87\">pr\u00f3by manipulacji<\/strong> czy usterki techniczne.<\/span> <span class=\"relative -mx-px my-[-0.2rem] rounded px-px py-[0.2rem] transition-colors duration-100 ease-in-out\">W takich przypadkach alarm jest uruchamiany automatycznie, a nasi technicy mog\u0105 <strong data-start=\"99\" data-end=\"118\">zdalnie<\/strong> rozwi\u0105za\u0107 wiele problem\u00f3w, aby jak najszybciej przywr\u00f3ci\u0107 bezpiecze\u0144stwo.<\/span><\/p><p data-start=\"1119\" data-end=\"1277\"><span class=\"relative -mx-px my-[-0.2rem] rounded px-px py-[0.2rem] transition-colors duration-100 ease-in-out\"> <\/span><\/p><h3 data-start=\"1279\" data-end=\"1307\">\ud83d\udcc8 Potwierdzona skuteczno\u015b\u0107<\/h3><p data-start=\"1309\" data-end=\"1467\"><span class=\"relative -mx-px my-[-0.2rem] rounded px-px py-[0.2rem] transition-colors duration-100 ease-in-out\">Z ponad <strong data-start=\"9\" data-end=\"48\">7 milionami alert\u00f3w rocznie<\/strong> i ponad <strong data-start=\"62\" data-end=\"96\">550 udanymi aresztowaniami<\/strong> , system BauWatch jest zaufanym partnerem w dziedzinie bezpiecze\u0144stwa.<\/span> <span class=\"relative -mx-px my-[-0.2rem] rounded px-px py-[0.2rem] transition-colors duration-100 ease-in-out\">Te imponuj\u0105ce liczby podkre\u015blaj\u0105 <strong data-start=\"48\" data-end=\"81\">niezawodno\u015b\u0107 i wydajno\u015b\u0107<\/strong> systemu.<\/span><\/p><p data-start=\"1309\" data-end=\"1467\"><span class=\"relative -mx-px my-[-0.2rem] rounded px-px py-[0.2rem] transition-colors duration-100 ease-in-out\"> <\/span><\/p><h3 data-start=\"1474\" data-end=\"1550\">\u2705 Korzy\u015bci p\u0142yn\u0105ce z zastosowania systemu bezpiecze\u0144stwa BauWatch w ParkingLeipzig.de<\/h3><ul data-start=\"1552\" data-end=\"1871\"><li data-start=\"1552\" data-end=\"1601\"><p data-start=\"1554\" data-end=\"1601\"><strong data-start=\"1554\" data-end=\"1585\">Ca\u0142odobowy monitoring<\/strong> Twojego pojazdu<\/p><\/li><li data-start=\"1602\" data-end=\"1658\"><p data-start=\"1604\" data-end=\"1658\"><strong data-start=\"1604\" data-end=\"1629\">Natychmiastowe ostrzeganie w<\/strong> przypadku podejrzanej aktywno\u015bci<\/p><\/li><li data-start=\"1659\" data-end=\"1707\"><p data-start=\"1661\" data-end=\"1707\"><strong data-start=\"1661\" data-end=\"1688\">Samowystarczalne zasilanie<\/strong> energi\u0105 s\u0142oneczn\u0105<\/p><\/li><li data-start=\"1708\" data-end=\"1763\"><p data-start=\"1710\" data-end=\"1763\"><strong data-start=\"1710\" data-end=\"1737\">Ochrona przed manipulacj\u0105<\/strong> i awariami technicznymi<\/p><\/li><li data-start=\"1764\" data-end=\"1820\"><p data-start=\"1766\" data-end=\"1820\"><strong data-start=\"1766\" data-end=\"1796\">Do\u015bwiadczony zesp\u00f3\u0142 ds. bezpiecze\u0144stwa<\/strong> zapewniaj\u0105cy szybk\u0105 reakcj\u0119<\/p><\/li><li data-start=\"1821\" data-end=\"1871\"><p data-start=\"1823\" data-end=\"1871\"><strong data-start=\"1823\" data-end=\"1848\">Udowodniona skuteczno\u015b\u0107<\/strong> i wysoki wska\u017anik sukcesu<\/p><\/li><\/ul><p data-start=\"1878\" data-end=\"2159\"><strong data-start=\"1878\" data-end=\"2159\"> <\/strong><\/p><p data-start=\"1878\" data-end=\"2159\"><strong data-start=\"1878\" data-end=\"2159\">Dzi\u0119ki systemowi bezpiecze\u0144stwa BauWatch ParkingLeipzig.de oferuje jedno z najnowocze\u015bniejszych i najbardziej niezawodnych rozwi\u0105za\u0144 zabezpieczaj\u0105cych dla Twojego pojazdu podczas podr\u00f3\u017cy. Zaufaj naszej wiedzy i rozpocznij wakacje lub podr\u00f3\u017c s\u0142u\u017cbow\u0105 beztrosko. <\/strong><\/p>\t\t\t\t\t\t\t\t<\/div>\n\t\t\t\t<\/div>\n\t\t\t\t\t<\/div>\n\t\t<\/div>\n\t\t\t\t\t<\/div>\n\t\t<\/section>\n\t\t\t\t\t<\/div>\n\t\t<\/div>\n\t\t\t\t<div class=\"elementor-column elementor-col-50 elementor-top-column elementor-element elementor-element-9a5b088\" data-id=\"9a5b088\" data-element_type=\"column\" data-e-type=\"column\" data-settings=\"{&quot;background_background&quot;:&quot;classic&quot;}\">\n\t\t\t<div class=\"elementor-widget-wrap elementor-element-populated\">\n\t\t\t\t\t\t<section class=\"elementor-section elementor-inner-section elementor-element elementor-element-dcb8842 prt-column-break-ipad-no prt-col-stretched-none elementor-section-boxed elementor-section-height-default elementor-section-height-default\" data-id=\"dcb8842\" data-element_type=\"section\" data-e-type=\"section\">\n\t\t\t\t\t\t<div class=\"elementor-container elementor-column-gap-no\">\n\t\t\t\t\t<div class=\"elementor-column elementor-col-100 elementor-inner-column elementor-element elementor-element-d42b352\" data-id=\"d42b352\" data-element_type=\"column\" data-e-type=\"column\" data-settings=\"{&quot;background_background&quot;:&quot;classic&quot;}\">\n\t\t\t<div class=\"elementor-widget-wrap elementor-element-populated\">\n\t\t\t\t\t\t<div class=\"elementor-element elementor-element-d32dafc elementor-widget elementor-widget-image\" data-id=\"d32dafc\" data-element_type=\"widget\" data-e-type=\"widget\" data-widget_type=\"image.default\">\n\t\t\t\t<div class=\"elementor-widget-container\">\n\t\t\t\t\t\t\t\t\t\t\t\t\t\t\t<img fetchpriority=\"high\" decoding=\"async\" width=\"597\" height=\"892\" src=\"https:\/\/parkingleipzig.de\/wp-content\/uploads\/2025\/05\/Sicherheit.jpg\" class=\"attachment-full size-full wp-image-5905\" alt=\"\" srcset=\"https:\/\/parkingleipzig.de\/wp-content\/uploads\/2025\/05\/Sicherheit.jpg 597w, https:\/\/parkingleipzig.de\/wp-content\/uploads\/2025\/05\/Sicherheit-201x300.jpg 201w, https:\/\/parkingleipzig.de\/wp-content\/uploads\/2025\/05\/Sicherheit-268x400.jpg 268w\" sizes=\"(max-width: 597px) 100vw, 597px\" data-id=\"5905\" \/>\t\t\t\t\t\t\t\t\t\t\t\t\t\t\t<\/div>\n\t\t\t\t<\/div>\n\t\t\t\t\t<\/div>\n\t\t<\/div>\n\t\t\t\t\t<\/div>\n\t\t<\/section>\n\t\t\t\t\t<\/div>\n\t\t<\/div>\n\t\t\t\t\t<\/div>\n\t\t<\/section>\n\t\t\t\t<\/div>\n\t\t","protected":false},"excerpt":{"rendered":"<p>Bezpieczne parkingi Bezpiecze\u0144stwo?Oczywi\u015bcie. Je\u015bli chodzi o bezpiecze\u0144stwo Twojego pojazdu podczas podr\u00f3\u017cy, nie pozostawiamy niczego przypadkowi. W ParkingLeipzig.de polegamy na najnowocze\u015bniejszym systemie bezpiecze\u0144stwa BauWatch, aby zapewni\u0107 Ci maksymalne bezpiecze\u0144stwo i spok\u00f3j ducha . \ud83c\udfa5 Najnowocze\u015bniejszy ca\u0142odobowy monitoring wizyjny System BauWatch wyposa\u017cony jest w kamery o wysokiej rozdzielczo\u015bci, kt\u00f3re monitoruj\u0105 ca\u0142y teren naszego parku 24 godziny na &hellip; <a href=\"https:\/\/parkingleipzig.de\/pl\/bezpieczenstwo-na-najwyzszym-poziomie-w-parkingleipzig-de\/\" class=\"more-link\">Continue reading <span class=\"screen-reader-text\">Bezpiecze\u0144stwo na najwy\u017cszym poziomie w ParkingLeipzig.de<\/span><\/a><\/p>\n","protected":false},"author":1,"featured_media":0,"parent":0,"menu_order":0,"comment_status":"closed","ping_status":"closed","template":"","meta":{"footnotes":""},"class_list":["post-6218","page","type-page","status-publish","hentry"],"_links":{"self":[{"href":"https:\/\/parkingleipzig.de\/pl\/wp-json\/wp\/v2\/pages\/6218","targetHints":{"allow":["GET"]}}],"collection":[{"href":"https:\/\/parkingleipzig.de\/pl\/wp-json\/wp\/v2\/pages"}],"about":[{"href":"https:\/\/parkingleipzig.de\/pl\/wp-json\/wp\/v2\/types\/page"}],"author":[{"embeddable":true,"href":"https:\/\/parkingleipzig.de\/pl\/wp-json\/wp\/v2\/users\/1"}],"replies":[{"embeddable":true,"href":"https:\/\/parkingleipzig.de\/pl\/wp-json\/wp\/v2\/comments?post=6218"}],"version-history":[{"count":0,"href":"https:\/\/parkingleipzig.de\/pl\/wp-json\/wp\/v2\/pages\/6218\/revisions"}],"wp:attachment":[{"href":"https:\/\/parkingleipzig.de\/pl\/wp-json\/wp\/v2\/media?parent=6218"}],"curies":[{"name":"wp","href":"https:\/\/api.w.org\/{rel}","templated":true}]}}