{"id":6196,"date":"2025-05-24T20:03:22","date_gmt":"2025-05-24T18:03:22","guid":{"rendered":"https:\/\/parkingleipzig.de\/flexible-buchung-bei-parkingleipzig-de-parken-ohne-stress-ganz-nach-ihrem-zeitplan\/"},"modified":"2025-06-08T19:04:09","modified_gmt":"2025-06-08T17:04:09","slug":"flexible-buchung-bei-parkingleipzig-de-parken-ohne-stress-ganz-nach-ihrem-zeitplan","status":"publish","type":"page","link":"https:\/\/parkingleipzig.de\/pl\/flexible-buchung-bei-parkingleipzig-de-parken-ohne-stress-ganz-nach-ihrem-zeitplan\/","title":{"rendered":"Elastyczna rezerwacja w ParkingLeipzig.de \u2013 bezstresowe parkowanie, zgodnie z Twoim harmonogramem"},"content":{"rendered":"\t\t<div data-elementor-type=\"wp-page\" data-elementor-id=\"6196\" class=\"elementor elementor-6196 elementor-5213\">\n\t\t\t\t\t\t<section class=\"elementor-section elementor-top-section elementor-element elementor-element-4d7286f elementor-section-stretched prt-column-break-ipad-no prt-col-stretched-none elementor-section-boxed elementor-section-height-default elementor-section-height-default\" data-id=\"4d7286f\" data-element_type=\"section\" data-e-type=\"section\" data-settings=\"{&quot;stretch_section&quot;:&quot;section-stretched&quot;}\">\n\t\t\t\t\t\t<div class=\"elementor-container elementor-column-gap-no\">\n\t\t\t\t\t<div class=\"elementor-column elementor-col-50 elementor-top-column elementor-element elementor-element-473f8de\" data-id=\"473f8de\" data-element_type=\"column\" data-e-type=\"column\" data-settings=\"{&quot;background_background&quot;:&quot;classic&quot;}\">\n\t\t\t<div class=\"elementor-widget-wrap elementor-element-populated\">\n\t\t\t\t\t\t<section class=\"elementor-section elementor-inner-section elementor-element elementor-element-23aed25 prt-column-break-ipad-no prt-col-stretched-none elementor-section-boxed elementor-section-height-default elementor-section-height-default\" data-id=\"23aed25\" data-element_type=\"section\" data-e-type=\"section\">\n\t\t\t\t\t\t<div class=\"elementor-container elementor-column-gap-no\">\n\t\t\t\t\t<div class=\"elementor-column elementor-col-100 elementor-inner-column elementor-element elementor-element-6fd0681\" data-id=\"6fd0681\" data-element_type=\"column\" data-e-type=\"column\">\n\t\t\t<div class=\"elementor-widget-wrap elementor-element-populated\">\n\t\t\t\t\t\t<div class=\"elementor-element elementor-element-0cc9108 prt-align-left elementor-widget elementor-widget-prt_heading\" data-id=\"0cc9108\" data-element_type=\"widget\" data-e-type=\"widget\" data-widget_type=\"prt_heading.default\">\n\t\t\t\t<div class=\"elementor-widget-container\">\n\t\t\t\t\t<div class=\"prt-element-heading-content-wrapper left-align prt-reverse-heading-yes prt-seperator-solid  prt-heading-style-vertical \"><div class=\"prt-content-header\"><h4 class=\"prt-element-subheading\">\n\t\t\t\tElastyczna rezerwacja\n\t\t\t<\/h4>\n\t\t<h2 class=\"prt-element-content-heading\">\n\t\t\t\tZmiana plan\u00f3w?<br>\nAnulowanie do 24 godzin\n\t\t\t<\/h2>\n\t\t<\/div><\/div>\t\t\t\t<\/div>\n\t\t\t\t<\/div>\n\t\t\t\t\t<\/div>\n\t\t<\/div>\n\t\t\t\t\t<\/div>\n\t\t<\/section>\n\t\t\t\t<section class=\"elementor-section elementor-inner-section elementor-element elementor-element-6e43241 prt-column-break-ipad-no prt-col-stretched-none elementor-section-boxed elementor-section-height-default elementor-section-height-default\" data-id=\"6e43241\" data-element_type=\"section\" data-e-type=\"section\">\n\t\t\t\t\t\t<div class=\"elementor-container elementor-column-gap-no\">\n\t\t\t\t\t<div class=\"elementor-column elementor-col-100 elementor-inner-column elementor-element elementor-element-a579535\" data-id=\"a579535\" data-element_type=\"column\" data-e-type=\"column\">\n\t\t\t<div class=\"elementor-widget-wrap elementor-element-populated\">\n\t\t\t\t\t\t<div class=\"elementor-element elementor-element-158f63a elementor-widget__width-initial elementor-widget elementor-widget-text-editor\" data-id=\"158f63a\" data-element_type=\"widget\" data-e-type=\"widget\" data-widget_type=\"text-editor.default\">\n\t\t\t\t<div class=\"elementor-widget-container\">\n\t\t\t\t\t\t\t\t\t<p data-start=\"277\" data-end=\"493\">Loty si\u0119 zmieniaj\u0105. Plany podr\u00f3\u017cy zostaj\u0105 prze\u0142o\u017cone. Czasami \u017cycie po prostu staje na drodze. Dlatego w <strong data-start=\"393\" data-end=\"414\">ParkingLeipzig.de<\/strong> polegamy na <strong data-start=\"423\" data-end=\"491\">systemie rezerwacji, kt\u00f3ry dostosowuje si\u0119 do Twojego codziennego \u017cycia \u2013 a nie na odwr\u00f3t.<\/strong>   <\/p><p data-start=\"495\" data-end=\"660\">Dzi\u0119ki naszej <strong data-start=\"507\" data-end=\"528\">elastycznej rezerwacji<\/strong> masz swobod\u0119 <strong data-start=\"553\" data-end=\"610\">zmiany, zmiany rezerwacji lub anulowania rezerwacji w locie<\/strong> \u2013 \u0142atwo i bez skomplikowanych warunk\u00f3w.<\/p><p data-start=\"495\" data-end=\"660\"> <\/p><h3 data-start=\"662\" data-end=\"726\">\u2708\ufe0f Plany podr\u00f3\u017cy si\u0119 zmieniaj\u0105 \u2013 i to nie jest dla nas problemem<\/h3><p data-start=\"728\" data-end=\"959\">Niezale\u017cnie od tego, czy chcesz wyjecha\u0107 wcze\u015bniej, wr\u00f3ci\u0107 p\u00f3\u017aniej, czy prze\u0142o\u017cy\u0107 podr\u00f3\u017c \u2013 wystarczy kilka klikni\u0119\u0107, aby dostosowa\u0107 rezerwacj\u0119 bezpo\u015brednio przez nasz system online.  <strong data-start=\"889\" data-end=\"957\">Bez czekania, bez maratonu obs\u0142ugi klienta, bez biurokracji.<\/strong><\/p><p data-start=\"961\" data-end=\"1012\"><strong data-start=\"961\" data-end=\"1012\">Elastyczno\u015b\u0107 oznacza dla nas, \u017ce to Ty decydujesz.<\/strong><\/p><p data-start=\"961\" data-end=\"1012\"><strong data-start=\"961\" data-end=\"1012\"> <\/strong><\/p><h3 data-start=\"1014\" data-end=\"1056\">\ud83d\udcf2 Po prostu zmie\u0144 rezerwacj\u0119 online \u2013 w dowolnym momencie<\/h3><p data-start=\"1058\" data-end=\"1287\">Nasz system rezerwacji dzia\u0142a <strong data-start=\"1092\" data-end=\"1132\">online, intuicyjnie i przez ca\u0142\u0105 dob\u0119<\/strong>. Zaloguj si\u0119, wywo\u0142aj rezerwacj\u0119, zmie\u0144 dane, zapisz \u2013 gotowe. A je\u015bli potrzebujesz pomocy, nasz zesp\u00f3\u0142 wsparcia z przyjemno\u015bci\u0105 Ci pomo\u017ce.  <\/p><p data-start=\"1058\" data-end=\"1287\"> <\/p><h3 data-start=\"1289\" data-end=\"1327\">\ud83d\udcb8 Dostosowane zasady anulowania rezerwacji<\/h3><p data-start=\"1329\" data-end=\"1546\">Nie wiesz jeszcze, czy lot si\u0119 odb\u0119dzie? Nie ma sprawy! Oferujemy <strong data-start=\"1414\" data-end=\"1464\">uczciwe i przejrzyste zasady anulowania<\/strong>, kt\u00f3re s\u0105 oparte na realistycznych okoliczno\u015bciach podr\u00f3\u017cy \u2013 <strong data-start=\"1521\" data-end=\"1545\">bez drobnego druku<\/strong>.  <\/p><p data-start=\"1329\" data-end=\"1546\"> <\/p><h3 data-start=\"1548\" data-end=\"1616\">\ud83d\udc68\u200d\ud83d\udc69\u200d\ud83d\udc67\u200d\ud83d\udc66 Idealny dla rodzin, os\u00f3b podr\u00f3\u017cuj\u0105cych s\u0142u\u017cbowo i os\u00f3b cz\u0119sto rezerwuj\u0105cych<\/h3><p data-start=\"1618\" data-end=\"1847\">Zw\u0142aszcza je\u015bli chodzi o rodzinne wakacje lub <strong data-start=\"1678\" data-end=\"1720\">podr\u00f3\u017ce s\u0142u\u017cbowe, zmiany czasu s\u0105 prawie normalne<\/strong>. Dzi\u0119ki naszej elastycznej rezerwacji mo\u017cesz by\u0107 <strong data-start=\"1764\" data-end=\"1803\">zrelaksowany i przygotowany na wszystko<\/strong> \u2013 nawet je\u015bli co\u015b si\u0119 zmieni w kr\u00f3tkim czasie. <\/p><p data-start=\"1618\" data-end=\"1847\"> <\/p><h3 data-start=\"1854\" data-end=\"1917\">\u2705 Korzy\u015bci z elastycznej rezerwacji z ParkingLeipzig.de<\/h3><ul data-start=\"1919\" data-end=\"2220\"><li data-start=\"1919\" data-end=\"1969\"><p data-start=\"1921\" data-end=\"1969\"><strong data-start=\"1921\" data-end=\"1967\">Zmiana rezerwacji mo\u017cliwa online przez ca\u0142\u0105 dob\u0119<\/strong><\/p><\/li><li data-start=\"1970\" data-end=\"2011\"><p data-start=\"1972\" data-end=\"2011\"><strong data-start=\"1972\" data-end=\"2009\">Przejrzyste opcje anulowania rezerwacji<\/strong><\/p><\/li><li data-start=\"2012\" data-end=\"2062\"><p data-start=\"2014\" data-end=\"2062\"><strong data-start=\"2014\" data-end=\"2060\">Brak ukrytych op\u0142at i biurokracji<\/strong><\/p><\/li><li data-start=\"2063\" data-end=\"2120\"><p data-start=\"2065\" data-end=\"2120\"><strong data-start=\"2065\" data-end=\"2118\">Idealny do niejasnych godzin lot\u00f3w lub spontanicznych podr\u00f3\u017cy<\/strong><\/p><\/li><li data-start=\"2121\" data-end=\"2177\"><p data-start=\"2123\" data-end=\"2177\"><strong data-start=\"2123\" data-end=\"2175\">Zesp\u00f3\u0142 pomocy technicznej dost\u0119pny, je\u015bli potrzebujesz pomocy<\/strong><\/p><\/li><li data-start=\"2178\" data-end=\"2220\"><p data-start=\"2180\" data-end=\"2220\"><strong data-start=\"2180\" data-end=\"2218\">Szybko, \u0142atwo, przyja\u017anie dla klienta<\/strong><\/p><\/li><\/ul><p> <\/p><p><strong data-start=\"2227\" data-end=\"2385\">Elastyczna rezerwacja z ParkingLeipzig.de oznacza maksymaln\u0105 swobod\u0119 i bezpiecze\u0144stwo w planowaniu podr\u00f3\u017cy \u2013 poniewa\u017c nie zawsze wszystko da si\u0119 zaplanowa\u0107.<\/strong><\/p>\t\t\t\t\t\t\t\t<\/div>\n\t\t\t\t<\/div>\n\t\t\t\t\t<\/div>\n\t\t<\/div>\n\t\t\t\t\t<\/div>\n\t\t<\/section>\n\t\t\t\t\t<\/div>\n\t\t<\/div>\n\t\t\t\t<div class=\"elementor-column elementor-col-50 elementor-top-column elementor-element elementor-element-9a5b088\" data-id=\"9a5b088\" data-element_type=\"column\" data-e-type=\"column\" data-settings=\"{&quot;background_background&quot;:&quot;classic&quot;}\">\n\t\t\t<div class=\"elementor-widget-wrap elementor-element-populated\">\n\t\t\t\t\t\t<section class=\"elementor-section elementor-inner-section elementor-element elementor-element-dcb8842 prt-column-break-ipad-no prt-col-stretched-none elementor-section-boxed elementor-section-height-default elementor-section-height-default\" data-id=\"dcb8842\" data-element_type=\"section\" data-e-type=\"section\">\n\t\t\t\t\t\t<div class=\"elementor-container elementor-column-gap-no\">\n\t\t\t\t\t<div class=\"elementor-column elementor-col-100 elementor-inner-column elementor-element elementor-element-d42b352\" data-id=\"d42b352\" data-element_type=\"column\" data-e-type=\"column\" data-settings=\"{&quot;background_background&quot;:&quot;classic&quot;}\">\n\t\t\t<div class=\"elementor-widget-wrap elementor-element-populated\">\n\t\t\t\t\t\t<div class=\"elementor-element elementor-element-d32dafc elementor-widget elementor-widget-image\" data-id=\"d32dafc\" data-element_type=\"widget\" data-e-type=\"widget\" data-widget_type=\"image.default\">\n\t\t\t\t<div class=\"elementor-widget-container\">\n\t\t\t\t\t\t\t\t\t\t\t\t\t\t\t<img fetchpriority=\"high\" decoding=\"async\" width=\"1024\" height=\"1536\" src=\"https:\/\/parkingleipzig.de\/wp-content\/uploads\/2025\/05\/Calendar.jpg\" class=\"attachment-full size-full wp-image-5911\" alt=\"\" srcset=\"https:\/\/parkingleipzig.de\/wp-content\/uploads\/2025\/05\/Calendar.jpg 1024w, https:\/\/parkingleipzig.de\/wp-content\/uploads\/2025\/05\/Calendar-200x300.jpg 200w, https:\/\/parkingleipzig.de\/wp-content\/uploads\/2025\/05\/Calendar-683x1024.jpg 683w, https:\/\/parkingleipzig.de\/wp-content\/uploads\/2025\/05\/Calendar-768x1152.jpg 768w, https:\/\/parkingleipzig.de\/wp-content\/uploads\/2025\/05\/Calendar-267x400.jpg 267w\" sizes=\"(max-width: 1024px) 100vw, 1024px\" data-id=\"5911\" \/>\t\t\t\t\t\t\t\t\t\t\t\t\t\t\t<\/div>\n\t\t\t\t<\/div>\n\t\t\t\t\t<\/div>\n\t\t<\/div>\n\t\t\t\t\t<\/div>\n\t\t<\/section>\n\t\t\t\t\t<\/div>\n\t\t<\/div>\n\t\t\t\t\t<\/div>\n\t\t<\/section>\n\t\t\t\t<\/div>\n\t\t","protected":false},"excerpt":{"rendered":"<p>Elastyczna rezerwacja Zmiana plan\u00f3w? Anulowanie do 24 godzin Loty si\u0119 zmieniaj\u0105. Plany podr\u00f3\u017cy zostaj\u0105 prze\u0142o\u017cone. Czasami \u017cycie po prostu staje na drodze. Dlatego w ParkingLeipzig.de polegamy na systemie rezerwacji, kt\u00f3ry dostosowuje si\u0119 do Twojego codziennego \u017cycia \u2013 a nie na odwr\u00f3t. Dzi\u0119ki naszej elastycznej rezerwacji masz swobod\u0119 zmiany, zmiany rezerwacji lub anulowania rezerwacji w locie &hellip; <a href=\"https:\/\/parkingleipzig.de\/pl\/flexible-buchung-bei-parkingleipzig-de-parken-ohne-stress-ganz-nach-ihrem-zeitplan\/\" class=\"more-link\">Continue reading <span class=\"screen-reader-text\">Elastyczna rezerwacja w ParkingLeipzig.de \u2013 bezstresowe parkowanie, zgodnie z Twoim harmonogramem<\/span><\/a><\/p>\n","protected":false},"author":1,"featured_media":0,"parent":0,"menu_order":0,"comment_status":"closed","ping_status":"closed","template":"","meta":{"footnotes":""},"class_list":["post-6196","page","type-page","status-publish","hentry"],"_links":{"self":[{"href":"https:\/\/parkingleipzig.de\/pl\/wp-json\/wp\/v2\/pages\/6196","targetHints":{"allow":["GET"]}}],"collection":[{"href":"https:\/\/parkingleipzig.de\/pl\/wp-json\/wp\/v2\/pages"}],"about":[{"href":"https:\/\/parkingleipzig.de\/pl\/wp-json\/wp\/v2\/types\/page"}],"author":[{"embeddable":true,"href":"https:\/\/parkingleipzig.de\/pl\/wp-json\/wp\/v2\/users\/1"}],"replies":[{"embeddable":true,"href":"https:\/\/parkingleipzig.de\/pl\/wp-json\/wp\/v2\/comments?post=6196"}],"version-history":[{"count":0,"href":"https:\/\/parkingleipzig.de\/pl\/wp-json\/wp\/v2\/pages\/6196\/revisions"}],"wp:attachment":[{"href":"https:\/\/parkingleipzig.de\/pl\/wp-json\/wp\/v2\/media?parent=6196"}],"curies":[{"name":"wp","href":"https:\/\/api.w.org\/{rel}","templated":true}]}}