{"id":6582,"date":"2025-02-18T10:43:26","date_gmt":"2025-02-18T09:43:26","guid":{"rendered":"https:\/\/parkingleipzig.de\/otisk\/"},"modified":"2025-06-08T18:50:52","modified_gmt":"2025-06-08T16:50:52","slug":"otisk","status":"publish","type":"page","link":"https:\/\/parkingleipzig.de\/cs\/otisk\/","title":{"rendered":"Otisk"},"content":{"rendered":"\t\t<div data-elementor-type=\"wp-page\" data-elementor-id=\"6582\" class=\"elementor elementor-6582 elementor-4891\">\n\t\t\t\t\t\t<section class=\"elementor-section elementor-top-section elementor-element elementor-element-b57b29d elementor-section-stretched prt-column-break-ipad-yes prt-col-stretched-none elementor-section-boxed elementor-section-height-default elementor-section-height-default\" data-id=\"b57b29d\" data-element_type=\"section\" data-e-type=\"section\" data-settings=\"{&quot;stretch_section&quot;:&quot;section-stretched&quot;}\">\n\t\t\t\t\t\t<div class=\"elementor-container elementor-column-gap-no\">\n\t\t\t\t\t<div class=\"elementor-column elementor-col-100 elementor-top-column elementor-element elementor-element-41b632d\" data-id=\"41b632d\" data-element_type=\"column\" data-e-type=\"column\">\n\t\t\t<div class=\"elementor-widget-wrap elementor-element-populated\">\n\t\t\t\t\t\t<section class=\"elementor-section elementor-inner-section elementor-element elementor-element-35dc5d8 prt-column-break-ipad-no prt-col-stretched-none elementor-section-boxed elementor-section-height-default elementor-section-height-default\" data-id=\"35dc5d8\" data-element_type=\"section\" data-e-type=\"section\">\n\t\t\t\t\t\t<div class=\"elementor-container elementor-column-gap-no\">\n\t\t\t\t\t<div class=\"elementor-column elementor-col-100 elementor-inner-column elementor-element elementor-element-2c8178b\" data-id=\"2c8178b\" data-element_type=\"column\" data-e-type=\"column\">\n\t\t\t<div class=\"elementor-widget-wrap elementor-element-populated\">\n\t\t\t\t\t\t<div class=\"elementor-element elementor-element-00d1723 prt-align-center elementor-widget elementor-widget-prt_heading\" data-id=\"00d1723\" data-element_type=\"widget\" data-e-type=\"widget\" data-widget_type=\"prt_heading.default\">\n\t\t\t\t<div class=\"elementor-widget-container\">\n\t\t\t\t\t<div class=\"prt-element-heading-content-wrapper center-align prt-reverse-heading-yes prt-seperator-solid  prt-heading-style-vertical \"><div class=\"prt-content-header\"><h4 class=\"prt-element-subheading\">\n\t\t\t\tRechtliche Informationen\n\t\t\t<\/h4>\n\t\t<\/div><\/div>\t\t\t\t<\/div>\n\t\t\t\t<\/div>\n\t\t\t\t\t<\/div>\n\t\t<\/div>\n\t\t\t\t\t<\/div>\n\t\t<\/section>\n\t\t\t\t<div class=\"elementor-element elementor-element-41dc68b elementor-widget elementor-widget-text-editor\" data-id=\"41dc68b\" data-element_type=\"widget\" data-e-type=\"widget\" data-widget_type=\"text-editor.default\">\n\t\t\t\t<div class=\"elementor-widget-container\">\n\t\t\t\t\t\t\t\t\t<div class=\"entry-content\"><p><em>Tento otisk byl naposledy aktualizov\u00e1n dne 18.02.2025.<\/em><\/p><p>Vlastn\u00edkem t\u011bchto webov\u00fdch str\u00e1nek je:<\/p><p>Alnes GmbH GmbH<br>Br\u00e1na 1<br>04435 Schkeuditz<br>N\u011bmecko<br>E-mail: info@parkingleipzig.de<br>Telefonn\u00ed \u010d\u00edslo: +49 (0) 341 2243242<br>DI\u010c: DE 319 131 202<\/p><p>Z\u00e1konn\u00fd z\u00e1stupce spole\u010dnosti Alnes GmbH:<\/p><p>Alexej Gurevy\u010d<\/p><p>Jsme zaps\u00e1ni v obchodn\u00edm rejst\u0159\u00edku \/ okresn\u00edm soudu v Lipsku pod \u010d\u00edslem licence: <strong>HRB 35110<\/strong>.<\/p><div class=\"woocommerce woocommerce-gzd woocommerce-gzd-complaints-shortcode\"><h3>Alternativn\u00ed \u0159e\u0161en\u00ed spor\u016f podle \u010dl. 14 odst. 1 ODR-VO a \u00a7 36 VSBG: <\/h3><p>Evropsk\u00e1 komise poskytuje platformu pro \u0159e\u0161en\u00ed spor\u016f online (ODR), kterou naleznete v <a href=\"https:\/\/ec.europa.eu\/consumers\/odr\" target=\"_blank\" rel=\"noopener\">\u010d\u00e1sti https:\/\/ec.europa.eu\/consumers\/odr<\/a> . Nejsme povinni a ani ochotni \u00fa\u010dastnit se \u0159\u00edzen\u00ed o \u0159e\u0161en\u00ed spor\u016f p\u0159ed spot\u0159ebitelsk\u00fdm rozhod\u010d\u00edm soudem. <\/p><\/div><\/div>\t\t\t\t\t\t\t\t<\/div>\n\t\t\t\t<\/div>\n\t\t\t\t\t<\/div>\n\t\t<\/div>\n\t\t\t\t\t<\/div>\n\t\t<\/section>\n\t\t\t\t<\/div>\n\t\t","protected":false},"excerpt":{"rendered":"<p>Rechtliche Informationen Tento otisk byl naposledy aktualizov\u00e1n dne 18.02.2025. Vlastn\u00edkem t\u011bchto webov\u00fdch str\u00e1nek je: Alnes GmbH GmbHBr\u00e1na 104435 SchkeuditzN\u011bmeckoE-mail: info@parkingleipzig.deTelefonn\u00ed \u010d\u00edslo: +49 (0) 341 2243242DI\u010c: DE 319 131 202 Z\u00e1konn\u00fd z\u00e1stupce spole\u010dnosti Alnes GmbH: Alexej Gurevy\u010d Jsme zaps\u00e1ni v obchodn\u00edm rejst\u0159\u00edku \/ okresn\u00edm soudu v Lipsku pod \u010d\u00edslem licence: HRB 35110. Alternativn\u00ed \u0159e\u0161en\u00ed spor\u016f podle &hellip; <a href=\"https:\/\/parkingleipzig.de\/cs\/otisk\/\" class=\"more-link\">Continue reading <span class=\"screen-reader-text\">Otisk<\/span><\/a><\/p>\n","protected":false},"author":1,"featured_media":0,"parent":0,"menu_order":0,"comment_status":"closed","ping_status":"closed","template":"","meta":{"footnotes":""},"class_list":["post-6582","page","type-page","status-publish","hentry"],"_links":{"self":[{"href":"https:\/\/parkingleipzig.de\/cs\/wp-json\/wp\/v2\/pages\/6582","targetHints":{"allow":["GET"]}}],"collection":[{"href":"https:\/\/parkingleipzig.de\/cs\/wp-json\/wp\/v2\/pages"}],"about":[{"href":"https:\/\/parkingleipzig.de\/cs\/wp-json\/wp\/v2\/types\/page"}],"author":[{"embeddable":true,"href":"https:\/\/parkingleipzig.de\/cs\/wp-json\/wp\/v2\/users\/1"}],"replies":[{"embeddable":true,"href":"https:\/\/parkingleipzig.de\/cs\/wp-json\/wp\/v2\/comments?post=6582"}],"version-history":[{"count":0,"href":"https:\/\/parkingleipzig.de\/cs\/wp-json\/wp\/v2\/pages\/6582\/revisions"}],"wp:attachment":[{"href":"https:\/\/parkingleipzig.de\/cs\/wp-json\/wp\/v2\/media?parent=6582"}],"curies":[{"name":"wp","href":"https:\/\/api.w.org\/{rel}","templated":true}]}}