{"id":6577,"date":"2025-02-25T10:55:59","date_gmt":"2025-02-25T09:55:59","guid":{"rendered":"https:\/\/parkingleipzig.de\/zasady-ochrany-osobnich-udaju-eu\/"},"modified":"2025-02-25T10:55:59","modified_gmt":"2025-02-25T09:55:59","slug":"zasady-ochrany-osobnich-udaju-eu","status":"publish","type":"page","link":"https:\/\/parkingleipzig.de\/cs\/zasady-ochrany-osobnich-udaju-eu\/","title":{"rendered":"Z\u00e1sady ochrany osobn\u00edch \u00fadaj\u016f (EU)"},"content":{"rendered":"\n<!-- Legal document generated by Complianz | GDPR\/CCPA Cookie Consent https:\/\/wordpress.org\/plugins\/complianz-gdpr -->\n<div id=\"cmplz-document\" class=\"cmplz-document privacy-statement cmplz-document-eu\"><p><i>Toto prohl\u00e1\u0161en\u00ed o ochran\u011b osobn\u00edch \u00fadaj\u016f bylo naposledy aktualizov\u00e1no 25. 2. 2025 a vztahuje se na ob\u010dany a osoby s trval\u00fdm pobytem v Evropsk\u00e9m hospod\u00e1\u0159sk\u00e9m prostoru.<\/i><br \/><br \/><\/p><p><p>V tomto prohl\u00e1\u0161en\u00ed o ochran\u011b osobn\u00edch \u00fadaj\u016f vysv\u011btlujeme, co d\u011bl\u00e1me s \u00fadaji, kter\u00e9 o v\u00e1s z\u00edsk\u00e1me prost\u0159ednictv\u00edm <a href=\"https:\/\/parkingleipzig.de\/cs\/\">https:\/\/parkingleipzig.de\/cs\/<\/a>. Doporu\u010dujeme pozorn\u011b si p\u0159e\u010d\u00edst toto prohl\u00e1\u0161en\u00ed. P\u0159i na\u0161em zpracov\u00e1n\u00ed dodr\u017eujeme po\u017eadavky pr\u00e1vn\u00edch p\u0159edpis\u016f na ochranu soukrom\u00ed. To mimo jin\u00e9 znamen\u00e1, \u017ee:<\/p><ul>\n                <li>jasn\u011b uv\u00e1d\u00edme \u00fa\u010dely, pro kter\u00e9 zpracov\u00e1v\u00e1me osobn\u00ed \u00fadaje. D\u011bl\u00e1me to prost\u0159ednictv\u00edm tohoto prohl\u00e1\u0161en\u00ed o ochran\u011b osobn\u00edch \u00fadaj\u016f;<\/li>\n                <li>na\u0161\u00edm c\u00edlem je omezit shroma\u017e\u010fov\u00e1n\u00ed osobn\u00edch \u00fadaj\u016f pouze na osobn\u00ed \u00fadaje pot\u0159ebn\u00e9 pro pln\u011bn\u00ed z\u00e1konn\u00fdch povinnost\u00ed;<\/li>\n                <li>nejprve vy\u017eadujeme v\u00fdslovn\u00fd souhlas se zpracov\u00e1n\u00edm osobn\u00edch \u00fadaj\u016f v p\u0159\u00edpadech vy\u017eaduj\u00edc\u00edch v\u00e1\u0161 souhlas;<\/li>\n                <li>p\u0159ij\u00edm\u00e1me p\u0159\u00edslu\u0161n\u00e1 bezpe\u010dnostn\u00ed opat\u0159en\u00ed k ochran\u011b va\u0161ich osobn\u00edch \u00fadaj\u016f a tak\u00e9 to po\u017eadujeme od stran, kter\u00e9 zpracov\u00e1vaj\u00ed osobn\u00ed \u00fadaje na\u0161\u00edm jm\u00e9nem;<\/li>\n                <li>respektujeme va\u0161e pr\u00e1vo na p\u0159\u00edstup k va\u0161im osobn\u00edm \u00fadaj\u016fm, na jejich opravu nebo vymaz\u00e1n\u00ed na va\u0161i \u017e\u00e1dost.<\/li>\n            <\/ul><p>Pokud m\u00e1te n\u011bjak\u00e9 dotazy nebo chcete v\u011bd\u011bt p\u0159esn\u011b, jak\u00e9 \u00fadaje o v\u00e1s m\u00e1me, kontaktujte n\u00e1s.<\/p><\/p><h2>1. \u00da\u010del, \u00fadaje a doba uchov\u00e1v\u00e1n\u00ed<\/h2>M\u016f\u017eeme shroma\u017e\u010fovat nebo p\u0159ij\u00edmat osobn\u00ed \u00fadaje pro \u0159adu \u00fa\u010del\u016f spojen\u00fdch s na\u0161imi obchodn\u00edmi operacemi, kter\u00e9 mohou zahrnovat n\u00e1sleduj\u00edc\u00ed: (kliknut\u00edm rozbal\u00edte)<details class=\"cmplz-dropdown dropdown-privacy-statement\"><summary><div><h3>1.1 Kontakt - prost\u0159ednictv\u00edm telefonu, po\u0161ty, e-mailu a\/nebo webov\u00fdch formul\u00e1\u0159\u016f<\/h3><\/div><\/summary><p class=\"cmplz-subtitle\">K tomuto \u00fa\u010delu pou\u017e\u00edv\u00e1me n\u00e1sleduj\u00edc\u00ed \u00fadaje:<\/p><p><ul><li>Jm\u00e9no a p\u0159\u00edjmen\u00ed<\/li><li>N\u00e1zev \u00fa\u010dtu nebo p\u0159ezd\u00edvka<\/li><li>E-mailov\u00e1 adresa<\/li><li>Telefonn\u00ed \u010d\u00edslo<\/li><\/ul><\/p><p class=\"cmplz-subtitle\">Z\u00e1kladem, podle kter\u00e9ho m\u016f\u017eeme tyto \u00fadaje zpracov\u00e1vat, je:<\/p><p><a target=\"_blank\" rel=\"noopener noreferrer nofollow\" href=\"https:\/\/cookiedatabase.org\/legal-bases\/#agreement\">Je to nezbytn\u00e9 pro pln\u011bn\u00ed smlouvy nebo p\u0159edb\u011b\u017en\u00fdch postup\u016f souvisej\u00edc\u00edch se smlouvou, jej\u00ed\u017e smluvn\u00ed stranou je subjekt \u00fadaj\u016f.<\/a><\/p><p class=\"cmplz-subtitle\">Doba uchov\u00e1v\u00e1n\u00ed:<\/p><p>Tyto \u00fadaje uchov\u00e1v\u00e1me po ukon\u010den\u00ed slu\u017eby n\u00e1sleduj\u00edc\u00ed po\u010det m\u011bs\u00edc\u016f: 60<\/p><\/details><details class=\"cmplz-dropdown dropdown-privacy-statement\"><summary><div><h3>1.2 Platby<\/h3><\/div><\/summary><p class=\"cmplz-subtitle\">K tomuto \u00fa\u010delu pou\u017e\u00edv\u00e1me n\u00e1sleduj\u00edc\u00ed \u00fadaje:<\/p><p><ul><li>Jm\u00e9no a p\u0159\u00edjmen\u00ed<\/li><li>N\u00e1zev \u00fa\u010dtu nebo p\u0159ezd\u00edvka<\/li><li>E-mailov\u00e1 adresa<\/li><li>Telefonn\u00ed \u010d\u00edslo<\/li><\/ul><\/p><p class=\"cmplz-subtitle\">Z\u00e1kladem, podle kter\u00e9ho m\u016f\u017eeme tyto \u00fadaje zpracov\u00e1vat, je:<\/p><p><a target=\"_blank\" rel=\"noopener noreferrer nofollow\" href=\"https:\/\/cookiedatabase.org\/legal-bases\/#agreement\">Je to nezbytn\u00e9 pro pln\u011bn\u00ed smlouvy nebo p\u0159edb\u011b\u017en\u00fdch postup\u016f souvisej\u00edc\u00edch se smlouvou, jej\u00ed\u017e smluvn\u00ed stranou je subjekt \u00fadaj\u016f.<\/a><\/p><p class=\"cmplz-subtitle\">Doba uchov\u00e1v\u00e1n\u00ed:<\/p><p>Tyto \u00fadaje uchov\u00e1v\u00e1me po ukon\u010den\u00ed slu\u017eby n\u00e1sleduj\u00edc\u00ed po\u010det m\u011bs\u00edc\u016f: 60<\/p><\/details><details class=\"cmplz-dropdown dropdown-privacy-statement\"><summary><div><h3>1.3 Registrace \u00fa\u010dtu<\/h3><\/div><\/summary><p class=\"cmplz-subtitle\">K tomuto \u00fa\u010delu pou\u017e\u00edv\u00e1me n\u00e1sleduj\u00edc\u00ed \u00fadaje:<\/p><p><ul><li>Jm\u00e9no a p\u0159\u00edjmen\u00ed<\/li><li>N\u00e1zev \u00fa\u010dtu nebo p\u0159ezd\u00edvka<\/li><li>E-mailov\u00e1 adresa<\/li><li>Telefonn\u00ed \u010d\u00edslo<\/li><\/ul><\/p><p class=\"cmplz-subtitle\">Z\u00e1kladem, podle kter\u00e9ho m\u016f\u017eeme tyto \u00fadaje zpracov\u00e1vat, je:<\/p><p><a target=\"_blank\" rel=\"noopener noreferrer nofollow\" href=\"https:\/\/cookiedatabase.org\/legal-bases\/#agreement\">Je to nezbytn\u00e9 pro pln\u011bn\u00ed smlouvy nebo p\u0159edb\u011b\u017en\u00fdch postup\u016f souvisej\u00edc\u00edch se smlouvou, jej\u00ed\u017e smluvn\u00ed stranou je subjekt \u00fadaj\u016f.<\/a><\/p><p class=\"cmplz-subtitle\">Doba uchov\u00e1v\u00e1n\u00ed:<\/p><p>Tyto \u00fadaje uchov\u00e1v\u00e1me po ukon\u010den\u00ed slu\u017eby n\u00e1sleduj\u00edc\u00ed po\u010det m\u011bs\u00edc\u016f: 60<\/p><\/details><details class=\"cmplz-dropdown dropdown-privacy-statement\"><summary><div><h3>1.4 Podpora slu\u017eeb nebo produkt\u016f, kter\u00e9 z\u00e1kazn\u00edk chce koupit nebo zakoupil<\/h3><\/div><\/summary><p class=\"cmplz-subtitle\">K tomuto \u00fa\u010delu pou\u017e\u00edv\u00e1me n\u00e1sleduj\u00edc\u00ed \u00fadaje:<\/p><p><ul><li>Jm\u00e9no a p\u0159\u00edjmen\u00ed<\/li><li>N\u00e1zev \u00fa\u010dtu nebo p\u0159ezd\u00edvka<\/li><li>E-mailov\u00e1 adresa<\/li><li>Telefonn\u00ed \u010d\u00edslo<\/li><\/ul><\/p><p class=\"cmplz-subtitle\">Z\u00e1kladem, podle kter\u00e9ho m\u016f\u017eeme tyto \u00fadaje zpracov\u00e1vat, je:<\/p><p><a target=\"_blank\" rel=\"noopener noreferrer nofollow\" href=\"https:\/\/cookiedatabase.org\/legal-bases\/#agreement\">Je to nezbytn\u00e9 pro pln\u011bn\u00ed smlouvy nebo p\u0159edb\u011b\u017en\u00fdch postup\u016f souvisej\u00edc\u00edch se smlouvou, jej\u00ed\u017e smluvn\u00ed stranou je subjekt \u00fadaj\u016f.<\/a><\/p><p class=\"cmplz-subtitle\">Doba uchov\u00e1v\u00e1n\u00ed:<\/p><p>Tyto \u00fadaje uchov\u00e1v\u00e1me po ukon\u010den\u00ed slu\u017eby n\u00e1sleduj\u00edc\u00ed po\u010det m\u011bs\u00edc\u016f: 60<\/p><\/details><h2>2. Sd\u00edlen\u00ed s ostatn\u00edmi stranami<\/h2><p>Tyto \u00fadaje sd\u00edl\u00edme nebo sd\u011blujeme Zpracovatel\u016fm pouze pro n\u00e1sleduj\u00edc\u00ed \u00fa\u010dely:<\/p><h2>3. Cookies<\/h2><p>Na\u0161e webov\u00e9 str\u00e1nky pou\u017e\u00edvaj\u00ed cookies. Dal\u0161\u00ed informace o cookies najdete na <a href=\"https:\/\/parkingleipzig.de\/cs\/zasady-pouzivani-souboru-cookie-eu\/\">Z\u00e1sady cookies<\/a>.&nbsp;<\/p><h2>4. Zve\u0159ej\u0148ov\u00e1n\u00ed osobn\u00edch \u00fadaj\u016f<\/h2><p><p>Va\u0161e osobn\u00ed \u00fadaje m\u016f\u017eeme zve\u0159ejnit v rozsahu, v jak\u00e9m jsme povinni tak u\u010dinit ze z\u00e1kona, na z\u00e1klad\u011b p\u0159\u00edkazu org\u00e1nu \u010dinn\u00e9ho v trestn\u00edm \u0159\u00edzen\u00ed, v rozsahu povolen\u00e9m jin\u00fdmi pr\u00e1vn\u00edmi p\u0159edpisy, za \u00fa\u010delem poskytnut\u00ed informac\u00ed nebo pro vy\u0161et\u0159ov\u00e1n\u00ed z\u00e1le\u017eitosti t\u00fdkaj\u00edc\u00ed se ve\u0159ejn\u00e9 bezpe\u010dnosti.<\/p><p>Pokud dojde k p\u0159evzet\u00ed, prodeji nebo f\u00fazi \u010di akvizici na\u0161ich webov\u00fdch str\u00e1nek nebo organizace, mohou b\u00fdt va\u0161e \u00fadaje sd\u011bleny na\u0161im poradc\u016fm a potenci\u00e1ln\u00edm kupc\u016fm a budou p\u0159ed\u00e1ny nov\u00fdm vlastn\u00edk\u016fm.<\/p><\/p><p>Se spole\u010dnost\u00ed Google jsme uzav\u0159eli dohodu o zpracov\u00e1n\u00ed dat.<\/p><p>Google nesm\u00ed \u00fadaje pou\u017e\u00edvat pro \u017e\u00e1dn\u00e9 jin\u00e9 slu\u017eby Google.<\/p><h2>5. Zabezpe\u010den\u00ed<\/h2><p>Zav\u00e1zali jsme se k zabezpe\u010den\u00ed osobn\u00edch \u00fadaj\u016f. P\u0159ij\u00edm\u00e1me vhodn\u00e1 bezpe\u010dnostn\u00ed opat\u0159en\u00ed, abychom omezili zneu\u017eit\u00ed a neopr\u00e1vn\u011bn\u00fd p\u0159\u00edstup k osobn\u00edm \u00fadaj\u016fm. T\u00edm je zaji\u0161t\u011bno, \u017ee k va\u0161im \u00fadaj\u016fm maj\u00ed p\u0159\u00edstup pouze nezbytn\u00e9 osoby, p\u0159\u00edstup k dat\u016fm je chr\u00e1n\u011bn a na\u0161e bezpe\u010dnostn\u00ed opat\u0159en\u00ed jsou pravideln\u011b kontrolov\u00e1na.<\/p><h2>6. Webov\u00e9 str\u00e1nky t\u0159et\u00edch stran<\/h2><p>Toto prohl\u00e1\u0161en\u00ed o ochran\u011b osobn\u00edch \u00fadaj\u016f se nevztahuje na webov\u00e9 str\u00e1nky t\u0159et\u00edch stran propojen\u00e9 odkazy s na\u0161imi webov\u00fdmi str\u00e1nkami. Nem\u016f\u017eeme zaru\u010dit, \u017ee tyto t\u0159et\u00ed strany budou s va\u0161imi osobn\u00edmi \u00fadaji nakl\u00e1dat spolehliv\u011b nebo bezpe\u010dn\u011b. Doporu\u010dujeme, abyste si p\u0159ed pou\u017eit\u00edm t\u011bchto webu p\u0159e\u010detli prohl\u00e1\u0161en\u00ed o ochran\u011b osobn\u00edch \u00fadaj\u016f t\u011bchto webov\u00fdch str\u00e1nek.<\/p><h2>7. Zm\u011bny tohoto prohl\u00e1\u0161en\u00ed o ochran\u011b osobn\u00edch \u00fadaj\u016f<\/h2><p>Vyhrazujeme si pr\u00e1vo na zm\u011bnu tohoto prohl\u00e1\u0161en\u00ed o ochran\u011b osobn\u00edch \u00fadaj\u016f. Doporu\u010dujeme v\u00e1m pravideln\u011b se s t\u00edmto prohl\u00e1\u0161en\u00edm o ochran\u011b osobn\u00edch \u00fadaj\u016f sezn\u00e1mit, abyste si byli v\u011bdomi jak\u00fdchkoli zm\u011bn. Krom\u011b toho v\u00e1s budeme informovat, kdykoli  to bude mo\u017en\u00e9.<\/p><h2>8. P\u0159\u00edstup a \u00faprava va\u0161ich \u00fadaj\u016f<\/h2><p>Pokud m\u00e1te n\u011bjak\u00e9 dotazy nebo chcete v\u011bd\u011bt, jak\u00e9 osobn\u00ed \u00fadaje o v\u00e1s m\u00e1me, kontaktujte n\u00e1s. M\u016f\u017eete n\u00e1s kontaktovat pomoc\u00ed n\u00ed\u017ee uveden\u00fdch informac\u00ed. M\u00e1te n\u00e1sleduj\u00edc\u00ed pr\u00e1va:<\/p><ul>\n                <li>M\u00e1te pr\u00e1vo v\u011bd\u011bt, pro\u010d pot\u0159ebujeme va\u0161e osobn\u00ed \u00fadaje, co se s nimi stane a jak dlouho budou uchov\u00e1ny.<\/li>\n                <li>Pr\u00e1vo na p\u0159\u00edstup: m\u00e1te pr\u00e1vo na p\u0159\u00edstup k va\u0161im osobn\u00edm \u00fadaj\u016fm, kter\u00e9 jsou n\u00e1m zn\u00e1my.<\/li>\n                <li>Pr\u00e1vo na opravu: m\u00e1te pr\u00e1vo doplnit, opravit, odstranit nebo zablokovat va\u0161e osobn\u00ed \u00fadaje, kdykoli budete cht\u00edt.<\/li>\n                <li>Pokud n\u00e1m ud\u011bl\u00edte souhlas se zpracov\u00e1n\u00edm va\u0161ich \u00fadaj\u016f, m\u00e1te pr\u00e1vo tento souhlas odvolat a nechat va\u0161e osobn\u00ed \u00fadaje smazat.<\/li>\n                <li>Pr\u00e1vo na p\u0159enos va\u0161ich \u00fadaj\u016f: m\u00e1te pr\u00e1vo vy\u017e\u00e1dat si od spr\u00e1vce v\u0161echny va\u0161e osobn\u00ed \u00fadaje a v cel\u00e9m rozsahu je p\u0159edat jin\u00e9mu spr\u00e1vci.<\/li>\n                <li>Pr\u00e1vo vzn\u00e9st n\u00e1mitku: proti zpracov\u00e1n\u00ed va\u0161ich \u00fadaj\u016f m\u016f\u017eete nam\u00edtat. Dodr\u017eujeme to, pokud neexistuj\u00ed opodstatn\u011bn\u00e9 d\u016fvody ke zpracov\u00e1n\u00ed.<\/li>\n            <\/ul><p>Nezapome\u0148te v\u017edy jasn\u011b uv\u00e9st, kdo jste, abychom si mohli b\u00fdt jisti, \u017ee neupravujeme ani neodstra\u0148ujeme \u017e\u00e1dn\u00e9 \u00fadaje nespr\u00e1vn\u00e9 osoby.<\/p><h2>9. Odesl\u00e1n\u00ed st\u00ed\u017enosti<\/h2><p>Pokud nejste spokojeni se zp\u016fsobem, jak\u00fdm zpracov\u00e1v\u00e1me va\u0161i osobn\u00ed \u00fadaje (st\u00ed\u017enost ve v\u011bci), m\u00e1te pr\u00e1vo podat st\u00ed\u017enost \u00da\u0159adu pro ochranu osobn\u00edch \u00fadaj\u016f.<\/p><h2>10. Kontaktn\u00ed \u00fadaje<\/h2><p>Alnes GmbH<br \/>\n        Junkersstr. 2, 04435 Schkeuditz<br \/>\n        N\u011bmecko<br \/>\n        Webov\u00e1 str\u00e1nka: <a href=\"https:\/\/parkingleipzig.de\/cs\/\">https:\/\/parkingleipzig.de\/cs\/<\/a> <br \/>\n        E-mail: <span class=\"cmplz-obfuscate\">&#105;nfo@<span class=\"cmplz-fmail-domain\">ex&#046;c&#111;&#109;<\/span>&#112;ark&#105;n&#103;l&#101;&#105;p&#122;i&#103;.&#100;&#101;<\/span> <br \/>\n        Telefonn\u00ed \u010d\u00edslo: +49 (0) 176 66 815 915<\/p><\/div>\n","protected":false},"excerpt":{"rendered":"","protected":false},"author":1,"featured_media":0,"parent":0,"menu_order":0,"comment_status":"closed","ping_status":"closed","template":"","meta":{"footnotes":""},"class_list":["post-6577","page","type-page","status-publish","hentry"],"_links":{"self":[{"href":"https:\/\/parkingleipzig.de\/cs\/wp-json\/wp\/v2\/pages\/6577","targetHints":{"allow":["GET"]}}],"collection":[{"href":"https:\/\/parkingleipzig.de\/cs\/wp-json\/wp\/v2\/pages"}],"about":[{"href":"https:\/\/parkingleipzig.de\/cs\/wp-json\/wp\/v2\/types\/page"}],"author":[{"embeddable":true,"href":"https:\/\/parkingleipzig.de\/cs\/wp-json\/wp\/v2\/users\/1"}],"replies":[{"embeddable":true,"href":"https:\/\/parkingleipzig.de\/cs\/wp-json\/wp\/v2\/comments?post=6577"}],"version-history":[{"count":0,"href":"https:\/\/parkingleipzig.de\/cs\/wp-json\/wp\/v2\/pages\/6577\/revisions"}],"wp:attachment":[{"href":"https:\/\/parkingleipzig.de\/cs\/wp-json\/wp\/v2\/media?parent=6577"}],"curies":[{"name":"wp","href":"https:\/\/api.w.org\/{rel}","templated":true}]}}