{"id":6391,"date":"2023-01-18T04:49:55","date_gmt":"2023-01-18T03:49:55","guid":{"rendered":"https:\/\/parkingleipzig.de\/kontakt\/"},"modified":"2025-06-08T17:43:02","modified_gmt":"2025-06-08T15:43:02","slug":"kontakt","status":"publish","type":"page","link":"https:\/\/parkingleipzig.de\/cs\/kontakt\/","title":{"rendered":"Kontakt"},"content":{"rendered":"\t\t<div data-elementor-type=\"wp-page\" data-elementor-id=\"6391\" class=\"elementor elementor-6391 elementor-1869\">\n\t\t\t\t\t\t<section class=\"elementor-section elementor-top-section elementor-element elementor-element-4d7286f elementor-section-stretched prt-column-break-ipad-no prt-col-stretched-none elementor-section-boxed elementor-section-height-default elementor-section-height-default\" data-id=\"4d7286f\" data-element_type=\"section\" data-e-type=\"section\" data-settings=\"{&quot;stretch_section&quot;:&quot;section-stretched&quot;}\">\n\t\t\t\t\t\t<div class=\"elementor-container elementor-column-gap-no\">\n\t\t\t\t\t<div class=\"elementor-column elementor-col-50 elementor-top-column elementor-element elementor-element-473f8de\" data-id=\"473f8de\" data-element_type=\"column\" data-e-type=\"column\" data-settings=\"{&quot;background_background&quot;:&quot;classic&quot;}\">\n\t\t\t<div class=\"elementor-widget-wrap elementor-element-populated\">\n\t\t\t\t\t\t<section class=\"elementor-section elementor-inner-section elementor-element elementor-element-23aed25 prt-column-break-ipad-no prt-col-stretched-none elementor-section-boxed elementor-section-height-default elementor-section-height-default\" data-id=\"23aed25\" data-element_type=\"section\" data-e-type=\"section\">\n\t\t\t\t\t\t<div class=\"elementor-container elementor-column-gap-no\">\n\t\t\t\t\t<div class=\"elementor-column elementor-col-100 elementor-inner-column elementor-element elementor-element-6fd0681\" data-id=\"6fd0681\" data-element_type=\"column\" data-e-type=\"column\">\n\t\t\t<div class=\"elementor-widget-wrap elementor-element-populated\">\n\t\t\t\t\t\t<div class=\"elementor-element elementor-element-0cc9108 prt-align-left elementor-widget elementor-widget-prt_heading\" data-id=\"0cc9108\" data-element_type=\"widget\" data-e-type=\"widget\" data-widget_type=\"prt_heading.default\">\n\t\t\t\t<div class=\"elementor-widget-container\">\n\t\t\t\t\t<div class=\"prt-element-heading-content-wrapper left-align prt-reverse-heading-yes prt-seperator-solid  prt-heading-style-vertical \"><div class=\"prt-content-header\"><h4 class=\"prt-element-subheading\">\n\t\t\t\tJetzt mit uns in verbindung setzen\n\t\t\t<\/h4>\n\t\t<h2 class=\"prt-element-content-heading\">\n\t\t\t\tM\u00e1te n\u011bjak\u00e9 ot\u00e1zky?<br \/>M\u00e1me na n\u011b odpov\u011bdi.\n\t\t\t<\/h2>\n\t\t<\/div><\/div>\t\t\t\t<\/div>\n\t\t\t\t<\/div>\n\t\t\t\t\t<\/div>\n\t\t<\/div>\n\t\t\t\t\t<\/div>\n\t\t<\/section>\n\t\t\t\t<section class=\"elementor-section elementor-inner-section elementor-element elementor-element-6e43241 prt-column-break-ipad-no prt-col-stretched-none elementor-section-boxed elementor-section-height-default elementor-section-height-default\" data-id=\"6e43241\" data-element_type=\"section\" data-e-type=\"section\">\n\t\t\t\t\t\t<div class=\"elementor-container elementor-column-gap-no\">\n\t\t\t\t\t<div class=\"elementor-column elementor-col-33 elementor-inner-column elementor-element elementor-element-999771f\" data-id=\"999771f\" data-element_type=\"column\" data-e-type=\"column\">\n\t\t\t<div class=\"elementor-widget-wrap elementor-element-populated\">\n\t\t\t\t\t\t<div class=\"elementor-element elementor-element-7f88111 elementor-widget elementor-widget-prt_icon_heading\" data-id=\"7f88111\" data-element_type=\"widget\" data-e-type=\"widget\" data-widget_type=\"prt_icon_heading.default\">\n\t\t\t\t<div class=\"elementor-widget-container\">\n\t\t\t\t\t\n<div class=\"preyantechnosys-iconbox preyantechnosys-iconbox-styletwo  preyantechnosys-iconcolor-darkgrey preyantechnosys-iconsize-small\">\n\n<div class=\"preyantechnosys-iconbox-inner\">\n\t\t<div class=\"prt-iconbox-wrapper prt-wrap\">\n\t\t\t<div class=\"preyantechnosys-iconbox-background-image\">\n\t\t\t\t<div class=\"tm-icon-bg-image\"><img decoding=\"async\" src=\"https:\/\/valetex.preyantechnosys.com\/wp-content\/uploads\/2023\/01\/step-child1.png\" alt=\"Icon\" \/><\/div>\t\t\t<\/div>\n\t\t\t<div class=\"preyantechnosys-iconbox-icon prt-wrap-cell\">\n\t\t\t<div class=\"prt-box-icon\"><i class=\"kw_valetex flaticon-pin\"><\/i><\/div>\t\t\t<\/div>\n\t\t\t<div class=\"preyantechnosys-iconbox-heading prt-wrap-cell\">\n\t\t\t\t<h2 class=\"prt-custom-heading\">\n\t\t\t\t\t\n\t\t\t\t\t\tUm\u00edst\u011bn\u00ed\n\t\t\t\t\t\n\t\t\t\t\t<\/h2>\n\t\t\t\t\t\t\t\t\t\t\t\t<div class=\"prt-cta3-content-wrapper\"><a href=\"https:\/\/www.google.com\/maps?q=51.44452907764579,12.238874800222309\" target=\"_blank\" rel=\"noopener\">Junkersstra\u00dfe 2<br \/>\n04435 Schkeuditz<br \/>\nDeutschland<\/a><\/div>\t\t\t\t\t\t\t<\/div>\t\n\t\t<\/div>\n\t<\/div>\t\n\n<\/div>\n\t\t\t\t<\/div>\n\t\t\t\t<\/div>\n\t\t\t\t\t<\/div>\n\t\t<\/div>\n\t\t\t\t<div class=\"elementor-column elementor-col-33 elementor-inner-column elementor-element elementor-element-50d6e76\" data-id=\"50d6e76\" data-element_type=\"column\" data-e-type=\"column\">\n\t\t\t<div class=\"elementor-widget-wrap elementor-element-populated\">\n\t\t\t\t\t\t<div class=\"elementor-element elementor-element-a2f6071 elementor-widget elementor-widget-prt_icon_heading\" data-id=\"a2f6071\" data-element_type=\"widget\" data-e-type=\"widget\" data-widget_type=\"prt_icon_heading.default\">\n\t\t\t\t<div class=\"elementor-widget-container\">\n\t\t\t\t\t\n<div class=\"preyantechnosys-iconbox preyantechnosys-iconbox-styletwo  preyantechnosys-iconcolor-darkgrey preyantechnosys-iconsize-small\">\n\n<div class=\"preyantechnosys-iconbox-inner\">\n\t\t<div class=\"prt-iconbox-wrapper prt-wrap\">\n\t\t\t<div class=\"preyantechnosys-iconbox-background-image\">\n\t\t\t\t<div class=\"tm-icon-bg-image\"><img decoding=\"async\" src=\"https:\/\/valetex.preyantechnosys.com\/wp-content\/uploads\/2023\/01\/step-child1.png\" alt=\"Icon\" \/><\/div>\t\t\t<\/div>\n\t\t\t<div class=\"preyantechnosys-iconbox-icon prt-wrap-cell\">\n\t\t\t<div class=\"prt-box-icon\"><i class=\"kw_valetex flaticon-telephone-call\"><\/i><\/div>\t\t\t<\/div>\n\t\t\t<div class=\"preyantechnosys-iconbox-heading prt-wrap-cell\">\n\t\t\t\t<h2 class=\"prt-custom-heading\">\n\t\t\t\t\t\n\t\t\t\t\t\tTelefon\n\t\t\t\t\t\n\t\t\t\t\t<\/h2>\n\t\t\t\t\t\t\t\t\t\t\t\t<div class=\"prt-cta3-content-wrapper\"><a href=\"tel:+4917666815915\">+49(0) 176 66 815 915<\/a><br \/>\n<a href=\"tel:+4934204991566\">+49(0) 342 04 991 566<\/a><\/div>\t\t\t\t\t\t\t<\/div>\t\n\t\t<\/div>\n\t<\/div>\t\n\n<\/div>\n\t\t\t\t<\/div>\n\t\t\t\t<\/div>\n\t\t\t\t\t<\/div>\n\t\t<\/div>\n\t\t\t\t<div class=\"elementor-column elementor-col-33 elementor-inner-column elementor-element elementor-element-c1ce986\" data-id=\"c1ce986\" data-element_type=\"column\" data-e-type=\"column\">\n\t\t\t<div class=\"elementor-widget-wrap elementor-element-populated\">\n\t\t\t\t\t\t<div class=\"elementor-element elementor-element-6259ee0 elementor-widget elementor-widget-prt_icon_heading\" data-id=\"6259ee0\" data-element_type=\"widget\" data-e-type=\"widget\" data-widget_type=\"prt_icon_heading.default\">\n\t\t\t\t<div class=\"elementor-widget-container\">\n\t\t\t\t\t\n<div class=\"preyantechnosys-iconbox preyantechnosys-iconbox-styletwo  preyantechnosys-iconcolor-darkgrey preyantechnosys-iconsize-small\">\n\n<div class=\"preyantechnosys-iconbox-inner\">\n\t\t<div class=\"prt-iconbox-wrapper prt-wrap\">\n\t\t\t<div class=\"preyantechnosys-iconbox-background-image\">\n\t\t\t\t<div class=\"tm-icon-bg-image\"><img decoding=\"async\" src=\"https:\/\/valetex.preyantechnosys.com\/wp-content\/uploads\/2023\/01\/step-child1.png\" alt=\"Icon\" \/><\/div>\t\t\t<\/div>\n\t\t\t<div class=\"preyantechnosys-iconbox-icon prt-wrap-cell\">\n\t\t\t<div class=\"prt-box-icon\"><i class=\"kw_valetex flaticon-paper-plane\"><\/i><\/div>\t\t\t<\/div>\n\t\t\t<div class=\"preyantechnosys-iconbox-heading prt-wrap-cell\">\n\t\t\t\t<h2 class=\"prt-custom-heading\">\n\t\t\t\t\t\n\t\t\t\t\t\tE-Mail\n\t\t\t\t\t\n\t\t\t\t\t<\/h2>\n\t\t\t\t\t\t\t\t\t\t\t\t<div class=\"prt-cta3-content-wrapper\"><a href=\"mailto:info@parkingleipzig.de\">info@parkingleipzig.de<\/a><\/div>\t\t\t\t\t\t\t<\/div>\t\n\t\t<\/div>\n\t<\/div>\t\n\n<\/div>\n\t\t\t\t<\/div>\n\t\t\t\t<\/div>\n\t\t\t\t\t<\/div>\n\t\t<\/div>\n\t\t\t\t\t<\/div>\n\t\t<\/section>\n\t\t\t\t\t<\/div>\n\t\t<\/div>\n\t\t\t\t<div class=\"elementor-column elementor-col-50 elementor-top-column elementor-element elementor-element-9a5b088\" data-id=\"9a5b088\" data-element_type=\"column\" data-e-type=\"column\" data-settings=\"{&quot;background_background&quot;:&quot;classic&quot;}\">\n\t\t\t<div class=\"elementor-widget-wrap elementor-element-populated\">\n\t\t\t\t\t\t<section class=\"elementor-section elementor-inner-section elementor-element elementor-element-dcb8842 prt-column-break-ipad-no prt-col-stretched-none elementor-section-boxed elementor-section-height-default elementor-section-height-default\" data-id=\"dcb8842\" data-element_type=\"section\" data-e-type=\"section\">\n\t\t\t\t\t\t<div class=\"elementor-container elementor-column-gap-no\">\n\t\t\t\t\t<div class=\"elementor-column elementor-col-100 elementor-inner-column elementor-element elementor-element-d42b352\" data-id=\"d42b352\" data-element_type=\"column\" data-e-type=\"column\" data-settings=\"{&quot;background_background&quot;:&quot;classic&quot;}\">\n\t\t\t<div class=\"elementor-widget-wrap elementor-element-populated\">\n\t\t\t\t\t\t<div class=\"elementor-element elementor-element-d32dafc elementor-widget elementor-widget-image\" data-id=\"d32dafc\" data-element_type=\"widget\" data-e-type=\"widget\" data-widget_type=\"image.default\">\n\t\t\t\t<div class=\"elementor-widget-container\">\n\t\t\t\t\t\t\t\t\t\t\t\t\t\t\t<img fetchpriority=\"high\" decoding=\"async\" width=\"1530\" height=\"2040\" src=\"https:\/\/parkingleipzig.de\/wp-content\/uploads\/2025\/04\/Transporter.jpeg\" class=\"attachment-full size-full wp-image-5783\" alt=\"\" srcset=\"https:\/\/parkingleipzig.de\/wp-content\/uploads\/2025\/04\/Transporter.jpeg 1530w, https:\/\/parkingleipzig.de\/wp-content\/uploads\/2025\/04\/Transporter-225x300.jpeg 225w, https:\/\/parkingleipzig.de\/wp-content\/uploads\/2025\/04\/Transporter-768x1024.jpeg 768w, https:\/\/parkingleipzig.de\/wp-content\/uploads\/2025\/04\/Transporter-1152x1536.jpeg 1152w, https:\/\/parkingleipzig.de\/wp-content\/uploads\/2025\/04\/Transporter-300x400.jpeg 300w\" sizes=\"(max-width: 1530px) 100vw, 1530px\" data-id=\"5783\" \/>\t\t\t\t\t\t\t\t\t\t\t\t\t\t\t<\/div>\n\t\t\t\t<\/div>\n\t\t\t\t\t<\/div>\n\t\t<\/div>\n\t\t\t\t\t<\/div>\n\t\t<\/section>\n\t\t\t\t\t<\/div>\n\t\t<\/div>\n\t\t\t\t\t<\/div>\n\t\t<\/section>\n\t\t\t\t<section class=\"elementor-section elementor-top-section elementor-element elementor-element-39f6b8a elementor-section-full_width elementor-section-stretched prt-column-break-ipad-no prt-col-stretched-none elementor-section-height-default elementor-section-height-default\" data-id=\"39f6b8a\" data-element_type=\"section\" data-e-type=\"section\" data-settings=\"{&quot;stretch_section&quot;:&quot;section-stretched&quot;}\">\n\t\t\t\t\t\t<div class=\"elementor-container elementor-column-gap-no\">\n\t\t\t\t\t<div class=\"elementor-column elementor-col-100 elementor-top-column elementor-element elementor-element-df3f59d\" data-id=\"df3f59d\" data-element_type=\"column\" data-e-type=\"column\">\n\t\t\t<div class=\"elementor-widget-wrap elementor-element-populated\">\n\t\t\t\t\t\t<div class=\"elementor-element elementor-element-ccd6004 elementor-widget elementor-widget-google_maps\" data-id=\"ccd6004\" data-element_type=\"widget\" data-e-type=\"widget\" data-widget_type=\"google_maps.default\">\n\t\t\t\t<div class=\"elementor-widget-container\">\n\t\t\t\t\t\t\t<div class=\"elementor-custom-embed\">\n\t\t\t<iframe loading=\"lazy\"\n\t\t\t\t\tsrc=\"https:\/\/maps.google.com\/maps?q=Junkersstra%C3%9Fe%202%2C%2004435%20Schkeuditz&#038;t=m&#038;z=12&#038;output=embed&#038;iwloc=near\"\n\t\t\t\t\ttitle=\"Junkersstra\u00dfe 2, 04435 Schkeuditz\"\n\t\t\t\t\taria-label=\"Junkersstra\u00dfe 2, 04435 Schkeuditz\"\n\t\t\t><\/iframe>\n\t\t<\/div>\n\t\t\t\t\t\t<\/div>\n\t\t\t\t<\/div>\n\t\t\t\t\t<\/div>\n\t\t<\/div>\n\t\t\t\t\t<\/div>\n\t\t<\/section>\n\t\t\t\t<section class=\"elementor-section elementor-top-section elementor-element elementor-element-5a1707b elementor-section-stretched prt-column-break-ipad-no prt-col-stretched-none elementor-section-boxed elementor-section-height-default elementor-section-height-default\" data-id=\"5a1707b\" data-element_type=\"section\" data-e-type=\"section\" data-settings=\"{&quot;stretch_section&quot;:&quot;section-stretched&quot;}\">\n\t\t\t\t\t\t<div class=\"elementor-container elementor-column-gap-no\">\n\t\t\t\t\t<div class=\"elementor-column elementor-col-100 elementor-top-column elementor-element elementor-element-c7f84b4 prt-bgcolor-yes prt-col-bgcolor-grey\" data-id=\"c7f84b4\" data-element_type=\"column\" data-e-type=\"column\" data-settings=\"{&quot;background_background&quot;:&quot;classic&quot;}\">\n\t\t\t<div class=\"elementor-widget-wrap elementor-element-populated\">\n\t\t\t\t\t\t<div class=\"elementor-element elementor-element-35decc8 prt-align-left elementor-widget elementor-widget-prt_heading\" data-id=\"35decc8\" data-element_type=\"widget\" data-e-type=\"widget\" data-widget_type=\"prt_heading.default\">\n\t\t\t\t<div class=\"elementor-widget-container\">\n\t\t\t\t\t<div class=\"prt-element-heading-content-wrapper left-align  prt-seperator-solid prt-content-with-desc prt-heading-style-vertical \"><div class=\"prt-content-header\"><h2 class=\"prt-element-content-heading\">\n\t\t\t\tKontaktn\u00ed formul\u00e1\u0159\n\t\t\t<\/h2>\n\t\t<\/div><div class=\"prt-element-content-desctxt\">Jsme tu pro v\u00e1s 24 hodin denn\u011b, 7 dn\u00ed v t\u00fddnu.<\/div><\/div>\t\t\t\t<\/div>\n\t\t\t\t<\/div>\n\t\t\t\t<div class=\"elementor-element elementor-element-ccba6d3 elementor-widget elementor-widget-shortcode\" data-id=\"ccba6d3\" data-element_type=\"widget\" data-e-type=\"widget\" data-widget_type=\"shortcode.default\">\n\t\t\t\t<div class=\"elementor-widget-container\">\n\t\t\t\t\t\t\t<div class=\"elementor-shortcode\"><style id=\"wpforms-css-vars-6305\">\n\t\t\t\t#wpforms-6305 {\n\t\t\t\t\n\t\t\t}\n\t\t\t<\/style><div class=\"wpforms-container wpforms-container-full wpforms-render-modern\" id=\"wpforms-6305\"><form id=\"wpforms-form-6305\" class=\"wpforms-validate wpforms-form wpforms-ajax-form\" data-formid=\"6305\" method=\"post\" enctype=\"multipart\/form-data\" action=\"\/cs\/wp-json\/wp\/v2\/pages\/6391\" data-token=\"e09a899bb3cb452ccf79673b6787a0e9\" data-token-time=\"1777396122\"><noscript class=\"wpforms-error-noscript\">Chcete-li vyplnit tento formul\u00e1\u0159, pros\u00edm povolte v prohl\u00ed\u017ee\u010di JavaScript.<\/noscript><div id=\"wpforms-error-noscript\" style=\"display: none;\">Chcete-li vyplnit tento formul\u00e1\u0159, pros\u00edm povolte v prohl\u00ed\u017ee\u010di JavaScript.<\/div><div class=\"wpforms-field-container\"><div id=\"wpforms-6305-field_1-container\" class=\"wpforms-field wpforms-field-name\" data-field-id=\"1\"><fieldset><legend class=\"wpforms-field-label\">Jm\u00e9no <span class=\"wpforms-required-label\" aria-hidden=\"true\">*<\/span><\/legend><div class=\"wpforms-field-row wpforms-field-medium\"><div class=\"wpforms-field-row-block wpforms-first wpforms-one-half\"><input type=\"text\" id=\"wpforms-6305-field_1\" class=\"wpforms-field-name-first wpforms-field-required\" name=\"wpforms[fields][1][first]\" aria-errormessage=\"wpforms-6305-field_1-error\" required><label for=\"wpforms-6305-field_1\" class=\"wpforms-field-sublabel after\">K\u0159estn\u00ed jm\u00e9no<\/label><\/div><div class=\"wpforms-field-row-block wpforms-one-half\"><input type=\"text\" id=\"wpforms-6305-field_1-last\" class=\"wpforms-field-name-last wpforms-field-required\" name=\"wpforms[fields][1][last]\" aria-errormessage=\"wpforms-6305-field_1-last-error\" required><label for=\"wpforms-6305-field_1-last\" class=\"wpforms-field-sublabel after\">P\u0159\u00edjmen\u00ed<\/label><\/div><\/div><\/fieldset><\/div>\t\t<div id=\"wpforms-6305-field_4-container\"\n\t\t\tclass=\"wpforms-field wpforms-field-text\"\n\t\t\tdata-field-type=\"text\"\n\t\t\tdata-field-id=\"4\"\n\t\t\t>\n\t\t\t<label class=\"wpforms-field-label\" for=\"wpforms-6305-field_4\" >nebo adresa zpr\u00e1va<\/label>\n\t\t\t<input type=\"text\" id=\"wpforms-6305-field_4\" class=\"wpforms-field-medium\" name=\"wpforms[fields][4]\" >\n\t\t<\/div>\n\t\t<div id=\"wpforms-6305-field_2-container\" class=\"wpforms-field wpforms-field-email\" data-field-id=\"2\"><label class=\"wpforms-field-label\" for=\"wpforms-6305-field_2\">E-mailov\u00e1 adresa <span class=\"wpforms-required-label\" aria-hidden=\"true\">*<\/span><\/label><input type=\"email\" id=\"wpforms-6305-field_2\" class=\"wpforms-field-medium wpforms-field-required\" name=\"wpforms[fields][2]\" spellcheck=\"false\" aria-errormessage=\"wpforms-6305-field_2-error\" required><\/div><div id=\"wpforms-6305-field_3-container\" class=\"wpforms-field wpforms-field-textarea\" data-field-id=\"3\"><label class=\"wpforms-field-label\" for=\"wpforms-6305-field_3\">Koment\u00e1\u0159 nebo zpr\u00e1va <span class=\"wpforms-required-label\" aria-hidden=\"true\">*<\/span><\/label><textarea id=\"wpforms-6305-field_3\" class=\"wpforms-field-medium wpforms-field-required\" name=\"wpforms[fields][3]\" aria-errormessage=\"wpforms-6305-field_3-error\" required><\/textarea><\/div><script>\n\t\t\t\t( function() {\n\t\t\t\t\tconst style = document.createElement( 'style' );\n\t\t\t\t\tstyle.appendChild( document.createTextNode( '#wpforms-6305-field_4-container { position: absolute !important; overflow: hidden !important; display: inline !important; height: 1px !important; width: 1px !important; z-index: -1000 !important; padding: 0 !important; } #wpforms-6305-field_4-container input { visibility: hidden; } #wpforms-conversational-form-page #wpforms-6305-field_4-container label { counter-increment: none; }' ) );\n\t\t\t\t\tdocument.head.appendChild( style );\n\t\t\t\t\tdocument.currentScript?.remove();\n\t\t\t\t} )();\n\t\t\t<\/script><\/div><!-- .wpforms-field-container --><div class=\"wpforms-submit-container\" ><input type=\"hidden\" name=\"wpforms[id]\" value=\"6305\"><input type=\"hidden\" name=\"page_title\" value=\"\"><input type=\"hidden\" name=\"page_url\" value=\"https:\/\/parkingleipzig.de\/cs\/wp-json\/wp\/v2\/pages\/6391\"><input type=\"hidden\" name=\"url_referer\" value=\"\"><button type=\"submit\" name=\"wpforms[submit]\" id=\"wpforms-submit-6305\" class=\"wpforms-submit\" data-alt-text=\"Pos\u00edl\u00e1n\u00ed...\" data-submit-text=\"Odesl\u00e1n\u00ed\" aria-live=\"assertive\" value=\"wpforms-submit\">Odesl\u00e1n\u00ed<\/button><img decoding=\"async\" src=\"https:\/\/parkingleipzig.de\/wp-content\/plugins\/wpforms-lite\/assets\/images\/submit-spin.svg\" class=\"wpforms-submit-spinner\" style=\"display: none;\" width=\"26\" height=\"26\" alt=\"Na\u010d\u00edt\u00e1n\u00ed\"><\/div><\/form><\/div>  <!-- .wpforms-container --><\/div>\n\t\t\t\t\t\t<\/div>\n\t\t\t\t<\/div>\n\t\t\t\t\t<\/div>\n\t\t<\/div>\n\t\t\t\t\t<\/div>\n\t\t<\/section>\n\t\t\t\t<\/div>\n\t\t","protected":false},"excerpt":{"rendered":"<p>Jetzt mit uns in verbindung setzen M\u00e1te n\u011bjak\u00e9 ot\u00e1zky?M\u00e1me na n\u011b odpov\u011bdi. Um\u00edst\u011bn\u00ed Junkersstra\u00dfe 2 04435 Schkeuditz Deutschland Telefon +49(0) 176 66 815 915 +49(0) 342 04 991 566 E-Mail info@parkingleipzig.de Kontaktn\u00ed formul\u00e1\u0159 Jsme tu pro v\u00e1s 24 hodin denn\u011b, 7 dn\u00ed v t\u00fddnu.<\/p>\n","protected":false},"author":1,"featured_media":0,"parent":0,"menu_order":0,"comment_status":"closed","ping_status":"closed","template":"","meta":{"footnotes":""},"class_list":["post-6391","page","type-page","status-publish","hentry"],"_links":{"self":[{"href":"https:\/\/parkingleipzig.de\/cs\/wp-json\/wp\/v2\/pages\/6391","targetHints":{"allow":["GET"]}}],"collection":[{"href":"https:\/\/parkingleipzig.de\/cs\/wp-json\/wp\/v2\/pages"}],"about":[{"href":"https:\/\/parkingleipzig.de\/cs\/wp-json\/wp\/v2\/types\/page"}],"author":[{"embeddable":true,"href":"https:\/\/parkingleipzig.de\/cs\/wp-json\/wp\/v2\/users\/1"}],"replies":[{"embeddable":true,"href":"https:\/\/parkingleipzig.de\/cs\/wp-json\/wp\/v2\/comments?post=6391"}],"version-history":[{"count":0,"href":"https:\/\/parkingleipzig.de\/cs\/wp-json\/wp\/v2\/pages\/6391\/revisions"}],"wp:attachment":[{"href":"https:\/\/parkingleipzig.de\/cs\/wp-json\/wp\/v2\/media?parent=6391"}],"curies":[{"name":"wp","href":"https:\/\/api.w.org\/{rel}","templated":true}]}}