{"id":6381,"date":"2025-05-24T19:52:35","date_gmt":"2025-05-24T17:52:35","guid":{"rendered":"https:\/\/parkingleipzig.de\/neni-nutne-odevzdat-klic-plna-kontrola-behem-parkingleipzig-de\/"},"modified":"2025-06-08T17:38:38","modified_gmt":"2025-06-08T15:38:38","slug":"neni-nutne-odevzdat-klic-plna-kontrola-behem-parkingleipzig-de","status":"publish","type":"page","link":"https:\/\/parkingleipzig.de\/cs\/neni-nutne-odevzdat-klic-plna-kontrola-behem-parkingleipzig-de\/","title":{"rendered":"Nen\u00ed nutn\u00e9 odevzdat kl\u00ed\u010d \u2013 pln\u00e1 kontrola b\u011bhem ParkingLeipzig.de"},"content":{"rendered":"\t\t<div data-elementor-type=\"wp-page\" data-elementor-id=\"6381\" class=\"elementor elementor-6381 elementor-5207\">\n\t\t\t\t\t\t<section class=\"elementor-section elementor-top-section elementor-element elementor-element-4d7286f elementor-section-stretched prt-column-break-ipad-no prt-col-stretched-none elementor-section-boxed elementor-section-height-default elementor-section-height-default\" data-id=\"4d7286f\" data-element_type=\"section\" data-e-type=\"section\" data-settings=\"{&quot;stretch_section&quot;:&quot;section-stretched&quot;}\">\n\t\t\t\t\t\t<div class=\"elementor-container elementor-column-gap-no\">\n\t\t\t\t\t<div class=\"elementor-column elementor-col-50 elementor-top-column elementor-element elementor-element-473f8de\" data-id=\"473f8de\" data-element_type=\"column\" data-e-type=\"column\" data-settings=\"{&quot;background_background&quot;:&quot;classic&quot;}\">\n\t\t\t<div class=\"elementor-widget-wrap elementor-element-populated\">\n\t\t\t\t\t\t<section class=\"elementor-section elementor-inner-section elementor-element elementor-element-23aed25 prt-column-break-ipad-no prt-col-stretched-none elementor-section-boxed elementor-section-height-default elementor-section-height-default\" data-id=\"23aed25\" data-element_type=\"section\" data-e-type=\"section\">\n\t\t\t\t\t\t<div class=\"elementor-container elementor-column-gap-no\">\n\t\t\t\t\t<div class=\"elementor-column elementor-col-100 elementor-inner-column elementor-element elementor-element-6fd0681\" data-id=\"6fd0681\" data-element_type=\"column\" data-e-type=\"column\">\n\t\t\t<div class=\"elementor-widget-wrap elementor-element-populated\">\n\t\t\t\t\t\t<div class=\"elementor-element elementor-element-0cc9108 prt-align-left elementor-widget elementor-widget-prt_heading\" data-id=\"0cc9108\" data-element_type=\"widget\" data-e-type=\"widget\" data-widget_type=\"prt_heading.default\">\n\t\t\t\t<div class=\"elementor-widget-container\">\n\t\t\t\t\t<div class=\"prt-element-heading-content-wrapper left-align prt-reverse-heading-yes prt-seperator-solid  prt-heading-style-vertical \"><div class=\"prt-content-header\"><h4 class=\"prt-element-subheading\">\n\t\t\t\tKl\u00ed\u010de si nech\u00e1v\u00e1te\n\t\t\t<\/h4>\n\t\t<h2 class=\"prt-element-content-heading\">\n\t\t\t\tJe to d\u016fle\u017eit\u011bj\u0161\u00ed ne\u017e d\u016fv\u011bra? Kontrola.\n\t\t\t<\/h2>\n\t\t<\/div><\/div>\t\t\t\t<\/div>\n\t\t\t\t<\/div>\n\t\t\t\t\t<\/div>\n\t\t<\/div>\n\t\t\t\t\t<\/div>\n\t\t<\/section>\n\t\t\t\t<section class=\"elementor-section elementor-inner-section elementor-element elementor-element-6e43241 prt-column-break-ipad-no prt-col-stretched-none elementor-section-boxed elementor-section-height-default elementor-section-height-default\" data-id=\"6e43241\" data-element_type=\"section\" data-e-type=\"section\">\n\t\t\t\t\t\t<div class=\"elementor-container elementor-column-gap-no\">\n\t\t\t\t\t<div class=\"elementor-column elementor-col-100 elementor-inner-column elementor-element elementor-element-a579535\" data-id=\"a579535\" data-element_type=\"column\" data-e-type=\"column\">\n\t\t\t<div class=\"elementor-widget-wrap elementor-element-populated\">\n\t\t\t\t\t\t<div class=\"elementor-element elementor-element-158f63a elementor-widget__width-initial elementor-widget elementor-widget-text-editor\" data-id=\"158f63a\" data-element_type=\"widget\" data-e-type=\"widget\" data-widget_type=\"text-editor.default\">\n\t\t\t\t<div class=\"elementor-widget-container\">\n\t\t\t\t\t\t\t\t\t<p data-start=\"282\" data-end=\"600\">U mnoha poskytovatel\u016f parkov\u00e1n\u00ed na leti\u0161ti je b\u011b\u017en\u00e9, \u017ee po p\u0159\u00edletu odevzd\u00e1te kl\u00ed\u010de od auta. To m\u016f\u017ee v\u00e9st k nep\u0159\u00edjemn\u00e9mu pocitu:   <strong data-start=\"442\" data-end=\"519\">Co se stane s m\u00fdm vozem b\u011bhem m\u00e9 nep\u0159\u00edtomnosti? Kdo m\u00e1 p\u0159\u00edstup? <\/strong>  Ve <strong data-start=\"524\" data-end=\"545\">spole\u010dnosti ParkingLeipzig.de<\/strong> m\u00e1me jasnou odpov\u011b\u010f: <strong data-start=\"576\" data-end=\"600\">Nikdo krom\u011b v\u00e1s.<\/strong><\/p><h3 data-start=\"602\" data-end=\"649\">\ud83e\udded D\u016fv\u011bra je dobr\u00e1 \u2013 kontrola je lep\u0161\u00ed<\/h3><p data-start=\"651\" data-end=\"942\">Proto <strong data-start=\"673\" data-end=\"709\">nemus\u00edme kl\u00ed\u010de odevzd\u00e1vat!<\/strong><br data-start=\"709\" data-end=\"712\">Kl\u00ed\u010de v\u00e1m z\u016fstanou \u2013 a t\u00edm i <strong data-start=\"756\" data-end=\"793\">pln\u00e1 kontrola nad va\u0161\u00edm vozidlem<\/strong>. \u017d\u00e1dn\u00e9 man\u00e9vrov\u00e1n\u00ed ciz\u00edmi lidmi, \u017e\u00e1dn\u00e9 p\u0159eparkov\u00e1n\u00ed, \u017e\u00e1dn\u00e9 starosti. Jakmile je v\u00e1\u0161 v\u016fz zaparkov\u00e1n, z\u016fstane tam \u2013 <strong data-start=\"899\" data-end=\"942\">p\u0159esn\u011b tak, jak jste ho zaparkovali.<\/strong>  <\/p><h3 data-start=\"944\" data-end=\"974\">\ud83d\udeab \u017d\u00e1dn\u00e1 zbyte\u010dn\u00e1 rizika<\/h3><p data-start=\"976\" data-end=\"1313\">Vozidla, kter\u00e1 jezd\u00ed v dob\u011b nep\u0159\u00edtomnosti zam\u011bstnanc\u016f, jsou <strong data-start=\"1052\" data-end=\"1067\">teoreticky<\/strong> poji\u0161t\u011bna \u2013 <strong data-start=\"1081\" data-end=\"1094\">ale v praxi<\/strong> se po\u0161kozen\u00ed nebo nejistota objevuj\u00ed znovu a znovu. Tomu se zcela vyhneme: <strong data-start=\"1180\" data-end=\"1243\">V\u00e1\u0161 v\u016fz z\u016fstane zamknut\u00fd a pouze Vy jej znovu otev\u0159ete.<\/strong> D\u00edky tomu je parkov\u00e1n\u00ed nejen pohodln\u011bj\u0161\u00ed, ale tak\u00e9 <strong data-start=\"1300\" data-end=\"1313\">bezpe\u010dn\u011bj\u0161\u00ed.<\/strong> <\/p><h3 data-start=\"1315\" data-end=\"1381\">\ud83d\udc68\u200d\ud83d\udc69\u200d\ud83d\udc67\u200d\ud83d\udc66 Obzvl\u00e1\u0161t\u011b p\u0159\u00edjemn\u00e9 pro rodiny a dlouhodob\u00e9 parkuj\u00edc\u00ed<\/h3><p data-start=\"1383\" data-end=\"1627\">Zejm\u00e9na pokud cestujete s d\u011btmi nebo jste na cest\u00e1ch del\u0161\u00ed dobu, je uklid\u0148uj\u00edc\u00ed v\u011bd\u011bt, \u017ee <strong data-start=\"1475\" data-end=\"1506\">v\u016fz z\u016fstane nedot\u010den\u00fd.<\/strong> \u017d\u00e1dn\u00fd stres z n\u00e1vratu, \u017e\u00e1dn\u00e9 zbyte\u010dn\u00e9 hled\u00e1n\u00ed \u2013 <strong data-start=\"1561\" data-end=\"1627\">v\u00edte p\u0159esn\u011b, kde se nach\u00e1z\u00ed a \u017ee s n\u00edm nikdo nepohnul.<\/strong><\/p><h3 data-start=\"1629\" data-end=\"1663\">\ud83d\udd10 Bezpe\u010dnost PLUS transparentnost<\/h3><p data-start=\"1665\" data-end=\"1954\">Na\u0161e prostory jsou nep\u0159etr\u017eit\u011b monitorov\u00e1ny <strong data-start=\"1707\" data-end=\"1726\">syst\u00e9mem BauWatch<\/strong> . V kombinaci se <strong data-start=\"1769\" data-end=\"1796\">z\u00e1sadou \u201eno key delivery\u201c<\/strong> to vede k v\u0161estrann\u011b bezpe\u010dn\u00e9mu a transparentn\u00edmu parkovac\u00edmu syst\u00e9mu, kter\u00fd <strong data-start=\"1870\" data-end=\"1891\">vytv\u00e1\u0159\u00ed d\u016fv\u011bru<\/strong> a d\u00e1v\u00e1 v\u00e1m dobr\u00fd pocit \u2013 od odjezdu a\u017e po n\u00e1vrat. <\/p><h3 data-start=\"1961\" data-end=\"2023\">\u2705 Va\u0161e v\u00fdhody s ParkingLeipzig.de bez odevzd\u00e1n\u00ed kl\u00ed\u010de<\/h3><ul data-start=\"2025\" data-end=\"2389\"><li data-start=\"2025\" data-end=\"2067\"><p data-start=\"2027\" data-end=\"2067\"><strong data-start=\"2027\" data-end=\"2067\">Kl\u00ed\u010d od vozidla si ponech\u00e1te<\/strong><\/p><\/li><li data-start=\"2068\" data-end=\"2132\"><p data-start=\"2070\" data-end=\"2132\"><strong data-start=\"2070\" data-end=\"2132\">Pln\u00e1 kontrola nad va\u0161\u00edm vozem \u2013 \u017e\u00e1dn\u00ed ciz\u00ed lid\u00e9 nemus\u00ed znovu parkovat<\/strong><\/p><\/li><li data-start=\"2133\" data-end=\"2174\"><p data-start=\"2135\" data-end=\"2174\"><strong data-start=\"2135\" data-end=\"2174\">Maxim\u00e1ln\u00ed bezpe\u010dnost a transparentnost<\/strong><\/p><\/li><li data-start=\"2175\" data-end=\"2212\"><p data-start=\"2177\" data-end=\"2212\"><strong data-start=\"2177\" data-end=\"2212\">\u017d\u00e1dn\u00e9 riziko z pohybu t\u0159et\u00edch stran<\/strong><\/p><\/li><li data-start=\"2213\" data-end=\"2275\"><p data-start=\"2215\" data-end=\"2275\"><strong data-start=\"2215\" data-end=\"2275\">Pohodln\u00fd start na dovolenou nebo slu\u017eebn\u00ed cestu<\/strong><\/p><\/li><li data-start=\"2276\" data-end=\"2329\"><p data-start=\"2278\" data-end=\"2329\"><strong data-start=\"2278\" data-end=\"2329\">Vhodn\u00e9 zejm\u00e9na pro rodiny a \u010dast\u00e9 cestuj\u00edc\u00ed<\/strong><\/p><\/li><li data-start=\"2330\" data-end=\"2389\"><p data-start=\"2332\" data-end=\"2389\"><strong data-start=\"2332\" data-end=\"2389\">Optim\u00e1ln\u00ed ochrana v kombinaci s kamerov\u00fdm dohledem<\/strong><\/p><\/li><\/ul><p data-start=\"2396\" data-end=\"2576\"><strong data-start=\"2396\" data-end=\"2576\">\u017d\u00e1dn\u00e9 p\u0159ed\u00e1n\u00ed kl\u00ed\u010de znamen\u00e1 maxim\u00e1ln\u00ed kontrolu a d\u016fv\u011bru \u2013 s ParkingLeipzig.de je va\u0161e vozidlo v t\u011bch nejlep\u0161\u00edch rukou, i kdy\u017e kl\u00ed\u010d vlastn\u00edte pouze vy.<\/strong><\/p>\t\t\t\t\t\t\t\t<\/div>\n\t\t\t\t<\/div>\n\t\t\t\t\t<\/div>\n\t\t<\/div>\n\t\t\t\t\t<\/div>\n\t\t<\/section>\n\t\t\t\t\t<\/div>\n\t\t<\/div>\n\t\t\t\t<div class=\"elementor-column elementor-col-50 elementor-top-column elementor-element elementor-element-9a5b088\" data-id=\"9a5b088\" data-element_type=\"column\" data-e-type=\"column\" data-settings=\"{&quot;background_background&quot;:&quot;classic&quot;}\">\n\t\t\t<div class=\"elementor-widget-wrap elementor-element-populated\">\n\t\t\t\t\t\t<section class=\"elementor-section elementor-inner-section elementor-element elementor-element-dcb8842 prt-column-break-ipad-no prt-col-stretched-none elementor-section-boxed elementor-section-height-default elementor-section-height-default\" data-id=\"dcb8842\" data-element_type=\"section\" data-e-type=\"section\">\n\t\t\t\t\t\t<div class=\"elementor-container elementor-column-gap-no\">\n\t\t\t\t\t<div class=\"elementor-column elementor-col-100 elementor-inner-column elementor-element elementor-element-d42b352\" data-id=\"d42b352\" data-element_type=\"column\" data-e-type=\"column\" data-settings=\"{&quot;background_background&quot;:&quot;classic&quot;}\">\n\t\t\t<div class=\"elementor-widget-wrap elementor-element-populated\">\n\t\t\t\t\t\t<div class=\"elementor-element elementor-element-d32dafc elementor-widget elementor-widget-image\" data-id=\"d32dafc\" data-element_type=\"widget\" data-e-type=\"widget\" data-widget_type=\"image.default\">\n\t\t\t\t<div class=\"elementor-widget-container\">\n\t\t\t\t\t\t\t\t\t\t\t\t\t\t\t<img fetchpriority=\"high\" decoding=\"async\" width=\"1024\" height=\"1536\" src=\"https:\/\/parkingleipzig.de\/wp-content\/uploads\/2025\/05\/AutoSchluessel.jpg\" class=\"attachment-full size-full wp-image-5906\" alt=\"\" srcset=\"https:\/\/parkingleipzig.de\/wp-content\/uploads\/2025\/05\/AutoSchluessel.jpg 1024w, https:\/\/parkingleipzig.de\/wp-content\/uploads\/2025\/05\/AutoSchluessel-200x300.jpg 200w, https:\/\/parkingleipzig.de\/wp-content\/uploads\/2025\/05\/AutoSchluessel-683x1024.jpg 683w, https:\/\/parkingleipzig.de\/wp-content\/uploads\/2025\/05\/AutoSchluessel-768x1152.jpg 768w, https:\/\/parkingleipzig.de\/wp-content\/uploads\/2025\/05\/AutoSchluessel-267x400.jpg 267w\" sizes=\"(max-width: 1024px) 100vw, 1024px\" data-id=\"5906\" \/>\t\t\t\t\t\t\t\t\t\t\t\t\t\t\t<\/div>\n\t\t\t\t<\/div>\n\t\t\t\t\t<\/div>\n\t\t<\/div>\n\t\t\t\t\t<\/div>\n\t\t<\/section>\n\t\t\t\t\t<\/div>\n\t\t<\/div>\n\t\t\t\t\t<\/div>\n\t\t<\/section>\n\t\t\t\t<\/div>\n\t\t","protected":false},"excerpt":{"rendered":"<p>Kl\u00ed\u010de si nech\u00e1v\u00e1te Je to d\u016fle\u017eit\u011bj\u0161\u00ed ne\u017e d\u016fv\u011bra? Kontrola. U mnoha poskytovatel\u016f parkov\u00e1n\u00ed na leti\u0161ti je b\u011b\u017en\u00e9, \u017ee po p\u0159\u00edletu odevzd\u00e1te kl\u00ed\u010de od auta. To m\u016f\u017ee v\u00e9st k nep\u0159\u00edjemn\u00e9mu pocitu: Co se stane s m\u00fdm vozem b\u011bhem m\u00e9 nep\u0159\u00edtomnosti? Kdo m\u00e1 p\u0159\u00edstup? Ve spole\u010dnosti ParkingLeipzig.de m\u00e1me jasnou odpov\u011b\u010f: Nikdo krom\u011b v\u00e1s. \ud83e\udded D\u016fv\u011bra je dobr\u00e1 &hellip; <a href=\"https:\/\/parkingleipzig.de\/cs\/neni-nutne-odevzdat-klic-plna-kontrola-behem-parkingleipzig-de\/\" class=\"more-link\">Continue reading <span class=\"screen-reader-text\">Nen\u00ed nutn\u00e9 odevzdat kl\u00ed\u010d \u2013 pln\u00e1 kontrola b\u011bhem ParkingLeipzig.de<\/span><\/a><\/p>\n","protected":false},"author":1,"featured_media":0,"parent":0,"menu_order":0,"comment_status":"closed","ping_status":"closed","template":"","meta":{"footnotes":""},"class_list":["post-6381","page","type-page","status-publish","hentry"],"_links":{"self":[{"href":"https:\/\/parkingleipzig.de\/cs\/wp-json\/wp\/v2\/pages\/6381","targetHints":{"allow":["GET"]}}],"collection":[{"href":"https:\/\/parkingleipzig.de\/cs\/wp-json\/wp\/v2\/pages"}],"about":[{"href":"https:\/\/parkingleipzig.de\/cs\/wp-json\/wp\/v2\/types\/page"}],"author":[{"embeddable":true,"href":"https:\/\/parkingleipzig.de\/cs\/wp-json\/wp\/v2\/users\/1"}],"replies":[{"embeddable":true,"href":"https:\/\/parkingleipzig.de\/cs\/wp-json\/wp\/v2\/comments?post=6381"}],"version-history":[{"count":0,"href":"https:\/\/parkingleipzig.de\/cs\/wp-json\/wp\/v2\/pages\/6381\/revisions"}],"wp:attachment":[{"href":"https:\/\/parkingleipzig.de\/cs\/wp-json\/wp\/v2\/media?parent=6381"}],"curies":[{"name":"wp","href":"https:\/\/api.w.org\/{rel}","templated":true}]}}