{"id":6252,"date":"2025-05-24T18:32:27","date_gmt":"2025-05-24T16:32:27","guid":{"rendered":"https:\/\/parkingleipzig.de\/nepretrzita-dostupnost-na-parkingleipzig-de-nepretrzite-parkovani-na-letisti-lipsko-bez-stresu\/"},"modified":"2025-06-08T17:25:46","modified_gmt":"2025-06-08T15:25:46","slug":"nepretrzita-dostupnost-na-parkingleipzig-de-nepretrzite-parkovani-na-letisti-lipsko-bez-stresu","status":"publish","type":"page","link":"https:\/\/parkingleipzig.de\/cs\/nepretrzita-dostupnost-na-parkingleipzig-de-nepretrzite-parkovani-na-letisti-lipsko-bez-stresu\/","title":{"rendered":"Dostupnost 24\/7 v ParkingLeipzig.de \u2013 Parkujte na leti\u0161ti Lipsko nep\u0159etr\u017eit\u011b bez stresu"},"content":{"rendered":"\t\t<div data-elementor-type=\"wp-page\" data-elementor-id=\"6252\" class=\"elementor elementor-6252 elementor-5157\">\n\t\t\t\t\t\t<section class=\"elementor-section elementor-top-section elementor-element elementor-element-4d7286f elementor-section-stretched prt-column-break-ipad-no prt-col-stretched-none elementor-section-boxed elementor-section-height-default elementor-section-height-default\" data-id=\"4d7286f\" data-element_type=\"section\" data-e-type=\"section\" data-settings=\"{&quot;stretch_section&quot;:&quot;section-stretched&quot;}\">\n\t\t\t\t\t\t<div class=\"elementor-container elementor-column-gap-no\">\n\t\t\t\t\t<div class=\"elementor-column elementor-col-50 elementor-top-column elementor-element elementor-element-473f8de\" data-id=\"473f8de\" data-element_type=\"column\" data-e-type=\"column\" data-settings=\"{&quot;background_background&quot;:&quot;classic&quot;}\">\n\t\t\t<div class=\"elementor-widget-wrap elementor-element-populated\">\n\t\t\t\t\t\t<section class=\"elementor-section elementor-inner-section elementor-element elementor-element-23aed25 prt-column-break-ipad-no prt-col-stretched-none elementor-section-boxed elementor-section-height-default elementor-section-height-default\" data-id=\"23aed25\" data-element_type=\"section\" data-e-type=\"section\">\n\t\t\t\t\t\t<div class=\"elementor-container elementor-column-gap-no\">\n\t\t\t\t\t<div class=\"elementor-column elementor-col-100 elementor-inner-column elementor-element elementor-element-6fd0681\" data-id=\"6fd0681\" data-element_type=\"column\" data-e-type=\"column\">\n\t\t\t<div class=\"elementor-widget-wrap elementor-element-populated\">\n\t\t\t\t\t\t<div class=\"elementor-element elementor-element-0cc9108 prt-align-left elementor-widget elementor-widget-prt_heading\" data-id=\"0cc9108\" data-element_type=\"widget\" data-e-type=\"widget\" data-widget_type=\"prt_heading.default\">\n\t\t\t\t<div class=\"elementor-widget-container\">\n\t\t\t\t\t<div class=\"prt-element-heading-content-wrapper left-align prt-reverse-heading-yes prt-seperator-solid  prt-heading-style-vertical \"><div class=\"prt-content-header\"><h4 class=\"prt-element-subheading\">\n\t\t\t\tV\u017edy je tu pro v\u00e1s\n\t\t\t<\/h4>\n\t\t<h2 class=\"prt-element-content-heading\">\n\t\t\t\tDostupnost 24\/7<br>na ParkingLeipzig.de\n\t\t\t<\/h2>\n\t\t<\/div><\/div>\t\t\t\t<\/div>\n\t\t\t\t<\/div>\n\t\t\t\t\t<\/div>\n\t\t<\/div>\n\t\t\t\t\t<\/div>\n\t\t<\/section>\n\t\t\t\t<section class=\"elementor-section elementor-inner-section elementor-element elementor-element-6e43241 prt-column-break-ipad-no prt-col-stretched-none elementor-section-boxed elementor-section-height-default elementor-section-height-default\" data-id=\"6e43241\" data-element_type=\"section\" data-e-type=\"section\">\n\t\t\t\t\t\t<div class=\"elementor-container elementor-column-gap-no\">\n\t\t\t\t\t<div class=\"elementor-column elementor-col-100 elementor-inner-column elementor-element elementor-element-a579535\" data-id=\"a579535\" data-element_type=\"column\" data-e-type=\"column\">\n\t\t\t<div class=\"elementor-widget-wrap elementor-element-populated\">\n\t\t\t\t\t\t<div class=\"elementor-element elementor-element-158f63a elementor-widget__width-initial elementor-widget elementor-widget-text-editor\" data-id=\"158f63a\" data-element_type=\"widget\" data-e-type=\"widget\" data-widget_type=\"text-editor.default\">\n\t\t\t\t<div class=\"elementor-widget-container\">\n\t\t\t\t\t\t\t\t\t<p data-start=\"326\" data-end=\"725\">Cestov\u00e1n\u00ed znamen\u00e1 svobodu, ale tak\u00e9 ur\u010ditou nep\u0159edv\u00eddatelnost. Lety odl\u00e9taj\u00ed v r\u016fznou denn\u00ed a no\u010dn\u00ed dobu, doch\u00e1z\u00ed ke zpo\u017ed\u011bn\u00ed, zm\u011bn\u011b rezervace nebo kr\u00e1tkodob\u00fdm cestovn\u00edm pl\u00e1n\u016fm. P\u0159esn\u011b proto se ve <strong data-start=\"549\" data-end=\"570\">ParkingLeipzig.de<\/strong> zam\u011b\u0159ujeme na maxim\u00e1ln\u00ed <strong data-start=\"584\" data-end=\"600\">flexibilitu<\/strong>: N\u00e1\u0161 servis je v\u00e1m k dispozici <strong data-start=\"628\" data-end=\"667\">24 hodin denn\u011b, 7 dn\u00ed v t\u00fddnu<\/strong> \u2013 <strong data-start=\"684\" data-end=\"724\">bez v\u00fdjimek, bez omezen\u00ed<\/strong>.  <\/p><p data-start=\"326\" data-end=\"725\"> <\/p><h3 data-start=\"727\" data-end=\"790\">\ud83c\udf1f V\u017edy tu pro v\u00e1s &#8211; a\u0165 u\u017e brzy r\u00e1no nebo hluboko v noci<\/h3><p data-start=\"792\" data-end=\"1066\">Nez\u00e1le\u017e\u00ed na tom, zda v\u00e1\u0161 let odl\u00e9t\u00e1 ve <strong data-start=\"830\" data-end=\"843\">3:30 nebo<\/strong> p\u0159ist\u00e1v\u00e1te a\u017e <strong data-start=\"866\" data-end=\"886\">po p\u016flnoci<\/strong> :<br data-start=\"901\" data-end=\"904\">N\u00e1\u0161 person\u00e1l je <strong data-start=\"923\" data-end=\"956\">v\u00e1m nep\u0159etr\u017eit\u011b k dispozici<\/strong>, aby v\u00e1m poskytl ty nejlep\u0161\u00ed mo\u017en\u00e9 slu\u017eby. <strong data-start=\"1004\" data-end=\"1064\">P\u0159ijet, zaparkovat, nastoupit \u2013 v\u0161e je velmi jednoduch\u00e9.<\/strong><\/p><p data-start=\"1068\" data-end=\"1242\">D\u00edky na\u0161\u00ed dostupnosti 24\/7 se nemus\u00edte b\u00e1t, zda tam bude n\u011bkdo, kdo v\u00e1s odbav\u00ed nebo odveze k termin\u00e1lu.  <strong data-start=\"1194\" data-end=\"1242\">Vy ur\u010dujete sv\u016fj \u010das \u2013 my se p\u0159izp\u016fsob\u00edme.<\/strong><\/p><p data-start=\"1068\" data-end=\"1242\"> <\/p><h3 data-start=\"1244\" data-end=\"1290\">\ud83d\ude90 Kyvadlov\u00e1 doprava p\u0159ipraven\u00e1 k pou\u017eit\u00ed kdykoli<\/h3><p data-start=\"1292\" data-end=\"1558\">N\u00e1\u0161 bezplatn\u00fd <strong data-start=\"1310\" data-end=\"1339\">klimatizovan\u00fd kyvadlov\u00fd autobus<\/strong> v\u00e1s <strong data-start=\"1351\" data-end=\"1425\">v kteroukoli denn\u00ed nebo no\u010dn\u00ed dobu zaveze p\u0159\u00edmo na leti\u0161t\u011b Lipsko\/Halle (LEJ)<\/strong> a op\u011bt v\u00e1s vyzvedne. P\u0159eprava trv\u00e1 jen n\u011bkolik minut \u2013 bez stresu, dlouh\u00fdch \u010dekac\u00edch dob a otravn\u00fdch proch\u00e1zek. <\/p><p data-start=\"1560\" data-end=\"1729\">Je v\u00e1\u0161 let zpo\u017ed\u011bn nebo zm\u011bn\u011bn v kr\u00e1tk\u00e9 dob\u011b? \u017d\u00e1dn\u00fd probl\u00e9m! <strong data-start=\"1630\" data-end=\"1674\">Monitorujeme v\u0161echny p\u0159\u00edjezdy a odjezdy<\/strong>, abychom v\u00e1s vyzvedli p\u0159esn\u011b tehdy, kdy\u017e n\u00e1s pot\u0159ebujete. <\/p><p data-start=\"1560\" data-end=\"1729\"> <\/p><h3 data-start=\"1731\" data-end=\"1782\">\ud83d\udeeb Ide\u00e1ln\u00ed pro obchodn\u00ed cestuj\u00edc\u00ed a rekrea\u010dn\u00ed dopravn\u00ed letadla<\/h3><p data-start=\"1784\" data-end=\"2041\">Mezi na\u0161e klienty pat\u0159\u00ed obchodn\u00ed <strong data-start=\"1810\" data-end=\"1853\">cestuj\u00edc\u00ed s nabit\u00fdm letov\u00fdm \u0159\u00e1dem<\/strong> a\u017e <strong data-start=\"1865\" data-end=\"1902\">po rodiny s \u010dasn\u00fdmi charterov\u00fdmi lety<\/strong>. Ka\u017ed\u00fd oce\u0148uje pohodl\u00ed p\u0159\u00edstupu ke spolehliv\u00e9 parkovac\u00ed slu\u017eb\u011b <strong data-start=\"1931\" data-end=\"1979\">bez ohledu na \u010dasy nebo otev\u00edrac\u00ed dobu<\/strong> . <\/p><p data-start=\"1784\" data-end=\"2041\"> <\/p><h3 data-start=\"2043\" data-end=\"2091\">\ud83d\udca1 N\u00e1\u0161 tip: Rezervujte v\u010das, z\u016fsta\u0148te flexibiln\u00ed<\/h3><p data-start=\"2093\" data-end=\"2370\">S na\u0161\u00edm <strong data-start=\"2105\" data-end=\"2133\">flexibiln\u00edm rezerva\u010dn\u00edm syst\u00e9mem<\/strong> m\u016f\u017eete snadno upravit dobu parkov\u00e1n\u00ed online v p\u0159\u00edpad\u011b, \u017ee se va\u0161e cestovn\u00ed pl\u00e1ny zm\u011bn\u00ed. A proto\u017ee od v\u00e1s <strong data-start=\"2237\" data-end=\"2272\">nevy\u017eadujeme odevzd\u00e1n\u00ed kl\u00ed\u010d\u016f<\/strong>, m\u00e1te sv\u00e9 vozidlo pln\u011b pod kontrolou \u2013 bez ohledu na to, kdy p\u0159ijedete nebo odjedete. <\/p><p data-start=\"2093\" data-end=\"2370\"> <\/p><h3 data-start=\"2372\" data-end=\"2409\">\ud83d\udd10 Bezpe\u010dnost nezn\u00e1 \u010das<\/h3><p data-start=\"2411\" data-end=\"2672\">I v noci jsou na\u0161e parkovi\u0161t\u011b samoz\u0159ejm\u011b <strong data-start=\"2466\" data-end=\"2484\">pod kamerov\u00fdm dohledem<\/strong> a chr\u00e1n\u011bna <strong data-start=\"2511\" data-end=\"2541\">nejmodern\u011bj\u0161\u00edm bezpe\u010dnostn\u00edm syst\u00e9mem BauWatch<\/strong> . M\u016f\u017eete si tak b\u00fdt jisti, \u017ee o v\u00e1\u0161 v\u016fz bude optim\u00e1ln\u011b postar\u00e1no, i kdy\u017e budete pry\u010d \u2013 <strong data-start=\"2652\" data-end=\"2672\">ka\u017edou hodinu.<\/strong> <\/p><p data-start=\"2411\" data-end=\"2672\"> <\/p><h3 data-start=\"2679\" data-end=\"2714\">\u2705 P\u0159ehled va\u0161ich v\u00fdhod<\/h3><ul data-start=\"2716\" data-end=\"3009\"><li data-start=\"2716\" data-end=\"2758\"><p data-start=\"2718\" data-end=\"2758\"><strong data-start=\"2718\" data-end=\"2758\">Otev\u0159eno 24\/7 \u2013 bez omezen\u00ed<\/strong><\/p><\/li><li data-start=\"2759\" data-end=\"2810\"><p data-start=\"2761\" data-end=\"2810\"><strong data-start=\"2761\" data-end=\"2792\">Bezplatn\u00e1 kyvadlov\u00e1 doprava<\/strong> ve dne i v noci<\/p><\/li><li data-start=\"2811\" data-end=\"2871\"><p data-start=\"2813\" data-end=\"2871\"><strong data-start=\"2813\" data-end=\"2846\">Flexibiln\u00ed rezervace a zm\u011bna rezervace<\/strong> je mo\u017en\u00e1 online kdykoli<\/p><\/li><li data-start=\"2872\" data-end=\"2905\"><p data-start=\"2874\" data-end=\"2905\"><strong data-start=\"2874\" data-end=\"2905\">Nen\u00ed nutn\u00e9 \u017e\u00e1dn\u00e9 p\u0159ed\u00e1v\u00e1n\u00ed kl\u00ed\u010d\u016f<\/strong><\/p><\/li><li data-start=\"2906\" data-end=\"2956\"><p data-start=\"2908\" data-end=\"2956\"><strong data-start=\"2908\" data-end=\"2940\">Nejvy\u0161\u0161\u00ed bezpe\u010dnostn\u00ed standardy<\/strong> po cel\u00fd den<\/p><\/li><li data-start=\"2957\" data-end=\"3009\"><p data-start=\"2959\" data-end=\"3009\"><strong data-start=\"2959\" data-end=\"2995\">Voliteln\u011b lze objednat slu\u017ebu obsluhy<\/strong> zavazadel \u2013 i v noci<\/p><\/li><\/ul><p> <\/p><p><strong data-start=\"3016\" data-end=\"3091\">S ParkingLeipzig.de je \u010das va\u0161\u00ed cesty na\u0161\u00ed otev\u00edrac\u00ed dobou.<\/strong><\/p><p data-start=\"3016\" data-end=\"3225\">A\u0165 u\u017e pl\u00e1nujete letn\u00ed dovolenou nebo spont\u00e1nn\u00ed slu\u017eebn\u00ed cestu \u2013 s n\u00e1mi m\u016f\u017eete parkovat <strong data-start=\"3170\" data-end=\"3201\">bezpe\u010dn\u011b, pohodln\u011b a flexibiln\u011b,<\/strong> kdykoli budete cht\u00edt.<\/p>\t\t\t\t\t\t\t\t<\/div>\n\t\t\t\t<\/div>\n\t\t\t\t\t<\/div>\n\t\t<\/div>\n\t\t\t\t\t<\/div>\n\t\t<\/section>\n\t\t\t\t\t<\/div>\n\t\t<\/div>\n\t\t\t\t<div class=\"elementor-column elementor-col-50 elementor-top-column elementor-element elementor-element-9a5b088\" data-id=\"9a5b088\" data-element_type=\"column\" data-e-type=\"column\" data-settings=\"{&quot;background_background&quot;:&quot;classic&quot;}\">\n\t\t\t<div class=\"elementor-widget-wrap elementor-element-populated\">\n\t\t\t\t\t\t<section class=\"elementor-section elementor-inner-section elementor-element elementor-element-dcb8842 prt-column-break-ipad-no prt-col-stretched-none elementor-section-boxed elementor-section-height-default elementor-section-height-default\" data-id=\"dcb8842\" data-element_type=\"section\" data-e-type=\"section\">\n\t\t\t\t\t\t<div class=\"elementor-container elementor-column-gap-no\">\n\t\t\t\t\t<div class=\"elementor-column elementor-col-100 elementor-inner-column elementor-element elementor-element-d42b352\" data-id=\"d42b352\" data-element_type=\"column\" data-e-type=\"column\" data-settings=\"{&quot;background_background&quot;:&quot;classic&quot;}\">\n\t\t\t<div class=\"elementor-widget-wrap elementor-element-populated\">\n\t\t\t\t\t\t<div class=\"elementor-element elementor-element-d32dafc elementor-widget elementor-widget-image\" data-id=\"d32dafc\" data-element_type=\"widget\" data-e-type=\"widget\" data-widget_type=\"image.default\">\n\t\t\t\t<div class=\"elementor-widget-container\">\n\t\t\t\t\t\t\t\t\t\t\t\t\t\t\t<img fetchpriority=\"high\" decoding=\"async\" width=\"1024\" height=\"1536\" src=\"https:\/\/parkingleipzig.de\/wp-content\/uploads\/2025\/05\/ShuttleVansNight.jpg\" class=\"attachment-full size-full wp-image-6070\" alt=\"\" srcset=\"https:\/\/parkingleipzig.de\/wp-content\/uploads\/2025\/05\/ShuttleVansNight.jpg 1024w, https:\/\/parkingleipzig.de\/wp-content\/uploads\/2025\/05\/ShuttleVansNight-200x300.jpg 200w, https:\/\/parkingleipzig.de\/wp-content\/uploads\/2025\/05\/ShuttleVansNight-683x1024.jpg 683w, https:\/\/parkingleipzig.de\/wp-content\/uploads\/2025\/05\/ShuttleVansNight-768x1152.jpg 768w, https:\/\/parkingleipzig.de\/wp-content\/uploads\/2025\/05\/ShuttleVansNight-267x400.jpg 267w\" sizes=\"(max-width: 1024px) 100vw, 1024px\" data-id=\"6070\" \/>\t\t\t\t\t\t\t\t\t\t\t\t\t\t\t<\/div>\n\t\t\t\t<\/div>\n\t\t\t\t\t<\/div>\n\t\t<\/div>\n\t\t\t\t\t<\/div>\n\t\t<\/section>\n\t\t\t\t\t<\/div>\n\t\t<\/div>\n\t\t\t\t\t<\/div>\n\t\t<\/section>\n\t\t\t\t<\/div>\n\t\t","protected":false},"excerpt":{"rendered":"<p>V\u017edy je tu pro v\u00e1s Dostupnost 24\/7na ParkingLeipzig.de Cestov\u00e1n\u00ed znamen\u00e1 svobodu, ale tak\u00e9 ur\u010ditou nep\u0159edv\u00eddatelnost. Lety odl\u00e9taj\u00ed v r\u016fznou denn\u00ed a no\u010dn\u00ed dobu, doch\u00e1z\u00ed ke zpo\u017ed\u011bn\u00ed, zm\u011bn\u011b rezervace nebo kr\u00e1tkodob\u00fdm cestovn\u00edm pl\u00e1n\u016fm. P\u0159esn\u011b proto se ve ParkingLeipzig.de zam\u011b\u0159ujeme na maxim\u00e1ln\u00ed flexibilitu: N\u00e1\u0161 servis je v\u00e1m k dispozici 24 hodin denn\u011b, 7 dn\u00ed v t\u00fddnu \u2013 &hellip; <a href=\"https:\/\/parkingleipzig.de\/cs\/nepretrzita-dostupnost-na-parkingleipzig-de-nepretrzite-parkovani-na-letisti-lipsko-bez-stresu\/\" class=\"more-link\">Continue reading <span class=\"screen-reader-text\">Dostupnost 24\/7 v ParkingLeipzig.de \u2013 Parkujte na leti\u0161ti Lipsko nep\u0159etr\u017eit\u011b bez stresu<\/span><\/a><\/p>\n","protected":false},"author":1,"featured_media":0,"parent":0,"menu_order":0,"comment_status":"closed","ping_status":"closed","template":"","meta":{"footnotes":""},"class_list":["post-6252","page","type-page","status-publish","hentry"],"_links":{"self":[{"href":"https:\/\/parkingleipzig.de\/cs\/wp-json\/wp\/v2\/pages\/6252","targetHints":{"allow":["GET"]}}],"collection":[{"href":"https:\/\/parkingleipzig.de\/cs\/wp-json\/wp\/v2\/pages"}],"about":[{"href":"https:\/\/parkingleipzig.de\/cs\/wp-json\/wp\/v2\/types\/page"}],"author":[{"embeddable":true,"href":"https:\/\/parkingleipzig.de\/cs\/wp-json\/wp\/v2\/users\/1"}],"replies":[{"embeddable":true,"href":"https:\/\/parkingleipzig.de\/cs\/wp-json\/wp\/v2\/comments?post=6252"}],"version-history":[{"count":0,"href":"https:\/\/parkingleipzig.de\/cs\/wp-json\/wp\/v2\/pages\/6252\/revisions"}],"wp:attachment":[{"href":"https:\/\/parkingleipzig.de\/cs\/wp-json\/wp\/v2\/media?parent=6252"}],"curies":[{"name":"wp","href":"https:\/\/api.w.org\/{rel}","templated":true}]}}