{"id":6224,"date":"2025-05-24T18:48:07","date_gmt":"2025-05-24T16:48:07","guid":{"rendered":"https:\/\/parkingleipzig.de\/bezplatna-klimatizovana-kyvadlova-doprava-pohodlny-transfer-s-parkingleipzig-de\/"},"modified":"2025-06-08T17:31:54","modified_gmt":"2025-06-08T15:31:54","slug":"bezplatna-klimatizovana-kyvadlova-doprava-pohodlny-transfer-s-parkingleipzig-de","status":"publish","type":"page","link":"https:\/\/parkingleipzig.de\/cs\/bezplatna-klimatizovana-kyvadlova-doprava-pohodlny-transfer-s-parkingleipzig-de\/","title":{"rendered":"Bezplatn\u00e1 klimatizovan\u00e1 kyvadlov\u00e1 doprava \u2013 pohodln\u00e1 p\u0159eprava ParkingLeipzig.de"},"content":{"rendered":"\t\t<div data-elementor-type=\"wp-page\" data-elementor-id=\"6224\" class=\"elementor elementor-6224 elementor-5174\">\n\t\t\t\t\t\t<section class=\"elementor-section elementor-top-section elementor-element elementor-element-4d7286f elementor-section-stretched prt-column-break-ipad-no prt-col-stretched-none elementor-section-boxed elementor-section-height-default elementor-section-height-default\" data-id=\"4d7286f\" data-element_type=\"section\" data-e-type=\"section\" data-settings=\"{&quot;stretch_section&quot;:&quot;section-stretched&quot;}\">\n\t\t\t\t\t\t<div class=\"elementor-container elementor-column-gap-no\">\n\t\t\t\t\t<div class=\"elementor-column elementor-col-50 elementor-top-column elementor-element elementor-element-473f8de\" data-id=\"473f8de\" data-element_type=\"column\" data-e-type=\"column\" data-settings=\"{&quot;background_background&quot;:&quot;classic&quot;}\">\n\t\t\t<div class=\"elementor-widget-wrap elementor-element-populated\">\n\t\t\t\t\t\t<section class=\"elementor-section elementor-inner-section elementor-element elementor-element-23aed25 prt-column-break-ipad-no prt-col-stretched-none elementor-section-boxed elementor-section-height-default elementor-section-height-default\" data-id=\"23aed25\" data-element_type=\"section\" data-e-type=\"section\">\n\t\t\t\t\t\t<div class=\"elementor-container elementor-column-gap-no\">\n\t\t\t\t\t<div class=\"elementor-column elementor-col-100 elementor-inner-column elementor-element elementor-element-6fd0681\" data-id=\"6fd0681\" data-element_type=\"column\" data-e-type=\"column\">\n\t\t\t<div class=\"elementor-widget-wrap elementor-element-populated\">\n\t\t\t\t\t\t<div class=\"elementor-element elementor-element-0cc9108 prt-align-left elementor-widget elementor-widget-prt_heading\" data-id=\"0cc9108\" data-element_type=\"widget\" data-e-type=\"widget\" data-widget_type=\"prt_heading.default\">\n\t\t\t\t<div class=\"elementor-widget-container\">\n\t\t\t\t\t<div class=\"prt-element-heading-content-wrapper left-align prt-reverse-heading-yes prt-seperator-solid  prt-heading-style-vertical \"><div class=\"prt-content-header\"><h4 class=\"prt-element-subheading\">\n\t\t\t\tNa\u0161e kyvadlov\u00e1 doprava\n\t\t\t<\/h4>\n\t\t<h2 class=\"prt-element-content-heading\">\n\t\t\t\tTam a zp\u011bt<br>- bez starost\u00ed\n\t\t\t<\/h2>\n\t\t<\/div><\/div>\t\t\t\t<\/div>\n\t\t\t\t<\/div>\n\t\t\t\t\t<\/div>\n\t\t<\/div>\n\t\t\t\t\t<\/div>\n\t\t<\/section>\n\t\t\t\t<section class=\"elementor-section elementor-inner-section elementor-element elementor-element-6e43241 prt-column-break-ipad-no prt-col-stretched-none elementor-section-boxed elementor-section-height-default elementor-section-height-default\" data-id=\"6e43241\" data-element_type=\"section\" data-e-type=\"section\">\n\t\t\t\t\t\t<div class=\"elementor-container elementor-column-gap-no\">\n\t\t\t\t\t<div class=\"elementor-column elementor-col-100 elementor-inner-column elementor-element elementor-element-a579535\" data-id=\"a579535\" data-element_type=\"column\" data-e-type=\"column\">\n\t\t\t<div class=\"elementor-widget-wrap elementor-element-populated\">\n\t\t\t\t\t\t<div class=\"elementor-element elementor-element-158f63a elementor-widget__width-initial elementor-widget elementor-widget-text-editor\" data-id=\"158f63a\" data-element_type=\"widget\" data-e-type=\"widget\" data-widget_type=\"text-editor.default\">\n\t\t\t\t<div class=\"elementor-widget-container\">\n\t\t\t\t\t\t\t\t\t<p data-start=\"301\" data-end=\"644\">Pokud chcete na leti\u0161ti Lipsko\/Halle (LEJ) odstartovat bez stresu, m\u011bli byste v\u011bnovat pozornost nejen bezpe\u010dn\u00e9mu parkovac\u00edmu m\u00edstu, ale tak\u00e9 <strong data-start=\"440\" data-end=\"473\">pohodln\u00e9 cest\u011b k termin\u00e1lu<\/strong>. To je p\u0159esn\u011b d\u016fvod, pro\u010d v\u00e1m v <strong data-start=\"510\" data-end=\"531\">ParkingLeipzig.de<\/strong> nab\u00edz\u00edme na\u0161i <strong data-start=\"540\" data-end=\"587\">bezplatnou klimatizovanou kyvadlovou dopravu<\/strong> \u2013 <strong data-start=\"590\" data-end=\"644\">pohodlnou, spolehlivou a dostupnou nep\u0159etr\u017eit\u011b.<\/strong> <\/p><p data-start=\"301\" data-end=\"644\"> <\/p><h3 data-start=\"646\" data-end=\"709\">\u2744\ufe0f P\u0159\u00edjemn\u00e9 klima \u2013 i v letn\u00edch vedrech nebo zimn\u00edch mrazech<\/h3><p data-start=\"711\" data-end=\"1038\">A\u0165 u\u017e se jedn\u00e1 o spaluj\u00edc\u00ed letn\u00ed vedra nebo mraziv\u00fd zimn\u00ed vzduch \u2013 n\u00e1\u0161 shuttle m\u00e1 v\u017edy perfektn\u00ed teplotu. D\u00edky modern\u00ed <strong data-start=\"820\" data-end=\"835\">klimatizaci<\/strong> m\u016f\u017eete jet <strong data-start=\"847\" data-end=\"879\">uvoln\u011bn\u011b a p\u0159i dobr\u00e9 teplot\u011b<\/strong> p\u0159\u00edmo z parkovi\u0161t\u011b a\u017e ke vchodu na leti\u0161t\u011b. \u017d\u00e1dn\u00e9 pocen\u00ed s kufry v l\u00e9t\u011b, \u017e\u00e1dn\u00e9 mrznut\u00ed za \u00fasvitu &#8211; <strong data-start=\"992\" data-end=\"1021\">nastupte a ci\u0165te se dob\u0159e<\/strong> , to je na\u0161e motto.  <\/p><p data-start=\"711\" data-end=\"1038\"> <\/p><h3 data-start=\"1040\" data-end=\"1101\">\ud83c\udf92 Pohodln\u00e1 zavazadla \u2013 i pro rodiny a \u010dast\u00e9 cestuj\u00edc\u00ed<\/h3><p data-start=\"1103\" data-end=\"1334\">Na\u0161e kyvadlov\u00e1 doprava nab\u00edz\u00ed dostatek <strong data-start=\"1136\" data-end=\"1163\">\u00falo\u017en\u00e9ho prostoru pro va\u0161e zavazadla<\/strong>, a\u0165 u\u017e cestujete s p\u0159\u00edru\u010dn\u00edm zavazadlem nebo velk\u00fdmi kufry. Rodiny s d\u011btmi, senio\u0159i, podnikatel\u00e9 \u2013 <strong data-start=\"1282\" data-end=\"1333\">v\u0161ichni host\u00e9 cestuj\u00ed pohodln\u011b, bezpe\u010dn\u011b a bez stresu<\/strong>. <\/p><p data-start=\"1103\" data-end=\"1334\"> <\/p><h3 data-start=\"1336\" data-end=\"1389\">\u23f1\ufe0f Kr\u00e1tk\u00e1 doba p\u0159epravy \u2013 p\u0159\u00edm\u00e1 trasa k termin\u00e1lu<\/h3><p data-start=\"1391\" data-end=\"1610\">P\u0159enos trv\u00e1 jen n\u011bkolik minut. <strong data-start=\"1431\" data-end=\"1488\">Zaparkujete, nastoup\u00edte a b\u011bhem chvilky jste na termin\u00e1lu<\/strong>. A kdy\u017e se vr\u00e1t\u00edte, samoz\u0159ejm\u011b v\u00e1s op\u011bt vyzvedneme na leti\u0161ti \u2013 <strong data-start=\"1576\" data-end=\"1609\">bez \u010dekac\u00edch dob, bez oklik.<\/strong> <\/p><p data-start=\"1391\" data-end=\"1610\"> <\/p><h3 data-start=\"1612\" data-end=\"1650\">\ud83c\udd93 V\u017edy v cen\u011b \u2013 bez p\u0159\u00edplatku<\/h3><p data-start=\"1652\" data-end=\"1927\">Mnoho poskytovatel\u016f si \u00fa\u010dtuje dodate\u010dn\u00e9 poplatky za kyvadlovou dopravu. U n\u00e1s ne! V <strong data-start=\"1742\" data-end=\"1763\">hotelu ParkingLeipzig.de<\/strong> <strong data-start=\"1772\" data-end=\"1826\">je v cen\u011b ubytov\u00e1n\u00ed zahrnut\u00e1 klimatizovan\u00e1 kyvadlov\u00e1 doprava<\/strong>. To, co si u n\u00e1s zarezervujete <strong data-start=\"1856\" data-end=\"1927\">, je kompletn\u00ed bal\u00ed\u010dek \u2013 \u017e\u00e1dn\u00e9 skryt\u00e9 n\u00e1klady, \u017e\u00e1dn\u00e1 p\u0159ekvapen\u00ed.<\/strong>   <\/p><p data-start=\"1652\" data-end=\"1927\"> <\/p><h3 data-start=\"1929\" data-end=\"1984\">\ud83d\udd01 Tam i zp\u011bt \u2013 bezpe\u010dn\u011b v\u00e1s doprav\u00edme do c\u00edle<\/h3><p data-start=\"1986\" data-end=\"2191\">Na\u0161e kyvadlov\u00e1 doprava v\u00e1s nejen doprav\u00ed k termin\u00e1lu, ale tak\u00e9 v\u00e1s op\u011bt vyzvedne. A to <strong data-start=\"2076\" data-end=\"2097\">24 hodin denn\u011b<\/strong>, <strong data-start=\"2099\" data-end=\"2119\">365 dn\u00ed v roce<\/strong>. Sta\u010d\u00ed n\u00e1m d\u00e1t v\u011bd\u011bt a my tu pro v\u00e1s budeme.  <\/p><p data-start=\"1986\" data-end=\"2191\"> <\/p><h3 data-start=\"2198\" data-end=\"2245\">\u2705 Va\u0161e v\u00fdhody s na\u0161\u00ed kyvadlovou dopravou<\/h3><ul data-start=\"2247\" data-end=\"2602\"><li data-start=\"2247\" data-end=\"2294\"><p data-start=\"2249\" data-end=\"2294\"><strong data-start=\"2249\" data-end=\"2282\">Bezplatn\u00e1 doprava z leti\u0161t\u011b<\/strong> v cen\u011b<\/p><\/li><li data-start=\"2295\" data-end=\"2346\"><p data-start=\"2297\" data-end=\"2346\"><strong data-start=\"2297\" data-end=\"2324\">Klimatizovan\u00e1 vozidla<\/strong> pro v\u0161echna ro\u010dn\u00ed obdob\u00ed<\/p><\/li><li data-start=\"2347\" data-end=\"2388\"><p data-start=\"2349\" data-end=\"2388\"><strong data-start=\"2349\" data-end=\"2386\">P\u0159\u00edmo z parkovi\u0161t\u011b k termin\u00e1lu<\/strong><\/p><\/li><li data-start=\"2389\" data-end=\"2436\"><p data-start=\"2391\" data-end=\"2436\"><strong data-start=\"2391\" data-end=\"2434\">Zp\u00e1te\u010dn\u00ed transfer po p\u0159ist\u00e1n\u00ed v cen\u011b<\/strong><\/p><\/li><li data-start=\"2437\" data-end=\"2489\"><p data-start=\"2439\" data-end=\"2489\"><strong data-start=\"2439\" data-end=\"2487\">P\u0159\u00e1telsk\u00fd person\u00e1l, kter\u00fd v\u00e1m pom\u016f\u017ee se zavazadly<\/strong><\/p><\/li><li data-start=\"2490\" data-end=\"2548\"><p data-start=\"2492\" data-end=\"2548\"><strong data-start=\"2492\" data-end=\"2546\">Ide\u00e1ln\u00ed pro rodiny, hosty na slu\u017eebn\u00ed cest\u011b a seniory<\/strong><\/p><\/li><li data-start=\"2549\" data-end=\"2602\"><p data-start=\"2551\" data-end=\"2602\"><strong data-start=\"2551\" data-end=\"2600\">\u017d\u00e1dn\u00e9 \u010dekac\u00ed doby, \u017e\u00e1dn\u00e9 skryt\u00e9 poplatky<\/strong><\/p><\/li><\/ul><p data-start=\"2609\" data-end=\"2775\"> <\/p><p data-start=\"2609\" data-end=\"2775\"><strong data-start=\"2609\" data-end=\"2775\">S bezplatnou klimatizovanou kyvadlovou dopravou od spole\u010dnosti ParkingLeipzig.de m\u016f\u017eete sv\u016fj let za\u010d\u00edt pohodln\u011b &#8211; bez stresu a s chladnou hlavou.<\/strong><\/p>\t\t\t\t\t\t\t\t<\/div>\n\t\t\t\t<\/div>\n\t\t\t\t\t<\/div>\n\t\t<\/div>\n\t\t\t\t\t<\/div>\n\t\t<\/section>\n\t\t\t\t\t<\/div>\n\t\t<\/div>\n\t\t\t\t<div class=\"elementor-column elementor-col-50 elementor-top-column elementor-element elementor-element-9a5b088\" data-id=\"9a5b088\" data-element_type=\"column\" data-e-type=\"column\" data-settings=\"{&quot;background_background&quot;:&quot;classic&quot;}\">\n\t\t\t<div class=\"elementor-widget-wrap elementor-element-populated\">\n\t\t\t\t\t\t<section class=\"elementor-section elementor-inner-section elementor-element elementor-element-dcb8842 prt-column-break-ipad-no prt-col-stretched-none elementor-section-boxed elementor-section-height-default elementor-section-height-default\" data-id=\"dcb8842\" data-element_type=\"section\" data-e-type=\"section\">\n\t\t\t\t\t\t<div class=\"elementor-container elementor-column-gap-no\">\n\t\t\t\t\t<div class=\"elementor-column elementor-col-100 elementor-inner-column elementor-element elementor-element-d42b352\" data-id=\"d42b352\" data-element_type=\"column\" data-e-type=\"column\" data-settings=\"{&quot;background_background&quot;:&quot;classic&quot;}\">\n\t\t\t<div class=\"elementor-widget-wrap elementor-element-populated\">\n\t\t\t\t\t\t<div class=\"elementor-element elementor-element-d32dafc elementor-widget elementor-widget-image\" data-id=\"d32dafc\" data-element_type=\"widget\" data-e-type=\"widget\" data-widget_type=\"image.default\">\n\t\t\t\t<div class=\"elementor-widget-container\">\n\t\t\t\t\t\t\t\t\t\t\t\t\t\t\t<img fetchpriority=\"high\" decoding=\"async\" width=\"1856\" height=\"2464\" src=\"https:\/\/parkingleipzig.de\/wp-content\/uploads\/2025\/05\/Shuttle.jpg\" class=\"attachment-full size-full wp-image-5897\" alt=\"\" srcset=\"https:\/\/parkingleipzig.de\/wp-content\/uploads\/2025\/05\/Shuttle.jpg 1856w, https:\/\/parkingleipzig.de\/wp-content\/uploads\/2025\/05\/Shuttle-226x300.jpg 226w, https:\/\/parkingleipzig.de\/wp-content\/uploads\/2025\/05\/Shuttle-771x1024.jpg 771w, https:\/\/parkingleipzig.de\/wp-content\/uploads\/2025\/05\/Shuttle-768x1020.jpg 768w, https:\/\/parkingleipzig.de\/wp-content\/uploads\/2025\/05\/Shuttle-1157x1536.jpg 1157w, https:\/\/parkingleipzig.de\/wp-content\/uploads\/2025\/05\/Shuttle-1543x2048.jpg 1543w, https:\/\/parkingleipzig.de\/wp-content\/uploads\/2025\/05\/Shuttle-301x400.jpg 301w\" sizes=\"(max-width: 1856px) 100vw, 1856px\" data-id=\"5897\" \/>\t\t\t\t\t\t\t\t\t\t\t\t\t\t\t<\/div>\n\t\t\t\t<\/div>\n\t\t\t\t\t<\/div>\n\t\t<\/div>\n\t\t\t\t\t<\/div>\n\t\t<\/section>\n\t\t\t\t\t<\/div>\n\t\t<\/div>\n\t\t\t\t\t<\/div>\n\t\t<\/section>\n\t\t\t\t<\/div>\n\t\t","protected":false},"excerpt":{"rendered":"<p>Na\u0161e kyvadlov\u00e1 doprava Tam a zp\u011bt&#8211; bez starost\u00ed Pokud chcete na leti\u0161ti Lipsko\/Halle (LEJ) odstartovat bez stresu, m\u011bli byste v\u011bnovat pozornost nejen bezpe\u010dn\u00e9mu parkovac\u00edmu m\u00edstu, ale tak\u00e9 pohodln\u00e9 cest\u011b k termin\u00e1lu. To je p\u0159esn\u011b d\u016fvod, pro\u010d v\u00e1m v ParkingLeipzig.de nab\u00edz\u00edme na\u0161i bezplatnou klimatizovanou kyvadlovou dopravu \u2013 pohodlnou, spolehlivou a dostupnou nep\u0159etr\u017eit\u011b. \u2744\ufe0f P\u0159\u00edjemn\u00e9 klima \u2013 &hellip; <a href=\"https:\/\/parkingleipzig.de\/cs\/bezplatna-klimatizovana-kyvadlova-doprava-pohodlny-transfer-s-parkingleipzig-de\/\" class=\"more-link\">Continue reading <span class=\"screen-reader-text\">Bezplatn\u00e1 klimatizovan\u00e1 kyvadlov\u00e1 doprava \u2013 pohodln\u00e1 p\u0159eprava ParkingLeipzig.de<\/span><\/a><\/p>\n","protected":false},"author":1,"featured_media":0,"parent":0,"menu_order":0,"comment_status":"closed","ping_status":"closed","template":"","meta":{"footnotes":""},"class_list":["post-6224","page","type-page","status-publish","hentry"],"_links":{"self":[{"href":"https:\/\/parkingleipzig.de\/cs\/wp-json\/wp\/v2\/pages\/6224","targetHints":{"allow":["GET"]}}],"collection":[{"href":"https:\/\/parkingleipzig.de\/cs\/wp-json\/wp\/v2\/pages"}],"about":[{"href":"https:\/\/parkingleipzig.de\/cs\/wp-json\/wp\/v2\/types\/page"}],"author":[{"embeddable":true,"href":"https:\/\/parkingleipzig.de\/cs\/wp-json\/wp\/v2\/users\/1"}],"replies":[{"embeddable":true,"href":"https:\/\/parkingleipzig.de\/cs\/wp-json\/wp\/v2\/comments?post=6224"}],"version-history":[{"count":0,"href":"https:\/\/parkingleipzig.de\/cs\/wp-json\/wp\/v2\/pages\/6224\/revisions"}],"wp:attachment":[{"href":"https:\/\/parkingleipzig.de\/cs\/wp-json\/wp\/v2\/media?parent=6224"}],"curies":[{"name":"wp","href":"https:\/\/api.w.org\/{rel}","templated":true}]}}