{"id":6220,"date":"2025-05-24T19:22:28","date_gmt":"2025-05-24T17:22:28","guid":{"rendered":"https:\/\/parkingleipzig.de\/bezpecnost-na-nejvyssi-urovni-na-parkingleipzig-de\/"},"modified":"2025-06-08T17:37:24","modified_gmt":"2025-06-08T15:37:24","slug":"bezpecnost-na-nejvyssi-urovni-na-parkingleipzig-de","status":"publish","type":"page","link":"https:\/\/parkingleipzig.de\/cs\/bezpecnost-na-nejvyssi-urovni-na-parkingleipzig-de\/","title":{"rendered":"Bezpe\u010dnost na nejvy\u0161\u0161\u00ed \u00farovni v ParkingLeipzig.de"},"content":{"rendered":"\t\t<div data-elementor-type=\"wp-page\" data-elementor-id=\"6220\" class=\"elementor elementor-6220 elementor-5188\">\n\t\t\t\t\t\t<section class=\"elementor-section elementor-top-section elementor-element elementor-element-4d7286f elementor-section-stretched prt-column-break-ipad-no prt-col-stretched-none elementor-section-boxed elementor-section-height-default elementor-section-height-default\" data-id=\"4d7286f\" data-element_type=\"section\" data-e-type=\"section\" data-settings=\"{&quot;stretch_section&quot;:&quot;section-stretched&quot;}\">\n\t\t\t\t\t\t<div class=\"elementor-container elementor-column-gap-no\">\n\t\t\t\t\t<div class=\"elementor-column elementor-col-50 elementor-top-column elementor-element elementor-element-473f8de\" data-id=\"473f8de\" data-element_type=\"column\" data-e-type=\"column\" data-settings=\"{&quot;background_background&quot;:&quot;classic&quot;}\">\n\t\t\t<div class=\"elementor-widget-wrap elementor-element-populated\">\n\t\t\t\t\t\t<section class=\"elementor-section elementor-inner-section elementor-element elementor-element-23aed25 prt-column-break-ipad-no prt-col-stretched-none elementor-section-boxed elementor-section-height-default elementor-section-height-default\" data-id=\"23aed25\" data-element_type=\"section\" data-e-type=\"section\">\n\t\t\t\t\t\t<div class=\"elementor-container elementor-column-gap-no\">\n\t\t\t\t\t<div class=\"elementor-column elementor-col-100 elementor-inner-column elementor-element elementor-element-6fd0681\" data-id=\"6fd0681\" data-element_type=\"column\" data-e-type=\"column\">\n\t\t\t<div class=\"elementor-widget-wrap elementor-element-populated\">\n\t\t\t\t\t\t<div class=\"elementor-element elementor-element-0cc9108 prt-align-left elementor-widget elementor-widget-prt_heading\" data-id=\"0cc9108\" data-element_type=\"widget\" data-e-type=\"widget\" data-widget_type=\"prt_heading.default\">\n\t\t\t\t<div class=\"elementor-widget-container\">\n\t\t\t\t\t<div class=\"prt-element-heading-content-wrapper left-align prt-reverse-heading-yes prt-seperator-solid  prt-heading-style-vertical \"><div class=\"prt-content-header\"><h4 class=\"prt-element-subheading\">\n\t\t\t\tZabezpe\u010den\u00e1 parkovi\u0161t\u011b\n\t\t\t<\/h4>\n\t\t<h2 class=\"prt-element-content-heading\">\n\t\t\t\tBezpe\u010dnost?<br>Samoz\u0159ejmost.\n\t\t\t<\/h2>\n\t\t<\/div><\/div>\t\t\t\t<\/div>\n\t\t\t\t<\/div>\n\t\t\t\t\t<\/div>\n\t\t<\/div>\n\t\t\t\t\t<\/div>\n\t\t<\/section>\n\t\t\t\t<section class=\"elementor-section elementor-inner-section elementor-element elementor-element-6e43241 prt-column-break-ipad-no prt-col-stretched-none elementor-section-boxed elementor-section-height-default elementor-section-height-default\" data-id=\"6e43241\" data-element_type=\"section\" data-e-type=\"section\">\n\t\t\t\t\t\t<div class=\"elementor-container elementor-column-gap-no\">\n\t\t\t\t\t<div class=\"elementor-column elementor-col-100 elementor-inner-column elementor-element elementor-element-a579535\" data-id=\"a579535\" data-element_type=\"column\" data-e-type=\"column\">\n\t\t\t<div class=\"elementor-widget-wrap elementor-element-populated\">\n\t\t\t\t\t\t<div class=\"elementor-element elementor-element-158f63a elementor-widget__width-initial elementor-widget elementor-widget-text-editor\" data-id=\"158f63a\" data-element_type=\"widget\" data-e-type=\"widget\" data-widget_type=\"text-editor.default\">\n\t\t\t\t<div class=\"elementor-widget-container\">\n\t\t\t\t\t\t\t\t\t<p data-start=\"119\" data-end=\"354\"><span class=\"relative -mx-px my-[-0.2rem] rounded px-px py-[0.2rem] transition-colors duration-100 ease-in-out\">Pokud jde o bezpe\u010dnost va\u0161eho vozidla b\u011bhem va\u0161\u00ed cesty, neponech\u00e1v\u00e1me nic n\u00e1hod\u011b.<\/span> Ve <strong data-start=\"161\" data-end=\"182\">ParkingLeipzig.de<\/strong> se spol\u00e9h\u00e1me na <strong data-start=\"214\" data-end=\"244\">nejmodern\u011bj\u0161\u00ed bezpe\u010dnostn\u00ed syst\u00e9m BauWatch<\/strong>, kter\u00fd v\u00e1m poskytne <strong data-start=\"255\" data-end=\"306\">maxim\u00e1ln\u00ed bezpe\u010dnost a klid.<\/strong><\/p><p data-start=\"119\" data-end=\"354\"> <\/p><h3 data-start=\"356\" data-end=\"405\">\ud83c\udfa5 Nejmodern\u011bj\u0161\u00ed video dohled po cel\u00fd den<\/h3><p data-start=\"407\" data-end=\"561\"><span class=\"relative -mx-px my-[-0.2rem] rounded px-px py-[0.2rem] transition-colors duration-100 ease-in-out\"><strong data-start=\"4\" data-end=\"23\">Syst\u00e9m BauWatch je vybaven kamerami s vysok\u00fdm rozli\u0161en\u00edm<\/strong>, kter\u00e9 monitoruj\u00ed celou plochu na\u0161eho parku <strong data-start=\"101\" data-end=\"140\">24 hodin denn\u011b, 7 dn\u00ed v t\u00fddnu<\/strong>.<\/span> <span class=\"relative -mx-px my-[-0.2rem] rounded px-px py-[0.2rem] transition-colors duration-100 ease-in-out\">D\u00edky inteligentn\u00ed anal\u00fdze videa syst\u00e9m detekuje jak\u00fdkoli neobvykl\u00fd pohyb a okam\u017eit\u011b ode\u0161le alarm do na\u0161eho centr\u00e1ln\u00edho dispe\u010dinku.<\/span><\/p><p data-start=\"407\" data-end=\"561\"><span class=\"relative -mx-px my-[-0.2rem] rounded px-px py-[0.2rem] transition-colors duration-100 ease-in-out\"> <\/span><\/p><p data-start=\"407\" data-end=\"561\"> <\/p><h3 data-start=\"563\" data-end=\"617\">\ud83d\udea8 Okam\u017eit\u00e1 reakce na podez\u0159elou aktivitu<\/h3><p data-start=\"619\" data-end=\"817\"><span class=\"relative -mx-px my-[-0.2rem] rounded px-px py-[0.2rem] transition-colors duration-100 ease-in-out\">V p\u0159\u00edpad\u011b poplachu reaguje na\u0161e <strong data-start=\"32\" data-end=\"63\">certifikovan\u00e1 zabezpe\u010dovac\u00ed \u00fast\u0159edna<\/strong> b\u011bhem n\u011bkolika sekund.<\/span> <span class=\"relative -mx-px my-[-0.2rem] rounded px-px py-[0.2rem] transition-colors duration-100 ease-in-out\">Kombinace \u017eiv\u00e9ho p\u0159enosu videa a syst\u00e9mu reproduktor\u016f umo\u017e\u0148uje p\u0159\u00edm\u00e9 osloven\u00ed potenci\u00e1ln\u00edch vet\u0159elc\u016f a jejich odstra\u0161en\u00ed.<\/span> <span class=\"relative -mx-px my-[-0.2rem] rounded px-px py-[0.2rem] transition-colors duration-100 ease-in-out\">Ve v\u011bt\u0161in\u011b p\u0159\u00edpad\u016f ji\u017e toto proaktivn\u00ed opat\u0159en\u00ed zabr\u00e1n\u00ed pokusu o kr\u00e1de\u017e nebo vandalismus.<\/span><\/p><p data-start=\"619\" data-end=\"817\"><span class=\"relative -mx-px my-[-0.2rem] rounded px-px py-[0.2rem] transition-colors duration-100 ease-in-out\"> <\/span><\/p><h3 data-start=\"819\" data-end=\"871\">\ud83c\udf10 Sob\u011bsta\u010dn\u00e9 zabezpe\u010den\u00ed \u2013 i bez p\u0159ipojen\u00ed k elektrick\u00e9 s\u00edti<\/h3><p data-start=\"873\" data-end=\"1071\"><span class=\"relative -mx-px my-[-0.2rem] rounded px-px py-[0.2rem] transition-colors duration-100 ease-in-out\"><strong data-start=\"4\" data-end=\"23\">Syst\u00e9m BauWatch<\/strong> nen\u00ed z\u00e1visl\u00fd na extern\u00edm nap\u00e1jen\u00ed.<\/span> <span class=\"relative -mx-px my-[-0.2rem] rounded px-px py-[0.2rem] transition-colors duration-100 ease-in-out\">D\u00edky integrovan\u00e9 <strong data-start=\"18\" data-end=\"34\">sol\u00e1rn\u00ed energii<\/strong> a v\u00fdkonn\u00fdm bateri\u00edm z\u016fst\u00e1v\u00e1 monitoring aktivn\u00ed i v p\u0159\u00edpad\u011b v\u00fdpadku proudu nebo na vzd\u00e1len\u00fdch m\u00edstech.<\/span> <span class=\"relative -mx-px my-[-0.2rem] rounded px-px py-[0.2rem] transition-colors duration-100 ease-in-out\">T\u00edm je zaji\u0161t\u011bna <strong data-start=\"24\" data-end=\"49\">naprost\u00e1 bezpe\u010dnost<\/strong> va\u0161eho vozidla bez ohledu na vn\u011bj\u0161\u00ed podm\u00ednky.<\/span><\/p><p data-start=\"873\" data-end=\"1071\"><span class=\"relative -mx-px my-[-0.2rem] rounded px-px py-[0.2rem] transition-colors duration-100 ease-in-out\"> <\/span><\/p><h3 data-start=\"1073\" data-end=\"1117\">\ud83d\udee1\ufe0f Ochrana proti manipulaci a sabot\u00e1\u017ei<\/h3><p data-start=\"1119\" data-end=\"1277\"><span class=\"relative -mx-px my-[-0.2rem] rounded px-px py-[0.2rem] transition-colors duration-100 ease-in-out\">Syst\u00e9m detekuje nejen neopr\u00e1vn\u011bn\u00fd p\u0159\u00edstup, ale i <strong data-start=\"62\" data-end=\"87\">pokusy o manipulaci<\/strong> nebo technick\u00e9 poruchy.<\/span> <span class=\"relative -mx-px my-[-0.2rem] rounded px-px py-[0.2rem] transition-colors duration-100 ease-in-out\">V takov\u00fdch p\u0159\u00edpadech se automaticky spust\u00ed alarm a na\u0161i technici mohou na <strong data-start=\"99\" data-end=\"118\">d\u00e1lku<\/strong> vy\u0159e\u0161it mnoho probl\u00e9m\u016f, aby co nejrychleji obnovili zabezpe\u010den\u00ed.<\/span><\/p><p data-start=\"1119\" data-end=\"1277\"><span class=\"relative -mx-px my-[-0.2rem] rounded px-px py-[0.2rem] transition-colors duration-100 ease-in-out\"> <\/span><\/p><h3 data-start=\"1279\" data-end=\"1307\">\ud83d\udcc8 Prok\u00e1zan\u00e1 \u00fa\u010dinnost<\/h3><p data-start=\"1309\" data-end=\"1467\"><span class=\"relative -mx-px my-[-0.2rem] rounded px-px py-[0.2rem] transition-colors duration-100 ease-in-out\">S v\u00edce ne\u017e <strong data-start=\"9\" data-end=\"48\">7 miliony upozorn\u011bn\u00ed ro\u010dn\u011b<\/strong> a v\u00edce ne\u017e <strong data-start=\"62\" data-end=\"96\">550 \u00fasp\u011b\u0161n\u00fdmi zat\u010den\u00edmi<\/strong> je syst\u00e9m BauWatch d\u016fv\u011bryhodn\u00fdm partnerem v oblasti bezpe\u010dnosti.<\/span> <span class=\"relative -mx-px my-[-0.2rem] rounded px-px py-[0.2rem] transition-colors duration-100 ease-in-out\">Tyto p\u016fsobiv\u00e9 hodnoty podtrhuj\u00ed <strong data-start=\"48\" data-end=\"81\">spolehlivost a \u00fa\u010dinnost<\/strong> syst\u00e9mu.<\/span><\/p><p data-start=\"1309\" data-end=\"1467\"><span class=\"relative -mx-px my-[-0.2rem] rounded px-px py-[0.2rem] transition-colors duration-100 ease-in-out\"> <\/span><\/p><h3 data-start=\"1474\" data-end=\"1550\">\u2705 Va\u0161e v\u00fdhody s bezpe\u010dnostn\u00edm syst\u00e9mem BauWatch v ParkingLeipzig.de<\/h3><ul data-start=\"1552\" data-end=\"1871\"><li data-start=\"1552\" data-end=\"1601\"><p data-start=\"1554\" data-end=\"1601\"><strong data-start=\"1554\" data-end=\"1585\">Nep\u0159etr\u017eit\u00fd dohled<\/strong> va\u0161eho vozidla<\/p><\/li><li data-start=\"1602\" data-end=\"1658\"><p data-start=\"1604\" data-end=\"1658\"><strong data-start=\"1604\" data-end=\"1629\">Okam\u017eit\u00e9 upozorn\u011bn\u00ed v<\/strong> p\u0159\u00edpad\u011b podez\u0159el\u00e9 aktivity<\/p><\/li><li data-start=\"1659\" data-end=\"1707\"><p data-start=\"1661\" data-end=\"1707\"><strong data-start=\"1661\" data-end=\"1688\">Sob\u011bsta\u010dn\u00e9 nap\u00e1jen\u00ed<\/strong> prost\u0159ednictv\u00edm sol\u00e1rn\u00ed energie<\/p><\/li><li data-start=\"1708\" data-end=\"1763\"><p data-start=\"1710\" data-end=\"1763\"><strong data-start=\"1710\" data-end=\"1737\">Ochrana p\u0159ed manipulac\u00ed<\/strong> a technick\u00fdmi poruchami<\/p><\/li><li data-start=\"1764\" data-end=\"1820\"><p data-start=\"1766\" data-end=\"1820\"><strong data-start=\"1766\" data-end=\"1796\">Zku\u0161en\u00fd bezpe\u010dnostn\u00ed t\u00fdm<\/strong> pro rychlou reakci<\/p><\/li><li data-start=\"1821\" data-end=\"1871\"><p data-start=\"1823\" data-end=\"1871\"><strong data-start=\"1823\" data-end=\"1848\">Prok\u00e1zan\u00e1 \u00fa\u010dinnost<\/strong> s vysokou \u00fasp\u011b\u0161nost\u00ed<\/p><\/li><\/ul><p data-start=\"1878\" data-end=\"2159\"><strong data-start=\"1878\" data-end=\"2159\"> <\/strong><\/p><p data-start=\"1878\" data-end=\"2159\"><strong data-start=\"1878\" data-end=\"2159\">Se zabezpe\u010dovac\u00edm syst\u00e9mem BauWatch v\u00e1m ParkingLeipzig.de nab\u00edz\u00ed jedno z nejmodern\u011bj\u0161\u00edch a nejspolehliv\u011bj\u0161\u00edch bezpe\u010dnostn\u00edch \u0159e\u0161en\u00ed pro va\u0161e vozidlo b\u011bhem va\u0161\u00ed cesty. D\u016fv\u011b\u0159ujte na\u0161im odborn\u00fdm znalostem a vydejte se na svou dovolenou nebo slu\u017eebn\u00ed cestu bezstarostn\u011b. <\/strong><\/p>\t\t\t\t\t\t\t\t<\/div>\n\t\t\t\t<\/div>\n\t\t\t\t\t<\/div>\n\t\t<\/div>\n\t\t\t\t\t<\/div>\n\t\t<\/section>\n\t\t\t\t\t<\/div>\n\t\t<\/div>\n\t\t\t\t<div class=\"elementor-column elementor-col-50 elementor-top-column elementor-element elementor-element-9a5b088\" data-id=\"9a5b088\" data-element_type=\"column\" data-e-type=\"column\" data-settings=\"{&quot;background_background&quot;:&quot;classic&quot;}\">\n\t\t\t<div class=\"elementor-widget-wrap elementor-element-populated\">\n\t\t\t\t\t\t<section class=\"elementor-section elementor-inner-section elementor-element elementor-element-dcb8842 prt-column-break-ipad-no prt-col-stretched-none elementor-section-boxed elementor-section-height-default elementor-section-height-default\" data-id=\"dcb8842\" data-element_type=\"section\" data-e-type=\"section\">\n\t\t\t\t\t\t<div class=\"elementor-container elementor-column-gap-no\">\n\t\t\t\t\t<div class=\"elementor-column elementor-col-100 elementor-inner-column elementor-element elementor-element-d42b352\" data-id=\"d42b352\" data-element_type=\"column\" data-e-type=\"column\" data-settings=\"{&quot;background_background&quot;:&quot;classic&quot;}\">\n\t\t\t<div class=\"elementor-widget-wrap elementor-element-populated\">\n\t\t\t\t\t\t<div class=\"elementor-element elementor-element-d32dafc elementor-widget elementor-widget-image\" data-id=\"d32dafc\" data-element_type=\"widget\" data-e-type=\"widget\" data-widget_type=\"image.default\">\n\t\t\t\t<div class=\"elementor-widget-container\">\n\t\t\t\t\t\t\t\t\t\t\t\t\t\t\t<img fetchpriority=\"high\" decoding=\"async\" width=\"597\" height=\"892\" src=\"https:\/\/parkingleipzig.de\/wp-content\/uploads\/2025\/05\/Sicherheit.jpg\" class=\"attachment-full size-full wp-image-5903\" alt=\"\" srcset=\"https:\/\/parkingleipzig.de\/wp-content\/uploads\/2025\/05\/Sicherheit.jpg 597w, https:\/\/parkingleipzig.de\/wp-content\/uploads\/2025\/05\/Sicherheit-201x300.jpg 201w, https:\/\/parkingleipzig.de\/wp-content\/uploads\/2025\/05\/Sicherheit-268x400.jpg 268w\" sizes=\"(max-width: 597px) 100vw, 597px\" data-id=\"5903\" \/>\t\t\t\t\t\t\t\t\t\t\t\t\t\t\t<\/div>\n\t\t\t\t<\/div>\n\t\t\t\t\t<\/div>\n\t\t<\/div>\n\t\t\t\t\t<\/div>\n\t\t<\/section>\n\t\t\t\t\t<\/div>\n\t\t<\/div>\n\t\t\t\t\t<\/div>\n\t\t<\/section>\n\t\t\t\t<\/div>\n\t\t","protected":false},"excerpt":{"rendered":"<p>Zabezpe\u010den\u00e1 parkovi\u0161t\u011b Bezpe\u010dnost?Samoz\u0159ejmost. Pokud jde o bezpe\u010dnost va\u0161eho vozidla b\u011bhem va\u0161\u00ed cesty, neponech\u00e1v\u00e1me nic n\u00e1hod\u011b. Ve ParkingLeipzig.de se spol\u00e9h\u00e1me na nejmodern\u011bj\u0161\u00ed bezpe\u010dnostn\u00ed syst\u00e9m BauWatch, kter\u00fd v\u00e1m poskytne maxim\u00e1ln\u00ed bezpe\u010dnost a klid. \ud83c\udfa5 Nejmodern\u011bj\u0161\u00ed video dohled po cel\u00fd den Syst\u00e9m BauWatch je vybaven kamerami s vysok\u00fdm rozli\u0161en\u00edm, kter\u00e9 monitoruj\u00ed celou plochu na\u0161eho parku 24 hodin denn\u011b, &hellip; <a href=\"https:\/\/parkingleipzig.de\/cs\/bezpecnost-na-nejvyssi-urovni-na-parkingleipzig-de\/\" class=\"more-link\">Continue reading <span class=\"screen-reader-text\">Bezpe\u010dnost na nejvy\u0161\u0161\u00ed \u00farovni v ParkingLeipzig.de<\/span><\/a><\/p>\n","protected":false},"author":1,"featured_media":0,"parent":0,"menu_order":0,"comment_status":"closed","ping_status":"closed","template":"","meta":{"footnotes":""},"class_list":["post-6220","page","type-page","status-publish","hentry"],"_links":{"self":[{"href":"https:\/\/parkingleipzig.de\/cs\/wp-json\/wp\/v2\/pages\/6220","targetHints":{"allow":["GET"]}}],"collection":[{"href":"https:\/\/parkingleipzig.de\/cs\/wp-json\/wp\/v2\/pages"}],"about":[{"href":"https:\/\/parkingleipzig.de\/cs\/wp-json\/wp\/v2\/types\/page"}],"author":[{"embeddable":true,"href":"https:\/\/parkingleipzig.de\/cs\/wp-json\/wp\/v2\/users\/1"}],"replies":[{"embeddable":true,"href":"https:\/\/parkingleipzig.de\/cs\/wp-json\/wp\/v2\/comments?post=6220"}],"version-history":[{"count":0,"href":"https:\/\/parkingleipzig.de\/cs\/wp-json\/wp\/v2\/pages\/6220\/revisions"}],"wp:attachment":[{"href":"https:\/\/parkingleipzig.de\/cs\/wp-json\/wp\/v2\/media?parent=6220"}],"curies":[{"name":"wp","href":"https:\/\/api.w.org\/{rel}","templated":true}]}}