{"id":6212,"date":"2025-05-24T20:03:22","date_gmt":"2025-05-24T18:03:22","guid":{"rendered":"https:\/\/parkingleipzig.de\/flexibilni-rezervace-na-parkingleipzig-de-parkovani-bez-stresu-podle-vaseho-planu\/"},"modified":"2025-06-08T17:39:33","modified_gmt":"2025-06-08T15:39:33","slug":"flexibilni-rezervace-na-parkingleipzig-de-parkovani-bez-stresu-podle-vaseho-planu","status":"publish","type":"page","link":"https:\/\/parkingleipzig.de\/cs\/flexibilni-rezervace-na-parkingleipzig-de-parkovani-bez-stresu-podle-vaseho-planu\/","title":{"rendered":"Flexibiln\u00ed rezervace na ParkingLeipzig.de \u2013 parkov\u00e1n\u00ed bez stresu, podle va\u0161eho pl\u00e1nu"},"content":{"rendered":"\t\t<div data-elementor-type=\"wp-page\" data-elementor-id=\"6212\" class=\"elementor elementor-6212 elementor-5213\">\n\t\t\t\t\t\t<section class=\"elementor-section elementor-top-section elementor-element elementor-element-4d7286f elementor-section-stretched prt-column-break-ipad-no prt-col-stretched-none elementor-section-boxed elementor-section-height-default elementor-section-height-default\" data-id=\"4d7286f\" data-element_type=\"section\" data-e-type=\"section\" data-settings=\"{&quot;stretch_section&quot;:&quot;section-stretched&quot;}\">\n\t\t\t\t\t\t<div class=\"elementor-container elementor-column-gap-no\">\n\t\t\t\t\t<div class=\"elementor-column elementor-col-50 elementor-top-column elementor-element elementor-element-473f8de\" data-id=\"473f8de\" data-element_type=\"column\" data-e-type=\"column\" data-settings=\"{&quot;background_background&quot;:&quot;classic&quot;}\">\n\t\t\t<div class=\"elementor-widget-wrap elementor-element-populated\">\n\t\t\t\t\t\t<section class=\"elementor-section elementor-inner-section elementor-element elementor-element-23aed25 prt-column-break-ipad-no prt-col-stretched-none elementor-section-boxed elementor-section-height-default elementor-section-height-default\" data-id=\"23aed25\" data-element_type=\"section\" data-e-type=\"section\">\n\t\t\t\t\t\t<div class=\"elementor-container elementor-column-gap-no\">\n\t\t\t\t\t<div class=\"elementor-column elementor-col-100 elementor-inner-column elementor-element elementor-element-6fd0681\" data-id=\"6fd0681\" data-element_type=\"column\" data-e-type=\"column\">\n\t\t\t<div class=\"elementor-widget-wrap elementor-element-populated\">\n\t\t\t\t\t\t<div class=\"elementor-element elementor-element-0cc9108 prt-align-left elementor-widget elementor-widget-prt_heading\" data-id=\"0cc9108\" data-element_type=\"widget\" data-e-type=\"widget\" data-widget_type=\"prt_heading.default\">\n\t\t\t\t<div class=\"elementor-widget-container\">\n\t\t\t\t\t<div class=\"prt-element-heading-content-wrapper left-align prt-reverse-heading-yes prt-seperator-solid  prt-heading-style-vertical \"><div class=\"prt-content-header\"><h4 class=\"prt-element-subheading\">\n\t\t\t\tFlexibiln\u00ed rezervace\n\t\t\t<\/h4>\n\t\t<h2 class=\"prt-element-content-heading\">\n\t\t\t\tZm\u011bna pl\u00e1n\u016f?<br>\nZru\u0161en\u00ed do 24 hodin\n\t\t\t<\/h2>\n\t\t<\/div><\/div>\t\t\t\t<\/div>\n\t\t\t\t<\/div>\n\t\t\t\t\t<\/div>\n\t\t<\/div>\n\t\t\t\t\t<\/div>\n\t\t<\/section>\n\t\t\t\t<section class=\"elementor-section elementor-inner-section elementor-element elementor-element-6e43241 prt-column-break-ipad-no prt-col-stretched-none elementor-section-boxed elementor-section-height-default elementor-section-height-default\" data-id=\"6e43241\" data-element_type=\"section\" data-e-type=\"section\">\n\t\t\t\t\t\t<div class=\"elementor-container elementor-column-gap-no\">\n\t\t\t\t\t<div class=\"elementor-column elementor-col-100 elementor-inner-column elementor-element elementor-element-a579535\" data-id=\"a579535\" data-element_type=\"column\" data-e-type=\"column\">\n\t\t\t<div class=\"elementor-widget-wrap elementor-element-populated\">\n\t\t\t\t\t\t<div class=\"elementor-element elementor-element-158f63a elementor-widget__width-initial elementor-widget elementor-widget-text-editor\" data-id=\"158f63a\" data-element_type=\"widget\" data-e-type=\"widget\" data-widget_type=\"text-editor.default\">\n\t\t\t\t<div class=\"elementor-widget-container\">\n\t\t\t\t\t\t\t\t\t<p data-start=\"277\" data-end=\"493\">Lety se m\u011bn\u00ed. Cestovn\u00ed pl\u00e1ny se odkl\u00e1daj\u00ed. N\u011bkdy se \u017eivot prost\u011b postav\u00ed do cesty. Proto se ve <strong data-start=\"393\" data-end=\"414\">spole\u010dnosti ParkingLeipzig.de<\/strong> spol\u00e9h\u00e1me na <strong data-start=\"423\" data-end=\"491\">rezerva\u010dn\u00ed syst\u00e9m, kter\u00fd se p\u0159izp\u016fsob\u00ed va\u0161emu ka\u017edodenn\u00edmu \u017eivotu \u2013 ne naopak.<\/strong>   <\/p><p data-start=\"495\" data-end=\"660\">S na\u0161\u00ed <strong data-start=\"507\" data-end=\"528\">flexibiln\u00ed rezervac\u00ed<\/strong> m\u00e1te svobodu <strong data-start=\"553\" data-end=\"610\">m\u011bnit, m\u011bnit rezervaci nebo ru\u0161it za b\u011bhu<\/strong> \u2013 snadno a bez slo\u017eit\u00fdch podm\u00ednek.<\/p><p data-start=\"495\" data-end=\"660\"> <\/p><h3 data-start=\"662\" data-end=\"726\">\u2708\ufe0f Cestovn\u00ed pl\u00e1ny se m\u011bn\u00ed \u2013 a to pro n\u00e1s nen\u00ed probl\u00e9m<\/h3><p data-start=\"728\" data-end=\"959\">A\u0165 u\u017e pot\u0159ebujete odjet d\u0159\u00edve, vr\u00e1tit se pozd\u011bji nebo odlo\u017eit svou cestu \u2013 pomoc\u00ed n\u011bkolika kliknut\u00ed m\u016f\u017eete upravit svou rezervaci p\u0159\u00edmo prost\u0159ednictv\u00edm na\u0161eho online syst\u00e9mu.  <strong data-start=\"889\" data-end=\"957\">\u017d\u00e1dn\u00e9 \u010dekac\u00ed doby, \u017e\u00e1dn\u00fd maraton z\u00e1kaznick\u00fdch slu\u017eeb, \u017e\u00e1dn\u00e1 byrokracie.<\/strong><\/p><p data-start=\"961\" data-end=\"1012\"><strong data-start=\"961\" data-end=\"1012\">Flexibilita pro n\u00e1s znamen\u00e1, \u017ee se rozhodnete vy.<\/strong><\/p><p data-start=\"961\" data-end=\"1012\"><strong data-start=\"961\" data-end=\"1012\"> <\/strong><\/p><h3 data-start=\"1014\" data-end=\"1056\">\ud83d\udcf2 Jednodu\u0161e si znovu rezervujte online \u2013 kdykoli<\/h3><p data-start=\"1058\" data-end=\"1287\">N\u00e1\u0161 <strong data-start=\"1092\" data-end=\"1132\">rezerva\u010dn\u00ed syst\u00e9m funguje online, intuitivn\u011b a nep\u0159etr\u017eit\u011b<\/strong>. P\u0159ihl\u00e1\u0161en\u00ed, vyvol\u00e1n\u00ed rezervace, zm\u011bna \u00fadaj\u016f, ulo\u017een\u00ed \u2013 hotovo. A pokud budete pot\u0159ebovat pomoc, n\u00e1\u0161 t\u00fdm podpory v\u00e1m r\u00e1d pom\u016f\u017ee.  <\/p><p data-start=\"1058\" data-end=\"1287\"> <\/p><h3 data-start=\"1289\" data-end=\"1327\">\ud83d\udcb8 Vst\u0159\u00edcn\u00e9 storno podm\u00ednky<\/h3><p data-start=\"1329\" data-end=\"1546\">Zat\u00edm nev\u00edte, zda se let uskute\u010dn\u00ed? \u017d\u00e1dn\u00fd probl\u00e9m! Nab\u00edz\u00edme v\u00e1m <strong data-start=\"1414\" data-end=\"1464\">spravedliv\u00e9 a transparentn\u00ed storno podm\u00ednky<\/strong>, kter\u00e9 jsou zalo\u017eeny na realistick\u00fdch cestovn\u00edch okolnostech \u2013 <strong data-start=\"1521\" data-end=\"1545\">bez drobn\u00e9ho p\u00edsma<\/strong>.  <\/p><p data-start=\"1329\" data-end=\"1546\"> <\/p><h3 data-start=\"1548\" data-end=\"1616\">\ud83d\udc68\u200d\ud83d\udc69\u200d\ud83d\udc67\u200d\ud83d\udc66 Ide\u00e1ln\u00ed pro rodiny, hosty na slu\u017eebn\u00ed cest\u011b a \u010dast\u00e9 rezervace<\/h3><p data-start=\"1618\" data-end=\"1847\">Zejm\u00e9na pokud jde o rodinn\u00e9 dovolen\u00e9 nebo slu\u017eebn\u00ed <strong data-start=\"1678\" data-end=\"1720\">cesty, zm\u011bny \u010dasu jsou t\u00e9m\u011b\u0159 norm\u00e1ln\u00ed<\/strong>. S na\u0161\u00ed flexibiln\u00ed rezervac\u00ed m\u016f\u017eete z\u016fstat <strong data-start=\"1764\" data-end=\"1803\">v klidu a p\u0159ipraveni na cokoli<\/strong> \u2013 i kdy\u017e se n\u011bco v kr\u00e1tk\u00e9 dob\u011b zm\u011bn\u00ed. <\/p><p data-start=\"1618\" data-end=\"1847\"> <\/p><h3 data-start=\"1854\" data-end=\"1917\">\u2705 Va\u0161e v\u00fdhody s flexibiln\u00ed rezervac\u00ed u ParkingLeipzig.de<\/h3><ul data-start=\"1919\" data-end=\"2220\"><li data-start=\"1919\" data-end=\"1969\"><p data-start=\"1921\" data-end=\"1969\"><strong data-start=\"1921\" data-end=\"1967\">Zm\u011bna rezervace je mo\u017en\u00e1 online nep\u0159etr\u017eit\u011b<\/strong><\/p><\/li><li data-start=\"1970\" data-end=\"2011\"><p data-start=\"1972\" data-end=\"2011\"><strong data-start=\"1972\" data-end=\"2009\">Transparentn\u00ed mo\u017enosti zru\u0161en\u00ed<\/strong><\/p><\/li><li data-start=\"2012\" data-end=\"2062\"><p data-start=\"2014\" data-end=\"2062\"><strong data-start=\"2014\" data-end=\"2060\">\u017d\u00e1dn\u00e9 skryt\u00e9 poplatky ani byrokracie<\/strong><\/p><\/li><li data-start=\"2063\" data-end=\"2120\"><p data-start=\"2065\" data-end=\"2120\"><strong data-start=\"2065\" data-end=\"2118\">Ide\u00e1ln\u00ed pro nejasn\u00e9 \u010dasy let\u016f nebo spont\u00e1nn\u00ed cestov\u00e1n\u00ed<\/strong><\/p><\/li><li data-start=\"2121\" data-end=\"2177\"><p data-start=\"2123\" data-end=\"2177\"><strong data-start=\"2123\" data-end=\"2175\">T\u00fdm podpory je k dispozici, pokud pot\u0159ebujete pomoc<\/strong><\/p><\/li><li data-start=\"2178\" data-end=\"2220\"><p data-start=\"2180\" data-end=\"2220\"><strong data-start=\"2180\" data-end=\"2218\">Rychl\u00e9, snadn\u00e9, p\u0159\u00edv\u011btiv\u00e9 pro z\u00e1kazn\u00edky<\/strong><\/p><\/li><\/ul><p> <\/p><p><strong data-start=\"2227\" data-end=\"2385\">Flexibiln\u00ed rezervace s ParkingLeipzig.de znamen\u00e1 maxim\u00e1ln\u00ed svobodu a bezpe\u010dnost p\u0159i pl\u00e1nov\u00e1n\u00ed va\u0161\u00ed cesty \u2013 proto\u017ee ne v\u017edy lze v\u0161e napl\u00e1novat.<\/strong><\/p>\t\t\t\t\t\t\t\t<\/div>\n\t\t\t\t<\/div>\n\t\t\t\t\t<\/div>\n\t\t<\/div>\n\t\t\t\t\t<\/div>\n\t\t<\/section>\n\t\t\t\t\t<\/div>\n\t\t<\/div>\n\t\t\t\t<div class=\"elementor-column elementor-col-50 elementor-top-column elementor-element elementor-element-9a5b088\" data-id=\"9a5b088\" data-element_type=\"column\" data-e-type=\"column\" data-settings=\"{&quot;background_background&quot;:&quot;classic&quot;}\">\n\t\t\t<div class=\"elementor-widget-wrap elementor-element-populated\">\n\t\t\t\t\t\t<section class=\"elementor-section elementor-inner-section elementor-element elementor-element-dcb8842 prt-column-break-ipad-no prt-col-stretched-none elementor-section-boxed elementor-section-height-default elementor-section-height-default\" data-id=\"dcb8842\" data-element_type=\"section\" data-e-type=\"section\">\n\t\t\t\t\t\t<div class=\"elementor-container elementor-column-gap-no\">\n\t\t\t\t\t<div class=\"elementor-column elementor-col-100 elementor-inner-column elementor-element elementor-element-d42b352\" data-id=\"d42b352\" data-element_type=\"column\" data-e-type=\"column\" data-settings=\"{&quot;background_background&quot;:&quot;classic&quot;}\">\n\t\t\t<div class=\"elementor-widget-wrap elementor-element-populated\">\n\t\t\t\t\t\t<div class=\"elementor-element elementor-element-d32dafc elementor-widget elementor-widget-image\" data-id=\"d32dafc\" data-element_type=\"widget\" data-e-type=\"widget\" data-widget_type=\"image.default\">\n\t\t\t\t<div class=\"elementor-widget-container\">\n\t\t\t\t\t\t\t\t\t\t\t\t\t\t\t<img fetchpriority=\"high\" decoding=\"async\" width=\"1024\" height=\"1536\" src=\"https:\/\/parkingleipzig.de\/wp-content\/uploads\/2025\/05\/Calendar.jpg\" class=\"attachment-full size-full wp-image-5909\" alt=\"\" srcset=\"https:\/\/parkingleipzig.de\/wp-content\/uploads\/2025\/05\/Calendar.jpg 1024w, https:\/\/parkingleipzig.de\/wp-content\/uploads\/2025\/05\/Calendar-200x300.jpg 200w, https:\/\/parkingleipzig.de\/wp-content\/uploads\/2025\/05\/Calendar-683x1024.jpg 683w, https:\/\/parkingleipzig.de\/wp-content\/uploads\/2025\/05\/Calendar-768x1152.jpg 768w, https:\/\/parkingleipzig.de\/wp-content\/uploads\/2025\/05\/Calendar-267x400.jpg 267w\" sizes=\"(max-width: 1024px) 100vw, 1024px\" data-id=\"5909\" \/>\t\t\t\t\t\t\t\t\t\t\t\t\t\t\t<\/div>\n\t\t\t\t<\/div>\n\t\t\t\t\t<\/div>\n\t\t<\/div>\n\t\t\t\t\t<\/div>\n\t\t<\/section>\n\t\t\t\t\t<\/div>\n\t\t<\/div>\n\t\t\t\t\t<\/div>\n\t\t<\/section>\n\t\t\t\t<\/div>\n\t\t","protected":false},"excerpt":{"rendered":"<p>Flexibiln\u00ed rezervace Zm\u011bna pl\u00e1n\u016f? Zru\u0161en\u00ed do 24 hodin Lety se m\u011bn\u00ed. Cestovn\u00ed pl\u00e1ny se odkl\u00e1daj\u00ed. N\u011bkdy se \u017eivot prost\u011b postav\u00ed do cesty. Proto se ve spole\u010dnosti ParkingLeipzig.de spol\u00e9h\u00e1me na rezerva\u010dn\u00ed syst\u00e9m, kter\u00fd se p\u0159izp\u016fsob\u00ed va\u0161emu ka\u017edodenn\u00edmu \u017eivotu \u2013 ne naopak. S na\u0161\u00ed flexibiln\u00ed rezervac\u00ed m\u00e1te svobodu m\u011bnit, m\u011bnit rezervaci nebo ru\u0161it za b\u011bhu \u2013 snadno &hellip; <a href=\"https:\/\/parkingleipzig.de\/cs\/flexibilni-rezervace-na-parkingleipzig-de-parkovani-bez-stresu-podle-vaseho-planu\/\" class=\"more-link\">Continue reading <span class=\"screen-reader-text\">Flexibiln\u00ed rezervace na ParkingLeipzig.de \u2013 parkov\u00e1n\u00ed bez stresu, podle va\u0161eho pl\u00e1nu<\/span><\/a><\/p>\n","protected":false},"author":1,"featured_media":0,"parent":0,"menu_order":0,"comment_status":"closed","ping_status":"closed","template":"","meta":{"footnotes":""},"class_list":["post-6212","page","type-page","status-publish","hentry"],"_links":{"self":[{"href":"https:\/\/parkingleipzig.de\/cs\/wp-json\/wp\/v2\/pages\/6212","targetHints":{"allow":["GET"]}}],"collection":[{"href":"https:\/\/parkingleipzig.de\/cs\/wp-json\/wp\/v2\/pages"}],"about":[{"href":"https:\/\/parkingleipzig.de\/cs\/wp-json\/wp\/v2\/types\/page"}],"author":[{"embeddable":true,"href":"https:\/\/parkingleipzig.de\/cs\/wp-json\/wp\/v2\/users\/1"}],"replies":[{"embeddable":true,"href":"https:\/\/parkingleipzig.de\/cs\/wp-json\/wp\/v2\/comments?post=6212"}],"version-history":[{"count":0,"href":"https:\/\/parkingleipzig.de\/cs\/wp-json\/wp\/v2\/pages\/6212\/revisions"}],"wp:attachment":[{"href":"https:\/\/parkingleipzig.de\/cs\/wp-json\/wp\/v2\/media?parent=6212"}],"curies":[{"name":"wp","href":"https:\/\/api.w.org\/{rel}","templated":true}]}}